{"id":602,"date":"2017-11-04T04:12:25","date_gmt":"2017-11-04T02:12:25","guid":{"rendered":"https:\/\/elessi.nasatheme.com\/?post_type=product&#038;p=602"},"modified":"2024-10-11T21:24:11","modified_gmt":"2024-10-11T19:24:11","slug":"%d9%81%d9%88%d8%b3%d9%81%d9%88-%d8%a7%d8%b3%d8%a8%d8%a7%d9%86%d9%8a%d8%a7","status":"publish","type":"product","link":"https:\/\/safetycide.com\/fr\/product\/%d9%81%d9%88%d8%b3%d9%81%d9%88-%d8%a7%d8%b3%d8%a8%d8%a7%d9%86%d9%8a%d8%a7\/","title":{"rendered":"Phospho Espagne"},"content":{"rendered":null,"protected":false},"excerpt":{"rendered":"<p style=\"text-align: right;\"><strong>Installation:<\/strong><\/p>\n<p style=\"text-align: right;\"><strong>Azote\u00a0: 17\u00a0%<\/strong><\/p>\n<p style=\"text-align: right;\"><strong>Phosphore : 44%<\/strong><\/p>\n<p style=\"text-align: right;\"><strong>Caract\u00e9ristiques compos\u00e9es\u00a0:\u00a0<\/strong><\/p>\n<p style=\"text-align: right;\"><strong>Tamponnez du phosphore. C'est un engrais adapt\u00e9 \u00e0 tous les syst\u00e8mes d'irrigation et peut \u00eatre utilis\u00e9 en pulv\u00e9risation sur les feuilles. Il contient de l'azote, important pour la formation du protoplasme, qui constitue toutes les cellules vivantes. Il participe \u00e9galement \u00e0 la synth\u00e8se des acides amin\u00e9s. , les prot\u00e9ines et la chlorophylle. Il contient une teneur \u00e9lev\u00e9e en phosphore sous forme de diaminophosphate avec du phosphoate d'ur\u00e9e, qui se dissout rapidement et est absorb\u00e9. Le phosphore est \u00e9galement responsable de la transformation des glucides, comme l'amidon en sucre, et participe \u00e0 la formation de substances porteuses d'\u00e9nergie. Il agit \u00e9galement pour stimuler les racines. Le phosphore est \u00e9galement important pour la formation des fleurs et l'augmentation de la formation des fleurs. Fruits et aide \u00e0 la coloration et \u00e0 la maturation des fruits.<\/strong><\/p>\n<p style=\"text-align: right;\"><strong>\u00a0Tarifs d'utilisation <\/strong><\/p>\n<p style=\"text-align: right;\"><strong>\u2013 Utilisation au sol : de 2 \u00e0 5 litres par artiste, selon la culture et l\u2019\u00e2ge de la plante <\/strong><\/p>\n<p style=\"text-align: right;\"><strong>\u00a0\u2013 Utilisation foliaire : 2-3 cm\/L pendant la phase de croissance v\u00e9g\u00e9tative et avant la floraison<\/strong><\/p>\n<p style=\"text-align: right;\">","protected":false},"featured_media":1720,"comment_status":"open","ping_status":"closed","template":"","meta":[],"product_cat":[183],"product_tag":[107,111,166],"_links":{"self":[{"href":"https:\/\/safetycide.com\/fr\/wp-json\/wp\/v2\/product\/602"}],"collection":[{"href":"https:\/\/safetycide.com\/fr\/wp-json\/wp\/v2\/product"}],"about":[{"href":"https:\/\/safetycide.com\/fr\/wp-json\/wp\/v2\/types\/product"}],"replies":[{"embeddable":true,"href":"https:\/\/safetycide.com\/fr\/wp-json\/wp\/v2\/comments?post=602"}],"version-history":[{"count":3,"href":"https:\/\/safetycide.com\/fr\/wp-json\/wp\/v2\/product\/602\/revisions"}],"predecessor-version":[{"id":5008,"href":"https:\/\/safetycide.com\/fr\/wp-json\/wp\/v2\/product\/602\/revisions\/5008"}],"wp:featuredmedia":[{"embeddable":true,"href":"https:\/\/safetycide.com\/fr\/wp-json\/wp\/v2\/media\/1720"}],"wp:attachment":[{"href":"https:\/\/safetycide.com\/fr\/wp-json\/wp\/v2\/media?parent=602"}],"wp:term":[{"taxonomy":"product_cat","embeddable":true,"href":"https:\/\/safetycide.com\/fr\/wp-json\/wp\/v2\/product_cat?post=602"},{"taxonomy":"product_tag","embeddable":true,"href":"https:\/\/safetycide.com\/fr\/wp-json\/wp\/v2\/product_tag?post=602"}],"curies":[{"name":"wp","href":"https:\/\/api.w.org\/{rel}","templated":true}]}}