{"id":562,"date":"2017-11-04T04:05:55","date_gmt":"2017-11-04T02:05:55","guid":{"rendered":"https:\/\/elessi.nasatheme.com\/?post_type=product&#038;p=562"},"modified":"2024-11-26T16:01:44","modified_gmt":"2024-11-26T14:01:44","slug":"%d9%87%d8%a7%d9%8a%d8%a8%d8%b1-%d8%af%d9%88%d9%88%d8%aa","status":"publish","type":"product","link":"https:\/\/safetycide.com\/fr\/product\/%d9%87%d8%a7%d9%8a%d8%a8%d8%b1-%d8%af%d9%88%d9%88%d8%aa\/","title":{"rendered":"Hyper Root"},"content":{"rendered":null,"protected":false},"excerpt":{"rendered":"<div class=\"elementor-element elementor-element-e31caab elementor-widget elementor-widget-heading\" data-id=\"e31caab\" data-element_type=\"widget\" data-widget_type=\"heading.default\">\n<h3 class=\"elementor-widget-container\"><\/h3>\n<\/div>\n<div class=\"elementor-element elementor-element-4574844 elementor-widget elementor-widget-text-editor\" data-id=\"4574844\" data-element_type=\"widget\" data-widget_type=\"text-editor.default\">\n<div class=\"elementor-widget-container\">\n<h3 style=\"text-align: right;\"><strong>Installation:<\/strong><br \/>\n<strong>Azote total<\/strong><br \/>\n<strong>Azote d'ammonium<\/strong><br \/>\n<strong>Azote nitr\u00e9<\/strong><br \/>\n<strong>Phosphore<\/strong><br \/>\n<strong>Avantages du v\u00e9hicule Hyperroute :<\/strong><br \/>\n<strong>Une nouvelle combinaison d'un groupe de vitamines, d'acides organiques, amin\u00e9s et carboxyliques, ainsi qu'une concentration \u00e9lev\u00e9e de phosphore, qui facilite l'absorption et a une petite taille mol\u00e9culaire. Par cons\u00e9quent, une absorption compl\u00e8te de l'\u00e9l\u00e9ment phosphore se produit et la concentration de phosphore au sein de la plante augmente, augmentant ainsi le total de carottes, et les r\u00e9sultats apparaissent rapidement apr\u00e8s utilisation.\u00a0<\/strong><br \/>\n<strong>Hyperroot se caract\u00e9rise par le fait qu'elle contient du phosphore libre qui est facilement et rapidement absorb\u00e9, et les acides organiques, amin\u00e9s et carboxyliques agissent comme une substance ch\u00e9latrice, de sorte qu'elle peut \u00eatre utilis\u00e9e pendant les \u00e9tapes de floraison et de nouaison.\u00a0<\/strong><br \/>\n<strong>Dosage et taux d'utilisation<\/strong><br \/>\n<strong>\u00a0 En cas d'activation racinaire : 2 litres\/acre et r\u00e9p\u00e9t\u00e9\u00a0<\/strong><br \/>\n<strong>\u00a0En cas de floraison : 5 litres\/acre et r\u00e9p\u00e9t\u00e9<\/strong><br \/>\n<strong>\u00a0Pulv\u00e9risation foliaire : 202 cm\/litre d'eau<\/strong><\/h3>\n<\/div>\n<\/div>","protected":false},"featured_media":5104,"comment_status":"open","ping_status":"closed","template":"","meta":[],"product_cat":[183],"product_tag":[107,111,166],"_links":{"self":[{"href":"https:\/\/safetycide.com\/fr\/wp-json\/wp\/v2\/product\/562"}],"collection":[{"href":"https:\/\/safetycide.com\/fr\/wp-json\/wp\/v2\/product"}],"about":[{"href":"https:\/\/safetycide.com\/fr\/wp-json\/wp\/v2\/types\/product"}],"replies":[{"embeddable":true,"href":"https:\/\/safetycide.com\/fr\/wp-json\/wp\/v2\/comments?post=562"}],"version-history":[{"count":2,"href":"https:\/\/safetycide.com\/fr\/wp-json\/wp\/v2\/product\/562\/revisions"}],"predecessor-version":[{"id":5078,"href":"https:\/\/safetycide.com\/fr\/wp-json\/wp\/v2\/product\/562\/revisions\/5078"}],"wp:featuredmedia":[{"embeddable":true,"href":"https:\/\/safetycide.com\/fr\/wp-json\/wp\/v2\/media\/5104"}],"wp:attachment":[{"href":"https:\/\/safetycide.com\/fr\/wp-json\/wp\/v2\/media?parent=562"}],"wp:term":[{"taxonomy":"product_cat","embeddable":true,"href":"https:\/\/safetycide.com\/fr\/wp-json\/wp\/v2\/product_cat?post=562"},{"taxonomy":"product_tag","embeddable":true,"href":"https:\/\/safetycide.com\/fr\/wp-json\/wp\/v2\/product_tag?post=562"}],"curies":[{"name":"wp","href":"https:\/\/api.w.org\/{rel}","templated":true}]}}