{"id":561,"date":"2017-11-04T04:05:55","date_gmt":"2017-11-04T02:05:55","guid":{"rendered":"https:\/\/elessi.nasatheme.com\/?post_type=product&#038;p=561"},"modified":"2024-05-11T14:12:10","modified_gmt":"2024-05-11T12:12:10","slug":"%d8%ac%d9%88%d9%83%d8%b1-%d8%b3%d9%8a%d9%81%d8%aa%d9%8a","status":"publish","type":"product","link":"https:\/\/safetycide.com\/fr\/product\/%d8%ac%d9%88%d9%83%d8%b1-%d8%b3%d9%8a%d9%81%d8%aa%d9%8a\/","title":{"rendered":"Joker safety"},"content":{"rendered":"<div class=\"elementor-element elementor-element-aeebc7e elementor-widget elementor-widget-heading\" data-id=\"aeebc7e\" data-element_type=\"widget\" data-widget_type=\"heading.default\">\n<div class=\"elementor-widget-container\">\n<h3 class=\"elementor-heading-title elementor-size-default\" style=\"text-align: right;\"><\/h3>\n<\/div>\n<\/div>\n<div class=\"elementor-element elementor-element-31d4a99 elementor-widget elementor-widget-text-editor\" data-id=\"31d4a99\" data-element_type=\"widget\" data-widget_type=\"text-editor.default\">\n<div class=\"elementor-widget-container\">\n<p style=\"text-align: right;\">\n<\/div>\n<\/div>","protected":false},"excerpt":{"rendered":"<p style=\"text-align: right;\"><strong>Installation:\u00a0<\/strong><\/p>\n<p style=\"text-align: right;\"><strong>\u00a0\u00a0Azote\u00a0\u00a0: % 5<\/strong><\/p>\n<p style=\"text-align: right;\"><strong>\u00a0Potassium : 18%<\/strong><\/p>\n<p style=\"text-align: right;\"><strong>\u00a0Caract\u00e9ristiques compos\u00e9es\u00a0:<\/strong><\/p>\n<p style=\"text-align: right;\"><strong>Ce qui conf\u00e8re au compos\u00e9 les avantages suivants<\/strong><strong> K\u00a0 <\/strong><strong>Ce qui conf\u00e8re au compos\u00e9 les avantages suivants<\/strong><\/p>\n<p style=\"text-align: right;\"><strong>Facilit\u00e9 d'absorption de l'\u00e9l\u00e9ment, car la plante d\u00e9pend de l'absorption de l'\u00e9l\u00e9ment par \u00e9change de cations, ce qui signifie que la plante profite pleinement de toute la quantit\u00e9 de potassium pr\u00e9sente dans le Joker Safety, en peu de temps.<\/strong><\/p>\n<p style=\"text-align: right;\"><strong>Absorption de l'\u00e9l\u00e9ment et son entr\u00e9e dans la plante sous forme de cation<\/strong><strong> K\u00a0 <\/strong><strong>Libre signifie que l'\u00e9l\u00e9ment remplit sa fonction \u00e0 l'int\u00e9rieur de la plante, qui est le processus de transport des nutriments \u00e0 l'int\u00e9rieur des fruits. C'est ce qui distingue l'engrais Joker Safety et lui permet de donner des r\u00e9sultats rapides imm\u00e9diatement apr\u00e8s la fertilisation, et la rapidit\u00e9 de stockage dans les fruits en tant que Le r\u00e9sultat de la fertilisation avec Joker Safety donne des r\u00e9sultats rapides et visibles dans le calibrage des fruits.<\/strong><\/p>\n<p style=\"text-align: right;\"><strong>Il apporte \u00e0 la plante tous ses besoins en potassium depuis le jour de la plantation jusqu'\u00e0 la r\u00e9colte, sans qu'il soit n\u00e9cessaire d'ajouter une autre source de potassium.<\/strong><\/p>\n<p style=\"text-align: right;\"><strong>:\u0645\u0639\u062f\u0627\u0644\u0627\u062a<\/strong><strong> l'utilisation<\/strong><\/p>\n<p style=\"text-align: right;\"><strong>\u00a0Un demi-litre \u00e0 3 litres par acre, selon l'\u00e2ge de la plante<\/strong><\/p>","protected":false},"featured_media":5088,"comment_status":"open","ping_status":"closed","template":"","meta":[],"product_cat":[183],"product_tag":[93,111,166],"_links":{"self":[{"href":"https:\/\/safetycide.com\/fr\/wp-json\/wp\/v2\/product\/561"}],"collection":[{"href":"https:\/\/safetycide.com\/fr\/wp-json\/wp\/v2\/product"}],"about":[{"href":"https:\/\/safetycide.com\/fr\/wp-json\/wp\/v2\/types\/product"}],"replies":[{"embeddable":true,"href":"https:\/\/safetycide.com\/fr\/wp-json\/wp\/v2\/comments?post=561"}],"version-history":[{"count":4,"href":"https:\/\/safetycide.com\/fr\/wp-json\/wp\/v2\/product\/561\/revisions"}],"predecessor-version":[{"id":5002,"href":"https:\/\/safetycide.com\/fr\/wp-json\/wp\/v2\/product\/561\/revisions\/5002"}],"wp:featuredmedia":[{"embeddable":true,"href":"https:\/\/safetycide.com\/fr\/wp-json\/wp\/v2\/media\/5088"}],"wp:attachment":[{"href":"https:\/\/safetycide.com\/fr\/wp-json\/wp\/v2\/media?parent=561"}],"wp:term":[{"taxonomy":"product_cat","embeddable":true,"href":"https:\/\/safetycide.com\/fr\/wp-json\/wp\/v2\/product_cat?post=561"},{"taxonomy":"product_tag","embeddable":true,"href":"https:\/\/safetycide.com\/fr\/wp-json\/wp\/v2\/product_tag?post=561"}],"curies":[{"name":"wp","href":"https:\/\/api.w.org\/{rel}","templated":true}]}}