{"id":490,"date":"2018-01-03T03:52:20","date_gmt":"2018-01-03T01:52:20","guid":{"rendered":"https:\/\/elessi.nasatheme.com\/?post_type=product&#038;p=490"},"modified":"2024-03-10T14:00:19","modified_gmt":"2024-03-10T12:00:19","slug":"%d9%81%d9%88%d8%b3-%d8%a8%d9%88%d8%aa%d8%a7%d8%b3%d9%8a%d9%88%d9%85","status":"publish","type":"product","link":"https:\/\/safetycide.com\/fr\/product\/%d9%81%d9%88%d8%b3-%d8%a8%d9%88%d8%aa%d8%a7%d8%b3%d9%8a%d9%88%d9%85\/","title":{"rendered":"Phospotassium"},"content":{"rendered":null,"protected":false},"excerpt":{"rendered":"<div class=\"elementor-element elementor-element-38232ec elementor-widget elementor-widget-heading\" data-id=\"38232ec\" data-element_type=\"widget\" data-widget_type=\"heading.default\">\n<h3 class=\"elementor-widget-container\"><\/h3>\n<\/div>\n<div class=\"elementor-element elementor-element-b64e7d2 elementor-widget elementor-widget-text-editor\" data-id=\"b64e7d2\" data-element_type=\"widget\" data-widget_type=\"text-editor.default\">\n<div class=\"elementor-widget-container\">\n<h3 style=\"text-align: right;\"><strong>Installation:<\/strong><br \/>\n<strong>\u00a0Phosphore : 9%<\/strong><br \/>\n<strong>Potassium : 47%<\/strong><br \/>\n<strong>Avantages compos\u00e9s<\/strong><br \/>\n<strong>L'engrais phosphopotassique se caract\u00e9rise donc par son absorption rapide, car les \u00e9l\u00e9ments sont charg\u00e9s d'acides amin\u00e9s, d'acides carboxyliques et de monosaccharides.\u00a0<\/strong><br \/>\n<strong>Le compos\u00e9 se caract\u00e9rise par la pr\u00e9sence de phosphore sous deux formes\u00a0: le phosphate comme aliment et le phosphate comme pr\u00e9vention et traitement de\u00a0<\/strong><br \/>\n<strong>Maladies fongiques telles que\u00a0: maladies du mildiou et de l'o\u00efdium chez les oignons, les concombres, les cantaloups et les raisins<\/strong><br \/>\n<strong>\u00a0Maladies fongiques phytonc\u00e8res, telles que\u00a0: mildiou des pommes de terre et des tomates\u00a0<\/strong><br \/>\n<strong>Maladies fongiques Pythium et Fusarium sur : plants de l\u00e9gumes et de fruits (pourriture des racines)<\/strong><br \/>\n<strong>Il contient \u00e9galement du potassium, ainsi que du zinc et du magn\u00e9sium. Par cons\u00e9quent, le compos\u00e9 de phosphate de potassium joue un r\u00f4le majeur dans les plantes, en particulier dans l'augmentation de l'immunit\u00e9 de la plante. L'engrais au phosphore potassique agit \u00e9galement pour augmenter l'efficacit\u00e9 du processus de floraison, de nouaison et croissance du stade fruit dans diff\u00e9rentes cultures, ce qui augmente la taille de la r\u00e9colte et la qualit\u00e9 en termes de couleur.<\/strong><br \/>\n<strong>Posologie et fr\u00e9quence d'utilisation :<\/strong><br \/>\n<strong>Application et dur\u00e9e d'utilisation, taux d'utilisation et rendement<\/strong><br \/>\n<strong>Pulv\u00e9risation foliaire tous les 7 jours pendant la p\u00e9riode de croissance des cultures (v\u00e9g\u00e9tative, florale, fructueuse) 1-3 cm\/litre d'eau pour les l\u00e9gumes<\/strong><br \/>\n<strong>(tomates - pommes de terre - oignons - concombres - cantaloup)<\/strong><br \/>\n<strong>Fertilisation avec de l'eau. Irrigation 3 jours apr\u00e8s le repiquage. R\u00e9p\u00e9ter 2 fois par semaine. 1-1\/2 litre\/acre. L\u00e9gumes (apr\u00e8s le repiquage)<\/strong><br \/>\n<strong>Pulv\u00e9risation foliaire tous les 7 jours pendant la p\u00e9riode de croissance v\u00e9g\u00e9tative, de floraison et de fructification. 2-4 cm\/litre d'eau pour les plantes fruiti\u00e8res et ornementales.<\/strong><br \/>\n<strong>L'ajout se fait avec de l'eau de t\u00eate tous les 10 jours pendant la saison de croissance, \u00e0 raison de 5 cm pour 8 litres pour les plants fruitiers et les plantes ornementales (semis).<\/strong><\/h3>\n<\/div>\n<\/div>","protected":false},"featured_media":1814,"comment_status":"open","ping_status":"closed","template":"","meta":[],"product_cat":[183],"product_tag":[107,111,166],"_links":{"self":[{"href":"https:\/\/safetycide.com\/fr\/wp-json\/wp\/v2\/product\/490"}],"collection":[{"href":"https:\/\/safetycide.com\/fr\/wp-json\/wp\/v2\/product"}],"about":[{"href":"https:\/\/safetycide.com\/fr\/wp-json\/wp\/v2\/types\/product"}],"replies":[{"embeddable":true,"href":"https:\/\/safetycide.com\/fr\/wp-json\/wp\/v2\/comments?post=490"}],"version-history":[{"count":4,"href":"https:\/\/safetycide.com\/fr\/wp-json\/wp\/v2\/product\/490\/revisions"}],"predecessor-version":[{"id":5069,"href":"https:\/\/safetycide.com\/fr\/wp-json\/wp\/v2\/product\/490\/revisions\/5069"}],"wp:featuredmedia":[{"embeddable":true,"href":"https:\/\/safetycide.com\/fr\/wp-json\/wp\/v2\/media\/1814"}],"wp:attachment":[{"href":"https:\/\/safetycide.com\/fr\/wp-json\/wp\/v2\/media?parent=490"}],"wp:term":[{"taxonomy":"product_cat","embeddable":true,"href":"https:\/\/safetycide.com\/fr\/wp-json\/wp\/v2\/product_cat?post=490"},{"taxonomy":"product_tag","embeddable":true,"href":"https:\/\/safetycide.com\/fr\/wp-json\/wp\/v2\/product_tag?post=490"}],"curies":[{"name":"wp","href":"https:\/\/api.w.org\/{rel}","templated":true}]}}