{"id":453,"date":"2018-01-03T03:37:41","date_gmt":"2018-01-03T01:37:41","guid":{"rendered":"https:\/\/elessi.nasatheme.com\/?post_type=product&#038;p=453"},"modified":"2024-03-10T14:42:24","modified_gmt":"2024-03-10T12:42:24","slug":"%d9%84%d8%a7%db%8c%d9%86-%d8%a8%d9%88%d8%aa%d8%a7%d8%b3","status":"publish","type":"product","link":"https:\/\/safetycide.com\/fr\/product\/%d9%84%d8%a7%db%8c%d9%86-%d8%a8%d9%88%d8%aa%d8%a7%d8%b3\/","title":{"rendered":"Line Potas"},"content":{"rendered":"<div class=\"elementor-element elementor-element-74244c6 elementor-widget elementor-widget-heading\" data-id=\"74244c6\" data-element_type=\"widget\" data-widget_type=\"heading.default\">\n<h3 class=\"elementor-widget-container\"><\/h3>\n<\/div>\n<div class=\"elementor-element elementor-element-cad35b7 elementor-widget elementor-widget-text-editor\" data-id=\"cad35b7\" data-element_type=\"widget\" data-widget_type=\"text-editor.default\">\n<div class=\"elementor-widget-container\">\n<h3 style=\"text-align: right;\"><strong>Installation:<\/strong><br \/>\n<strong>Azote:10%<\/strong><\/h3>\n<h3 style=\"text-align: right;\"><strong>potassium:20%\u00a0<\/strong><br \/>\n<strong>Avantages du compos\u00e9 : L'engrais Line Potash se caract\u00e9rise par le fait qu'il contient de l'azote et du potassium sous forme pure et facile \u00e0 absorber. Il est \u00e9galement charg\u00e9 d'un pourcentage \u00e9lev\u00e9 d'acides amin\u00e9s et d'acides carboxyliques qui dilatent et facilitent l'absorption des \u00e9l\u00e9ments majeurs et mineurs. \u00e0 travers les feuilles. Line Potash se caract\u00e9rise par la pr\u00e9sence d'un pourcentage \u00e9lev\u00e9 de potassium, ce qui facilite l'absorption. Line Potash contient des acides amin\u00e9s qui aident la plante \u00e0 former une concentration \u00e9lev\u00e9e d'hormones et d'enzymes et \u00e0 r\u00e9duire l'effet du stress sur la plante.<\/strong><br \/>\n<strong>L'importance du potassium pour les plantes<\/strong><br \/>\n<strong>\u00a0Il joue un r\u00f4le important dans la m\u00e9canique d\u2019ouverture et de fermeture des stomates et contr\u00f4le ainsi l\u2019\u00e9quilibre hydrique au sein de la plante.<\/strong><br \/>\n<strong>\u00a0Il joue un r\u00f4le essentiel dans l'activation d'enzymes importantes dans la formation des prot\u00e9ines.<\/strong><br \/>\n<strong>\u00a0Il joue un r\u00f4le dans la formation des glucides au stade de la formation du fruit.<\/strong><br \/>\n<strong>\u00a0Il joue un r\u00f4le important dans la dominance apicale de la plante<\/strong><br \/>\n<strong>Cela aidera \u00e0 absorber l\u2019eau et les nutriments et \u00e0 les transf\u00e9rer aux feuilles<\/strong><br \/>\n<strong>Transporte les sels min\u00e9raux et les glucides vers l\u2019eau<\/strong><br \/>\n<strong>Tarifs d'utilisation<\/strong><br \/>\n<strong>P\u00e9riodes d'utilisation\u00a0: Irrigation goutte \u00e0 goutte, pulv\u00e9risation foliaire pour 100 litres d'eau de culture<\/strong><br \/>\n<strong>3 \u00e0 5 fois 1 litre\/acre de l\u00e9gumes de 50 \u00e0 150 cm<\/strong><br \/>\n<strong>4 \u00e0 6 fois 1 \u00e0 2 litres\/acre 50 \u00e0 200 cm de fruit<\/strong><\/h3>\n<\/div>\n<\/div>","protected":false},"excerpt":{"rendered":"<div class=\"elementor-element elementor-element-74244c6 elementor-widget elementor-widget-heading\" data-id=\"74244c6\" data-element_type=\"widget\" data-widget_type=\"heading.default\">\n<h3 class=\"elementor-widget-container\"><\/h3>\n<\/div>\n<div class=\"elementor-element elementor-element-cad35b7 elementor-widget elementor-widget-text-editor\" data-id=\"cad35b7\" data-element_type=\"widget\" data-widget_type=\"text-editor.default\">\n<div class=\"elementor-widget-container\">\n<h3 style=\"text-align: right;\"><strong>Installation:<\/strong><br \/>\n<strong>Azote:10%<\/strong><\/h3>\n<h3 style=\"text-align: right;\"><strong>potassium:20%\u00a0<\/strong><br \/>\n<strong>Avantages du compos\u00e9 : L'engrais Line Potash se caract\u00e9rise par le fait qu'il contient de l'azote et du potassium sous forme pure et facile \u00e0 absorber. Il est \u00e9galement charg\u00e9 d'un pourcentage \u00e9lev\u00e9 d'acides amin\u00e9s et d'acides carboxyliques qui dilatent et facilitent l'absorption des \u00e9l\u00e9ments majeurs et mineurs. \u00e0 travers les feuilles. Line Potash se caract\u00e9rise par la pr\u00e9sence d'un pourcentage \u00e9lev\u00e9 de potassium, ce qui facilite l'absorption. Line Potash contient des acides amin\u00e9s qui aident la plante \u00e0 former une concentration \u00e9lev\u00e9e d'hormones et d'enzymes et \u00e0 r\u00e9duire l'effet du stress sur la plante.<\/strong><br \/>\n<strong>L'importance du potassium pour les plantes<\/strong><br \/>\n<strong>\u00a0Il joue un r\u00f4le important dans la m\u00e9canique d\u2019ouverture et de fermeture des stomates et contr\u00f4le ainsi l\u2019\u00e9quilibre hydrique au sein de la plante.<\/strong><br \/>\n<strong>\u00a0Il joue un r\u00f4le essentiel dans l'activation d'enzymes importantes dans la formation des prot\u00e9ines.<\/strong><br \/>\n<strong>\u00a0Il joue un r\u00f4le dans la formation des glucides au stade de la formation du fruit.<\/strong><br \/>\n<strong>\u00a0Il joue un r\u00f4le important dans la dominance apicale de la plante<\/strong><br \/>\n<strong>Cela aidera \u00e0 absorber l\u2019eau et les nutriments et \u00e0 les transf\u00e9rer aux feuilles<\/strong><br \/>\n<strong>Transporte les sels min\u00e9raux et les glucides vers l\u2019eau<\/strong><br \/>\n<strong>Tarifs d'utilisation<\/strong><br \/>\n<strong>P\u00e9riodes d'utilisation\u00a0: Irrigation goutte \u00e0 goutte, pulv\u00e9risation foliaire pour 100 litres d'eau de culture<\/strong><br \/>\n<strong>3 \u00e0 5 fois 1 litre\/acre de l\u00e9gumes de 50 \u00e0 150 cm<\/strong><br \/>\n<strong>4 \u00e0 6 fois 1 \u00e0 2 litres\/acre 50 \u00e0 200 cm de fruit<\/strong><\/h3>\n<\/div>\n<\/div>","protected":false},"featured_media":1782,"comment_status":"open","ping_status":"closed","template":"","meta":[],"product_cat":[183],"product_tag":[107,111,166],"_links":{"self":[{"href":"https:\/\/safetycide.com\/fr\/wp-json\/wp\/v2\/product\/453"}],"collection":[{"href":"https:\/\/safetycide.com\/fr\/wp-json\/wp\/v2\/product"}],"about":[{"href":"https:\/\/safetycide.com\/fr\/wp-json\/wp\/v2\/types\/product"}],"replies":[{"embeddable":true,"href":"https:\/\/safetycide.com\/fr\/wp-json\/wp\/v2\/comments?post=453"}],"version-history":[{"count":2,"href":"https:\/\/safetycide.com\/fr\/wp-json\/wp\/v2\/product\/453\/revisions"}],"predecessor-version":[{"id":5076,"href":"https:\/\/safetycide.com\/fr\/wp-json\/wp\/v2\/product\/453\/revisions\/5076"}],"wp:featuredmedia":[{"embeddable":true,"href":"https:\/\/safetycide.com\/fr\/wp-json\/wp\/v2\/media\/1782"}],"wp:attachment":[{"href":"https:\/\/safetycide.com\/fr\/wp-json\/wp\/v2\/media?parent=453"}],"wp:term":[{"taxonomy":"product_cat","embeddable":true,"href":"https:\/\/safetycide.com\/fr\/wp-json\/wp\/v2\/product_cat?post=453"},{"taxonomy":"product_tag","embeddable":true,"href":"https:\/\/safetycide.com\/fr\/wp-json\/wp\/v2\/product_tag?post=453"}],"curies":[{"name":"wp","href":"https:\/\/api.w.org\/{rel}","templated":true}]}}