{"id":3964,"date":"2023-09-05T17:08:05","date_gmt":"2023-09-05T15:08:05","guid":{"rendered":"https:\/\/safetycide.com\/?post_type=product&#038;p=3964"},"modified":"2024-11-09T09:20:29","modified_gmt":"2024-11-09T07:20:29","slug":"%d9%86%d8%aa%d8%b1%d8%a7%d8%aa-%d9%83%d8%a7%d9%84%d8%b3%d9%8a%d9%88%d9%85","status":"publish","type":"product","link":"https:\/\/safetycide.com\/fr\/product\/%d9%86%d8%aa%d8%b1%d8%a7%d8%aa-%d9%83%d8%a7%d9%84%d8%b3%d9%8a%d9%88%d9%85\/","title":{"rendered":"Nitrate de calcium"},"content":{"rendered":null,"protected":false},"excerpt":{"rendered":"<p style=\"text-align: right;\"><strong>\u00a0Composition chimique<\/strong><\/p>\n<p style=\"text-align: right;\">Azote:12%<\/p>\n<p style=\"text-align: right;\">Calcium : 20%<\/p>\n<p style=\"text-align: right;\"><strong>Fonctionnalit\u00e9s compos\u00e9es<\/strong><\/p>\n<p style=\"text-align: right;\">Nitrate de calcium : Engrais liquide qui contient du calcium sous forme de nitrate de calcium, c'est donc un engrais facile \u00e0 absorber pour les plantes et traite les carences en calcium.<\/p>\n<p style=\"text-align: right;\">\u00a0L'engrais liquide au nitrate de calcium est utilis\u00e9 par des m\u00e9thodes d'irrigation modernes, ainsi que pulv\u00e9ris\u00e9 sur les feuilles*<\/p>\n<p style=\"text-align: right;\"><strong>L'importance du calcium pour les plantes<\/strong><\/p>\n<p style=\"text-align: right;\">\u00a0 Le calcium joue un r\u00f4le majeur dans le processus d'assimilation des enzymes et de neutralisation de l'acidit\u00e9 de la solution alcaline<\/p>\n<p style=\"text-align: right;\">\u00a0 \u00a0 Le calcium joue un r\u00f4le majeur dans la r\u00e9sistance \u00e0 certaines maladies qui affectent les feuilles des plantes en nourrissant les parois cellulaires<\/p>\n<p style=\"text-align: right;\">\u00a0Le calcium conf\u00e8re de bonnes caract\u00e9ristiques aux fruits en termes de forme, de conservation et de commercialisation<\/p>\n<p style=\"text-align: right;\"><strong>Tarifs d'utilisation<\/strong><\/p>\n<p style=\"text-align: right;\">Utilisation au sol : \u00e0 partir de 10\u00a0:2 litres\/acre, selon l'\u00e2ge et le type de culture<\/p>\n<p style=\"text-align: right;\">Utilisation foliaire : 2-3 cm\/litre d'eau pendant les phases de croissance v\u00e9g\u00e9tative, de floraison et de fructification<\/p>","protected":false},"featured_media":1669,"comment_status":"open","ping_status":"closed","template":"","meta":[],"product_cat":[183],"product_tag":[],"_links":{"self":[{"href":"https:\/\/safetycide.com\/fr\/wp-json\/wp\/v2\/product\/3964"}],"collection":[{"href":"https:\/\/safetycide.com\/fr\/wp-json\/wp\/v2\/product"}],"about":[{"href":"https:\/\/safetycide.com\/fr\/wp-json\/wp\/v2\/types\/product"}],"replies":[{"embeddable":true,"href":"https:\/\/safetycide.com\/fr\/wp-json\/wp\/v2\/comments?post=3964"}],"version-history":[{"count":3,"href":"https:\/\/safetycide.com\/fr\/wp-json\/wp\/v2\/product\/3964\/revisions"}],"predecessor-version":[{"id":5037,"href":"https:\/\/safetycide.com\/fr\/wp-json\/wp\/v2\/product\/3964\/revisions\/5037"}],"wp:featuredmedia":[{"embeddable":true,"href":"https:\/\/safetycide.com\/fr\/wp-json\/wp\/v2\/media\/1669"}],"wp:attachment":[{"href":"https:\/\/safetycide.com\/fr\/wp-json\/wp\/v2\/media?parent=3964"}],"wp:term":[{"taxonomy":"product_cat","embeddable":true,"href":"https:\/\/safetycide.com\/fr\/wp-json\/wp\/v2\/product_cat?post=3964"},{"taxonomy":"product_tag","embeddable":true,"href":"https:\/\/safetycide.com\/fr\/wp-json\/wp\/v2\/product_tag?post=3964"}],"curies":[{"name":"wp","href":"https:\/\/api.w.org\/{rel}","templated":true}]}}