{"id":3962,"date":"2023-09-05T17:45:16","date_gmt":"2023-09-05T15:45:16","guid":{"rendered":"https:\/\/safetycide.com\/?post_type=product&#038;p=3962"},"modified":"2024-11-26T15:52:24","modified_gmt":"2024-11-26T13:52:24","slug":"%d8%a8%d9%88%d8%aa%d8%a7%d8%b3-%d8%a8%d9%84%d8%a7%d9%86%d8%b3%d9%8a%d8%af-%d8%b3%d9%8a%d9%81%d8%aa%d9%8a","status":"publish","type":"product","link":"https:\/\/safetycide.com\/fr\/product\/%d8%a8%d9%88%d8%aa%d8%a7%d8%b3-%d8%a8%d9%84%d8%a7%d9%86%d8%b3%d9%8a%d8%af-%d8%b3%d9%8a%d9%81%d8%aa%d9%8a\/","title":{"rendered":"Potasse de s\u00e9curit\u00e9 pr\u00e9vue"},"content":{"rendered":"<p style=\"text-align: right;\"><strong>\u00a0Avantages compos\u00e9s<\/strong><\/p>\n<p style=\"text-align: right;\"><strong>\u00a0Fabriqu\u00e9 \u00e0 partir de mati\u00e8res premi\u00e8res de haute qualit\u00e9, solubles et rapidement absorb\u00e9es<\/strong><\/p>\n<p style=\"text-align: right;\"><strong>.\u0633\u0645\u0627\u062f \u064a\u062d\u062a\u0648\u064a \u0639\u0627\u0644\u064a \u0646\u0633\u0628\u0647 \u0639\u0627\u0644\u064a\u0629 \u0645\u0646 \u0627\u0644\u0628\u0648\u062a\u0627\u0633\u064a\u0648\u0645 \u00a0\u063a\u0646\u064a \u0628\u0646\u062a\u0631\u0627\u062a \u0627\u0644\u0628\u0648\u062a\u0627\u0633\u064a\u0648\u0645 \u0633\u0631\u064a\u0639 \u0627\u0644\u0630\u0648\u0628\u0627\u0646 \u0648\u0627\u0644\u0627\u0645\u062a\u0635\u0627\u0635 \u0644\u0630\u0644\u0643 \u064a\u0633\u062e\u062f\u0627\u0645 \u0641\u064a \u062a\u062d\u062c\u064a\u0645 \u0627\u0644\u062b\u0645\u0627\u0631 \u0648\u0632\u064a\u0627\u062f\u0647 \u0627\u0644\u0627\u0646\u062a\u0627\u062c<\/strong><\/p>\n<p style=\"text-align: right;\"><strong>\u00a0.\u0633\u0645\u0627\u062f \u0645\u0635\u062f\u0631 \u0627\u0644\u0641\u0648\u0633\u0641\u0648\u0631 \u0633\u0631\u064a\u0639 \u0627\u0644\u0630\u0648\u0628\u0627\u0646 \u0648\u0627\u0644\u0627\u0645\u062a\u0635\u0627\u0635\u00a0<\/strong><\/p>\n<p style=\"text-align: right;\"><strong>. Engrais cristallin de haute puret\u00e9 compl\u00e8tement soluble dans l'eau\u00a0<\/strong><\/p>\n<p style=\"text-align: right;\"><strong>\u00a0 \u00a0 .\u062d\u0627\u0645\u0636\u0649 \u0627\u0644\u062a\u0627\u062b\u064a\u0631 \u0645\u0645\u0627 \u064a\u0632\u064a\u062f \u0645\u0646 \u0635\u0644\u0627\u062d\u064a\u0629 \u0627\u0644\u0639\u0646\u0627\u0635\u0631 \u0627\u0644\u0635\u063a\u0631\u0649 \u0648\u0627\u0644\u0643\u0628\u0631\u0649 \u0644\u0644\u0627\u0645\u062a\u0635\u0627\u0635\u00a0<\/strong><\/p>\n<p style=\"text-align: right;\"><strong>. \u064a\u0632\u064a\u062f \u0627\u0644\u062a\u0641\u0631\u064a\u0639 \u0641\u064a \u0643\u0644 \u0645\u0646 \u0634\u062a\u0644\u0627\u062a \u0645\u062d\u0627\u0635\u064a\u0644 \u0627\u0644\u062e\u0636\u0627\u0631 \u0648\u0627\u0644\u0641\u0627\u0643\u0647\u0629<\/strong><\/p>\n<p style=\"text-align: right;\">","protected":false},"excerpt":{"rendered":"<p style=\"text-align: right;\"><strong>Installation:<\/strong><\/p>\n<p style=\"text-align: right;\">\u0646\u064a\u062a\u0631\u0648\u062c\u064a\u0646 : %6<\/p>\n<p style=\"text-align: right;\">\u0641\u0648\u0633\u0641\u0648\u0631: 6 %<\/p>\n<p style=\"text-align: right;\">\u0628\u0648\u062a\u0627\u0633\u064a\u0648\u0645: 43 %<\/p>\n<p style=\"text-align: right;\"><strong>\u00a0\u00a0Avantages du compos\u00e9 :<\/strong><\/p>\n<p style=\"text-align: right;\"><strong>\u00a0Avantages compos\u00e9s<\/strong><\/p>\n<p style=\"text-align: right;\"><strong>\u00a0Fabriqu\u00e9 \u00e0 partir de mati\u00e8res premi\u00e8res de haute qualit\u00e9, solubles et rapidement absorb\u00e9es<\/strong><\/p>\n<p style=\"text-align: right;\"><strong>.\u0633\u0645\u0627\u062f \u064a\u062d\u062a\u0648\u064a \u0639\u0627\u0644\u064a \u0646\u0633\u0628\u0647 \u0639\u0627\u0644\u064a\u0629 \u0645\u0646 \u0627\u0644\u0628\u0648\u062a\u0627\u0633\u064a\u0648\u0645 \u00a0\u063a\u0646\u064a \u0628\u0646\u062a\u0631\u0627\u062a \u0627\u0644\u0628\u0648\u062a\u0627\u0633\u064a\u0648\u0645 \u0633\u0631\u064a\u0639 \u0627\u0644\u0630\u0648\u0628\u0627\u0646 \u0648\u0627\u0644\u0627\u0645\u062a\u0635\u0627\u0635 \u0644\u0630\u0644\u0643 \u064a\u0633\u062e\u062f\u0627\u0645 \u0641\u064a \u062a\u062d\u062c\u064a\u0645 \u0627\u0644\u062b\u0645\u0627\u0631 \u0648\u0632\u064a\u0627\u062f\u0647 \u0627\u0644\u0627\u0646\u062a\u0627\u062c<\/strong><\/p>\n<p style=\"text-align: right;\"><strong>\u00a0.\u0633\u0645\u0627\u062f \u0645\u0635\u062f\u0631 \u0627\u0644\u0641\u0648\u0633\u0641\u0648\u0631 \u0633\u0631\u064a\u0639 \u0627\u0644\u0630\u0648\u0628\u0627\u0646 \u0648\u0627\u0644\u0627\u0645\u062a\u0635\u0627\u0635\u00a0<\/strong><\/p>\n<p style=\"text-align: right;\"><strong>. Engrais cristallin de haute puret\u00e9 compl\u00e8tement soluble dans l'eau\u00a0<\/strong><\/p>\n<p style=\"text-align: right;\"><strong>\u00a0 \u00a0 .\u062d\u0627\u0645\u0636\u0649 \u0627\u0644\u062a\u0627\u062b\u064a\u0631 \u0645\u0645\u0627 \u064a\u0632\u064a\u062f \u0645\u0646 \u0635\u0644\u0627\u062d\u064a\u0629 \u0627\u0644\u0639\u0646\u0627\u0635\u0631 \u0627\u0644\u0635\u063a\u0631\u0649 \u0648\u0627\u0644\u0643\u0628\u0631\u0649 \u0644\u0644\u0627\u0645\u062a\u0635\u0627\u0635\u00a0<\/strong><\/p>\n<p style=\"text-align: right;\"><strong>. \u064a\u0632\u064a\u062f \u0627\u0644\u062a\u0641\u0631\u064a\u0639 \u0641\u064a \u0643\u0644 \u0645\u0646 \u0634\u062a\u0644\u0627\u062a \u0645\u062d\u0627\u0635\u064a\u0644 \u0627\u0644\u062e\u0636\u0627\u0631 \u0648\u0627\u0644\u0641\u0627\u0643\u0647\u0629<\/strong><\/p>\n<p style=\"text-align: right;\">Tarifs d'utilisation<\/p>\n<table class=\"alignright\">\n<tbody>\n<tr>\n<td width=\"197\">sc\u00e8ne \u00e0 utiliser<\/td>\n<td width=\"197\">Dosage (kg\/acre\/jour)<\/td>\n<td width=\"197\">La r\u00e9colte<\/td>\n<\/tr>\n<tr>\n<td width=\"197\">Imm\u00e9diatement apr\u00e8s le repiquage<\/td>\n<td width=\"197\">2-3<\/td>\n<td width=\"197\">L\u00e9gumes<\/td>\n<\/tr>\n<tr>\n<td width=\"197\">Avant la floraison<\/td>\n<td width=\"197\">2-4<\/td>\n<td width=\"197\">le fruit<\/td>\n<\/tr>\n<tr>\n<td width=\"197\">\u00c9tapes de ramification<\/td>\n<td width=\"197\">1.5-2<\/td>\n<td width=\"197\">R\u00e9coltes des champs<\/td>\n<\/tr>\n<\/tbody>\n<\/table>\n<p style=\"text-align: right;\">","protected":false},"featured_media":5101,"comment_status":"open","ping_status":"closed","template":"","meta":[],"product_cat":[183],"product_tag":[],"_links":{"self":[{"href":"https:\/\/safetycide.com\/fr\/wp-json\/wp\/v2\/product\/3962"}],"collection":[{"href":"https:\/\/safetycide.com\/fr\/wp-json\/wp\/v2\/product"}],"about":[{"href":"https:\/\/safetycide.com\/fr\/wp-json\/wp\/v2\/types\/product"}],"replies":[{"embeddable":true,"href":"https:\/\/safetycide.com\/fr\/wp-json\/wp\/v2\/comments?post=3962"}],"version-history":[{"count":4,"href":"https:\/\/safetycide.com\/fr\/wp-json\/wp\/v2\/product\/3962\/revisions"}],"predecessor-version":[{"id":4991,"href":"https:\/\/safetycide.com\/fr\/wp-json\/wp\/v2\/product\/3962\/revisions\/4991"}],"wp:featuredmedia":[{"embeddable":true,"href":"https:\/\/safetycide.com\/fr\/wp-json\/wp\/v2\/media\/5101"}],"wp:attachment":[{"href":"https:\/\/safetycide.com\/fr\/wp-json\/wp\/v2\/media?parent=3962"}],"wp:term":[{"taxonomy":"product_cat","embeddable":true,"href":"https:\/\/safetycide.com\/fr\/wp-json\/wp\/v2\/product_cat?post=3962"},{"taxonomy":"product_tag","embeddable":true,"href":"https:\/\/safetycide.com\/fr\/wp-json\/wp\/v2\/product_tag?post=3962"}],"curies":[{"name":"wp","href":"https:\/\/api.w.org\/{rel}","templated":true}]}}