{"id":3914,"date":"2023-08-18T11:46:52","date_gmt":"2023-08-18T09:46:52","guid":{"rendered":"https:\/\/safetycide.com\/?post_type=product&#038;p=3914"},"modified":"2024-03-09T17:31:12","modified_gmt":"2024-03-09T15:31:12","slug":"%d8%b3%d9%88%d8%a8%d8%b1-%d9%83%d8%b1%d8%b3%d8%aa%d8%a7%d9%84-%d9%86%d8%aa%d8%b1%d8%a7%d8%aa-%d9%85%d8%a7%d8%ba%d9%86%d8%b3%d9%88%d9%85","status":"publish","type":"product","link":"https:\/\/safetycide.com\/fr\/product\/%d8%b3%d9%88%d8%a8%d8%b1-%d9%83%d8%b1%d8%b3%d8%aa%d8%a7%d9%84-%d9%86%d8%aa%d8%b1%d8%a7%d8%aa-%d9%85%d8%a7%d8%ba%d9%86%d8%b3%d9%88%d9%85\/","title":{"rendered":"Super cristal (nitrate de magn\u00e9sium)"},"content":{"rendered":null,"protected":false},"excerpt":{"rendered":"<p style=\"text-align: right;\"><strong>Un compos\u00e9 distinct car il contient l\u2019\u00e9l\u00e9ment magn\u00e9sium sous forme de nitrate de magn\u00e9sium, qui est l\u2019une des meilleures formes d\u2019absorption du magn\u00e9sium dans la plante.\u00a0<\/strong><\/p>\n<p style=\"text-align: right;\"><strong>\u00a0Fonctionnalit\u00e9s compos\u00e9es<\/strong><\/p>\n<p style=\"text-align: right;\"><strong>\u00a0Le magn\u00e9sium joue un r\u00f4le important car il agit comme activateur de certaines enzymes responsables du transport du phosphore dans le processus m\u00e9tabolique.\u00a0<\/strong><\/p>\n<p style=\"text-align: right;\"><strong>Le magn\u00e9sium est impliqu\u00e9 dans la synth\u00e8se des prot\u00e9ines et est consid\u00e9r\u00e9 comme la couleur primaire et l'\u00e9l\u00e9ment central de la mol\u00e9cule de chlorophylle, c'est pourquoi il est essentiel dans le processus de photosynth\u00e8se et augmente ainsi les taux de production et la qualit\u00e9 des cultures.<\/strong><\/p>\n<p style=\"text-align: right;\"><strong>. Le magn\u00e9sium est le principal r\u00e9gulateur de l'absorption du potassium dans la plante et agit comme une couche cireuse sur les fruits de la plante.<\/strong><\/p>\n<p style=\"text-align: right;\"><strong>\u2013 La pr\u00e9sence d\u2019azote pour la formation des prot\u00e9ines au sein de la plante<\/strong><\/p>\n<p style=\"text-align: right;\"><strong>- Cela fonctionne pour augmenter la productivit\u00e9 des cultures<\/strong><\/p>\n<p style=\"text-align: right;\"><strong>\u00a0Tarifs d'utilisation <\/strong><\/p>\n<p style=\"text-align: right;\"><strong>Pulv\u00e9risation foliaire : 3-5 g par litre ou selon le programme de fertilisation<\/strong><\/p>\n<p style=\"text-align: right;\"><strong>\u00a0Fertilisation du sol : 3-5 kg \u200b\u200bpar acre ou selon le programme de fertilisation<\/strong><\/p>","protected":false},"featured_media":3909,"comment_status":"open","ping_status":"closed","template":"","meta":[],"product_cat":[183],"product_tag":[108,111,166],"_links":{"self":[{"href":"https:\/\/safetycide.com\/fr\/wp-json\/wp\/v2\/product\/3914"}],"collection":[{"href":"https:\/\/safetycide.com\/fr\/wp-json\/wp\/v2\/product"}],"about":[{"href":"https:\/\/safetycide.com\/fr\/wp-json\/wp\/v2\/types\/product"}],"replies":[{"embeddable":true,"href":"https:\/\/safetycide.com\/fr\/wp-json\/wp\/v2\/comments?post=3914"}],"version-history":[{"count":5,"href":"https:\/\/safetycide.com\/fr\/wp-json\/wp\/v2\/product\/3914\/revisions"}],"predecessor-version":[{"id":5055,"href":"https:\/\/safetycide.com\/fr\/wp-json\/wp\/v2\/product\/3914\/revisions\/5055"}],"wp:featuredmedia":[{"embeddable":true,"href":"https:\/\/safetycide.com\/fr\/wp-json\/wp\/v2\/media\/3909"}],"wp:attachment":[{"href":"https:\/\/safetycide.com\/fr\/wp-json\/wp\/v2\/media?parent=3914"}],"wp:term":[{"taxonomy":"product_cat","embeddable":true,"href":"https:\/\/safetycide.com\/fr\/wp-json\/wp\/v2\/product_cat?post=3914"},{"taxonomy":"product_tag","embeddable":true,"href":"https:\/\/safetycide.com\/fr\/wp-json\/wp\/v2\/product_tag?post=3914"}],"curies":[{"name":"wp","href":"https:\/\/api.w.org\/{rel}","templated":true}]}}