{"id":3767,"date":"2023-08-12T14:32:28","date_gmt":"2023-08-12T12:32:28","guid":{"rendered":"https:\/\/safetycide.com\/?post_type=product&#038;p=3767"},"modified":"2024-03-09T17:29:47","modified_gmt":"2024-03-09T15:29:47","slug":"%d8%a7%d9%88%d8%b4%d8%a7-%d9%86%d8%aa%d8%b1%d8%a7%d8%aa-%d9%83%d8%a7%d9%84%d8%b3%d9%8a%d9%88%d9%85","status":"publish","type":"product","link":"https:\/\/safetycide.com\/fr\/product\/%d8%a7%d9%88%d8%b4%d8%a7-%d9%86%d8%aa%d8%b1%d8%a7%d8%aa-%d9%83%d8%a7%d9%84%d8%b3%d9%8a%d9%88%d9%85\/","title":{"rendered":"Nitrate de calcium OSHA"},"content":{"rendered":"<p style=\"text-align: right;\"><strong>Installation:<\/strong><\/p>\n<p style=\"text-align: right;\"><strong>\u00a0\u00a0Azote : 15,5%\u00a0\u00a0\u00a0\u00a0\u00a0 <\/strong><\/p>\n<p style=\"text-align: right;\"><strong>\u00a0Oxyde de calcium\u00a0: 26\u00a0% = 18,5\u00a0calcium min\u00e9ral<\/strong><\/p>\n<p style=\"text-align: right;\"><strong>Caract\u00e9ristiques compos\u00e9es\u00a0:\u00a0<\/strong><\/p>\n<p style=\"text-align: right;\"><strong>Un compos\u00e9 d'engrais rapidement soluble dans l'eau, compos\u00e9 de deux \u00e9l\u00e9ments id\u00e9aux : l'azote et le calcium, qui peuvent \u00eatre facilement absorb\u00e9s par la plante.<\/strong><\/p>\n<p style=\"text-align: right;\"><strong>Cette formule est compl\u00e8tement soluble dans l'eau, ce qui permet de fournir \u00e0 la plante ces deux \u00e9l\u00e9ments avec une efficacit\u00e9 \u00e9lev\u00e9e sans pr\u00e9c\u00e9dent dans d'autres engrais. \u2013 Cette formule est un granul\u00e9 non enrob\u00e9 qui se dissout rapidement et peut \u00eatre utilis\u00e9 dans les serres et les champs ouverts, que ce soit par aspersion ou par syst\u00e8me d\u2019irrigation goutte \u00e0 goutte.<\/strong><\/p>\n<p style=\"text-align: right;\"><strong>- Le calcium joue un r\u00f4le efficace dans le mouvement des glucides dans la plante et augmente l'\u00e9paisseur de la peau externe des fruits, ce qui facilite leur transport et leur stockage. - Le calcium augmente la r\u00e9sistance de la plante aux maladies (pourriture apicale des graines, pourriture de la t\u00eate des ongles). , craquelage des fruits, pr\u00e9vention et traitement des carences en calcium)<\/strong><\/p>\n<p style=\"text-align: right;\"><strong>Le calcium agit pour r\u00e9duire la salinit\u00e9 du sol lorsqu\u2019il est utilis\u00e9 par irrigation goutte \u00e0 goutte. L'azote aide \u00e0 construire rapidement des prot\u00e9ines \u00e0 l'int\u00e9rieur de la plante<\/strong><\/p>\n<p style=\"text-align: right;\"><strong>Le calcium joue un r\u00f4le important dans l'activation des enzymes et des tissus m\u00e9rist\u00e9matiques dans les pointes en croissance et favorise la croissance des poils absorbants.<\/strong><\/p>\n<p style=\"text-align: right;\"><strong>\u00a0Le calcium aide \u00e0 augmenter la production, \u00e0 am\u00e9liorer la couleur et l'\u00e9paisseur des fruits et \u00e0 am\u00e9liorer leurs propri\u00e9t\u00e9s.<\/strong><\/p>\n<p style=\"text-align: right;\"><strong>Remarque\u00a0: le nitrate de calcium OSHA se dissout \u00e0 100\u00a0% dans l'eau claire (dissolution compl\u00e8te).<\/strong><\/p>\n<p style=\"text-align: right;\"><strong>Tarifs d\u2019utilisation, par fertilisation de 3\/8 kg par acre ou selon le programme de fertilisation ou la nature du terrain et les besoins de la plante.<\/strong><\/p>\n<p>&nbsp;<\/p>","protected":false},"excerpt":{"rendered":"<p style=\"text-align: right;\"><strong>Installation:<\/strong><\/p>\n<p style=\"text-align: right;\"><strong>\u00a0\u00a0Azote : 15,5%\u00a0\u00a0\u00a0\u00a0\u00a0 <\/strong><\/p>\n<p style=\"text-align: right;\"><strong>\u00a0Oxyde de calcium\u00a0: 26\u00a0% = 18,5\u00a0calcium min\u00e9ral<\/strong><\/p>\n<p style=\"text-align: right;\"><strong>Caract\u00e9ristiques compos\u00e9es\u00a0:\u00a0<\/strong><\/p>\n<p style=\"text-align: right;\"><strong>Un compos\u00e9 d'engrais rapidement soluble dans l'eau, compos\u00e9 de deux \u00e9l\u00e9ments id\u00e9aux : l'azote et le calcium, qui peuvent \u00eatre facilement absorb\u00e9s par la plante.<\/strong><\/p>\n<p style=\"text-align: right;\"><strong>Cette formule est compl\u00e8tement soluble dans l'eau, ce qui permet de fournir \u00e0 la plante ces deux \u00e9l\u00e9ments avec une efficacit\u00e9 \u00e9lev\u00e9e sans pr\u00e9c\u00e9dent dans d'autres engrais. \u2013 Cette formule est un granul\u00e9 non enrob\u00e9 qui se dissout rapidement et peut \u00eatre utilis\u00e9 dans les serres et les champs ouverts, que ce soit par aspersion ou par syst\u00e8me d\u2019irrigation goutte \u00e0 goutte.<\/strong><\/p>\n<p style=\"text-align: right;\"><strong>- Le calcium joue un r\u00f4le efficace dans le mouvement des glucides dans la plante et augmente l'\u00e9paisseur de la peau externe des fruits, ce qui facilite leur transport et leur stockage. - Le calcium augmente la r\u00e9sistance de la plante aux maladies (pourriture apicale des graines, pourriture de la t\u00eate des ongles). , craquelage des fruits, pr\u00e9vention et traitement des carences en calcium)<\/strong><\/p>\n<p style=\"text-align: right;\"><strong>Le calcium agit pour r\u00e9duire la salinit\u00e9 du sol lorsqu\u2019il est utilis\u00e9 par irrigation goutte \u00e0 goutte. L'azote aide \u00e0 construire rapidement des prot\u00e9ines \u00e0 l'int\u00e9rieur de la plante<\/strong><\/p>\n<p style=\"text-align: right;\"><strong>Le calcium joue un r\u00f4le important dans l'activation des enzymes et des tissus m\u00e9rist\u00e9matiques dans les pointes en croissance et favorise la croissance des poils absorbants.<\/strong><\/p>\n<p style=\"text-align: right;\"><strong>\u00a0Le calcium aide \u00e0 augmenter la production, \u00e0 am\u00e9liorer la couleur et l'\u00e9paisseur des fruits et \u00e0 am\u00e9liorer leurs propri\u00e9t\u00e9s.<\/strong><\/p>\n<p style=\"text-align: right;\"><strong>Remarque\u00a0: le nitrate de calcium OSHA se dissout \u00e0 100\u00a0% dans l'eau claire (dissolution compl\u00e8te).<\/strong><\/p>\n<p style=\"text-align: right;\"><strong>Tarifs d\u2019utilisation, par fertilisation de 3\/8 kg par acre ou selon le programme de fertilisation ou la nature du terrain et les besoins de la plante.<\/strong><\/p>","protected":false},"featured_media":5028,"comment_status":"open","ping_status":"closed","template":"","meta":[],"product_cat":[183],"product_tag":[107,111,166],"_links":{"self":[{"href":"https:\/\/safetycide.com\/fr\/wp-json\/wp\/v2\/product\/3767"}],"collection":[{"href":"https:\/\/safetycide.com\/fr\/wp-json\/wp\/v2\/product"}],"about":[{"href":"https:\/\/safetycide.com\/fr\/wp-json\/wp\/v2\/types\/product"}],"replies":[{"embeddable":true,"href":"https:\/\/safetycide.com\/fr\/wp-json\/wp\/v2\/comments?post=3767"}],"version-history":[{"count":3,"href":"https:\/\/safetycide.com\/fr\/wp-json\/wp\/v2\/product\/3767\/revisions"}],"predecessor-version":[{"id":4992,"href":"https:\/\/safetycide.com\/fr\/wp-json\/wp\/v2\/product\/3767\/revisions\/4992"}],"wp:featuredmedia":[{"embeddable":true,"href":"https:\/\/safetycide.com\/fr\/wp-json\/wp\/v2\/media\/5028"}],"wp:attachment":[{"href":"https:\/\/safetycide.com\/fr\/wp-json\/wp\/v2\/media?parent=3767"}],"wp:term":[{"taxonomy":"product_cat","embeddable":true,"href":"https:\/\/safetycide.com\/fr\/wp-json\/wp\/v2\/product_cat?post=3767"},{"taxonomy":"product_tag","embeddable":true,"href":"https:\/\/safetycide.com\/fr\/wp-json\/wp\/v2\/product_tag?post=3767"}],"curies":[{"name":"wp","href":"https:\/\/api.w.org\/{rel}","templated":true}]}}