{"id":3764,"date":"2023-08-12T14:27:43","date_gmt":"2023-08-12T12:27:43","guid":{"rendered":"https:\/\/safetycide.com\/?post_type=product&#038;p=3764"},"modified":"2024-11-20T01:48:23","modified_gmt":"2024-11-19T23:48:23","slug":"%d8%b3%d9%8a%d9%81%d8%aa%d9%8a-%d8%a8%d9%88%d8%aa%d8%a7%d8%b3","status":"publish","type":"product","link":"https:\/\/safetycide.com\/fr\/product\/%d8%b3%d9%8a%d9%81%d8%aa%d9%8a-%d8%a8%d9%88%d8%aa%d8%a7%d8%b3\/","title":{"rendered":"Potasse de s\u00e9curit\u00e9"},"content":{"rendered":null,"protected":false},"excerpt":{"rendered":"<div class=\"elementor-element elementor-element-228e1a1 elementor-widget elementor-widget-heading\" data-id=\"228e1a1\" data-element_type=\"widget\" data-widget_type=\"heading.default\">\n<div class=\"elementor-widget-container\">\n<h3 class=\"elementor-heading-title elementor-size-default\" style=\"text-align: right;\">Installation<br \/>\nAzote:10%<br \/>\nphosphore:5%<br \/>\nPotassium : 25%<br \/>\nMagn\u00e9sium : 1%<\/h3>\n<\/div>\n<\/div>\n<div class=\"elementor-element elementor-element-f9e2a88 elementor-widget elementor-widget-text-editor\" data-id=\"f9e2a88\" data-element_type=\"widget\" data-widget_type=\"text-editor.default\">\n<div class=\"elementor-widget-container\">\n<h3 style=\"text-align: right;\">Avantages compos\u00e9s<br \/>\nL'engrais potassique de s\u00e9curit\u00e9 se caract\u00e9rise par sa teneur en azote sans borate<br \/>\nLe phosphore est facilement absorb\u00e9 et le potassium est pr\u00e9sent en pourcentage \u00e9lev\u00e9 (nitrate de potassium) sous sa forme pure.<br \/>\nFacile \u00e0 absorber, car il est charg\u00e9 d'un pourcentage \u00e9lev\u00e9 d'acides amin\u00e9s, de monosaccharides et d'acides carboxyliques qui acc\u00e9l\u00e8rent et facilitent l'absorption des macro et micro \u00e9l\u00e9ments \u00e0 travers les feuilles.<br \/>\nSafety Potash se caract\u00e9rise par la pr\u00e9sence d'un pourcentage \u00e9lev\u00e9 de potassium, ce qui facilite l'absorption.<br \/>\nLe potassium joue un r\u00f4le important et significatif dans le transport des nutriments vers et depuis la cellule. Il aide \u00e9galement \u00e0 absorber l'eau, ce qui augmente la taille des fruits et la vitesse de leur maturation.<br \/>\nSafety Potash contient des acides amin\u00e9s qui aident la plante \u00e0 produire une concentration \u00e9lev\u00e9e d'hormones et d'enzymes et \u00e0 r\u00e9duire l'effet du stress sur la plante.<br \/>\nL'engrais potassique de s\u00e9curit\u00e9 contient des micro\u00e9l\u00e9ments en pourcentage \u00e9lev\u00e9 qui aident \u00e0 traiter la carence en \u00e9l\u00e9ments des plantes. Le zinc et le magn\u00e9sium ont \u00e9galement un r\u00f4le enzymatique majeur qui augmente l'immunit\u00e9 des plantes.<\/h3>\n<h3 style=\"text-align: right;\">Tarifs d'utilisation<br \/>\nP\u00e9riodes d'utilisation\u00a0: Irrigation goutte \u00e0 goutte, pulv\u00e9risation foliaire pour 100 litres d'eau de culture<br \/>\n3 \u00e0 5 fois 1 litre\/acre de l\u00e9gumes de 50 \u00e0 150 cm<br \/>\n4 \u00e0 6 fois 1 \u00e0 2 litres\/acre 50 \u00e0 200 cm de fruit<\/h3>\n<\/div>\n<\/div>","protected":false},"featured_media":3907,"comment_status":"open","ping_status":"closed","template":"","meta":[],"product_cat":[183],"product_tag":[107,111,166],"_links":{"self":[{"href":"https:\/\/safetycide.com\/fr\/wp-json\/wp\/v2\/product\/3764"}],"collection":[{"href":"https:\/\/safetycide.com\/fr\/wp-json\/wp\/v2\/product"}],"about":[{"href":"https:\/\/safetycide.com\/fr\/wp-json\/wp\/v2\/types\/product"}],"replies":[{"embeddable":true,"href":"https:\/\/safetycide.com\/fr\/wp-json\/wp\/v2\/comments?post=3764"}],"version-history":[{"count":3,"href":"https:\/\/safetycide.com\/fr\/wp-json\/wp\/v2\/product\/3764\/revisions"}],"predecessor-version":[{"id":5040,"href":"https:\/\/safetycide.com\/fr\/wp-json\/wp\/v2\/product\/3764\/revisions\/5040"}],"wp:featuredmedia":[{"embeddable":true,"href":"https:\/\/safetycide.com\/fr\/wp-json\/wp\/v2\/media\/3907"}],"wp:attachment":[{"href":"https:\/\/safetycide.com\/fr\/wp-json\/wp\/v2\/media?parent=3764"}],"wp:term":[{"taxonomy":"product_cat","embeddable":true,"href":"https:\/\/safetycide.com\/fr\/wp-json\/wp\/v2\/product_cat?post=3764"},{"taxonomy":"product_tag","embeddable":true,"href":"https:\/\/safetycide.com\/fr\/wp-json\/wp\/v2\/product_tag?post=3764"}],"curies":[{"name":"wp","href":"https:\/\/api.w.org\/{rel}","templated":true}]}}