{"id":3763,"date":"2023-08-12T14:26:38","date_gmt":"2023-08-12T12:26:38","guid":{"rendered":"https:\/\/safetycide.com\/?post_type=product&#038;p=3763"},"modified":"2025-09-01T04:19:06","modified_gmt":"2025-09-01T02:19:06","slug":"%d8%ac%d8%b1%d9%8a%d9%86-%d9%84%d8%a7%d9%8a%d9%86","status":"publish","type":"product","link":"https:\/\/safetycide.com\/fr\/product\/%d8%ac%d8%b1%d9%8a%d9%86-%d9%84%d8%a7%d9%8a%d9%86\/","title":{"rendered":"S\u00e9curit\u00e9 de la Ligne Verte"},"content":{"rendered":null,"protected":false},"excerpt":{"rendered":"<div class=\"elementor-element elementor-element-100ac80 elementor-widget elementor-widget-heading\" data-id=\"100ac80\" data-element_type=\"widget\" data-widget_type=\"heading.default\">\n<div class=\"elementor-widget-container\">\n<p style=\"text-align: right;\"><strong>Installation:<\/strong><\/p>\n<p style=\"text-align: right;\"><strong>Azote\u00a0: 19\u00a0%<\/strong><\/p>\n<p style=\"text-align: right;\"><strong>Phosphore : 19%<\/strong><\/p>\n<p style=\"text-align: right;\"><strong>Potassium : 19%<\/strong><\/p>\n<p style=\"text-align: right;\"><strong>Caract\u00e9ristiques compos\u00e9es\u00a0:<\/strong><\/p>\n<p style=\"text-align: right;\"><strong>Engrais de source de potassium\u00a0: le nitrate de potassium est rapidement soluble et absorb\u00e9\u00a0<\/strong><\/p>\n<p style=\"text-align: right;\"><strong>\u00a0Engrais source de phosphore : acide phosphorique d'ur\u00e9e et diaminophosphate, qui se dissout rapidement et s'absorbe rapidement.\u00a0<\/strong><\/p>\n<p style=\"text-align: right;\"><strong>Engrais cristallin de haute puret\u00e9 compl\u00e8tement soluble dans l'eau<\/strong><\/p>\n<p style=\"text-align: right;\"><strong>Il a un effet acide, ce qui augmente la capacit\u00e9 d'absorption des micro et macro \u00e9l\u00e9ments.\u00a0<\/strong><\/p>\n<p style=\"text-align: right;\"><strong>La ramification augmente dans les plants de l\u00e9gumes et de fruits\u00a0<\/strong><\/p>\n<p style=\"text-align: right;\"><strong>Engrais \u00e9quilibr\u00e9 Green Line pour pulv\u00e9risation foliaire<\/strong><\/p>\n<p style=\"text-align: right;\"><strong>Tarifs d'utilisation<\/strong><\/p>\n<table class=\"alignright\">\n<tbody>\n<tr>\n<td width=\"197\"><strong>sc\u00e8ne \u00e0 utiliser<\/strong><\/td>\n<td width=\"197\"><strong>Dosage (kg\/acre\/jour)<\/strong><\/td>\n<td width=\"197\"><strong>La r\u00e9colte<\/strong><\/td>\n<\/tr>\n<tr>\n<td width=\"197\"><strong>Imm\u00e9diatement apr\u00e8s le repiquage<\/strong><\/td>\n<td width=\"197\"><strong>2-3<\/strong><\/td>\n<td width=\"197\"><strong>L\u00e9gumes<\/strong><\/td>\n<\/tr>\n<tr>\n<td width=\"197\"><strong>Avant la floraison<\/strong><\/td>\n<td width=\"197\"><strong>2-4<\/strong><\/td>\n<td width=\"197\"><strong>le fruit<\/strong><\/td>\n<\/tr>\n<tr>\n<td width=\"197\"><strong>\u00c9tapes de ramification<\/strong><\/td>\n<td width=\"197\"><strong>1.5-2<\/strong><\/td>\n<td width=\"197\"><strong>R\u00e9coltes des champs<\/strong><\/td>\n<\/tr>\n<\/tbody>\n<\/table>\n<p style=\"text-align: right;\">\n<\/div>\n<\/div>","protected":false},"featured_media":5100,"comment_status":"open","ping_status":"closed","template":"","meta":[],"product_cat":[183],"product_tag":[107,111,166],"_links":{"self":[{"href":"https:\/\/safetycide.com\/fr\/wp-json\/wp\/v2\/product\/3763"}],"collection":[{"href":"https:\/\/safetycide.com\/fr\/wp-json\/wp\/v2\/product"}],"about":[{"href":"https:\/\/safetycide.com\/fr\/wp-json\/wp\/v2\/types\/product"}],"replies":[{"embeddable":true,"href":"https:\/\/safetycide.com\/fr\/wp-json\/wp\/v2\/comments?post=3763"}],"version-history":[{"count":6,"href":"https:\/\/safetycide.com\/fr\/wp-json\/wp\/v2\/product\/3763\/revisions"}],"predecessor-version":[{"id":5014,"href":"https:\/\/safetycide.com\/fr\/wp-json\/wp\/v2\/product\/3763\/revisions\/5014"}],"wp:featuredmedia":[{"embeddable":true,"href":"https:\/\/safetycide.com\/fr\/wp-json\/wp\/v2\/media\/5100"}],"wp:attachment":[{"href":"https:\/\/safetycide.com\/fr\/wp-json\/wp\/v2\/media?parent=3763"}],"wp:term":[{"taxonomy":"product_cat","embeddable":true,"href":"https:\/\/safetycide.com\/fr\/wp-json\/wp\/v2\/product_cat?post=3763"},{"taxonomy":"product_tag","embeddable":true,"href":"https:\/\/safetycide.com\/fr\/wp-json\/wp\/v2\/product_tag?post=3763"}],"curies":[{"name":"wp","href":"https:\/\/api.w.org\/{rel}","templated":true}]}}