{"id":3761,"date":"2023-08-12T14:22:48","date_gmt":"2023-08-12T12:22:48","guid":{"rendered":"https:\/\/safetycide.com\/?post_type=product&#038;p=3761"},"modified":"2024-03-09T12:41:13","modified_gmt":"2024-03-09T10:41:13","slug":"%d8%ab%d8%b1%d9%8a-%d8%a5%d9%8a%d8%aa","status":"publish","type":"product","link":"https:\/\/safetycide.com\/fr\/product\/%d8%ab%d8%b1%d9%8a-%d8%a5%d9%8a%d8%aa\/","title":{"rendered":"Trois Huit"},"content":{"rendered":"<div class=\"elementor-element elementor-element-9b4ae27 elementor-widget elementor-widget-heading\" data-id=\"9b4ae27\" data-element_type=\"widget\" data-widget_type=\"heading.default\">\n<h3 class=\"elementor-widget-container\"><\/h3>\n<\/div>\n<div class=\"elementor-element elementor-element-9648c18 elementor-widget elementor-widget-text-editor\" data-id=\"9648c18\" data-element_type=\"widget\" data-widget_type=\"text-editor.default\">\n<div class=\"elementor-widget-container\">\n<h3 style=\"text-align: right;\">\u0627\u0644\u0645\u0643\u0648\u0646\u0627\u062a :<br \/>\n\u0646\u064a\u062a\u0631\u0648\u062c\u064a\u0646 N : % \u06f8<br \/>\n( \u0648\u0632\u0646 \/ \u062d\u062c\u0645 ) \u0641\u0648\u0633\u0641\u0648\u0631 P : \u066a \u06f8<br \/>\n( \u0648\u0632\u0646 \/ \u062d\u062c\u0645 ) \u0628\u0648\u062a\u0627\u0633\u064a\u0648\u0645 K : \u066a \u06f8<br \/>\n( \u0648\u0632\u0646 \/ \u062d\u062c\u0645 ) \u0627\u062d\u0645\u0627\u0636 \u0627\u0645\u064a\u0646\u064a\u0629 :<br \/>\n\u06f2\u06f5 \u066a ( \u0648\u0632\u0646 \/ \u062d\u062c\u0645 ) \u062d\u062f\u064a\u062f Fe<br \/>\n: \u06c1 * ( \u0648\u0632\u0646 \/ \u062d\u062c\u0645 ) \u0632\u0646\u0643 2N : \u0648 ( \u0648\u0632\u0646 \u062d\u062c\u0645 ) \u0645\u0646\u062c\u0646\u064a\u0632 Mn : \u066a \u06f5<br \/>\n( \u0648\u0632\u0646 \/ \u062d\u062c\u0645 ) \u0645\u0627\u063a\u0646\u0633\u064a\u0648\u0645 Mg : \u066a \u06f5<br \/>\nAvantages compos\u00e9s<br \/>\n\u064a\u0645\u062a\u0627\u0632 \u0633\u0645\u0627\u062f \u0634\u0631\u06cc \u0627\u06cc\u062a \u0628\u0627\u062d\u062a\u0648\u0627\u0626\u0629 \u0639\u0644\u0649 \u0627\u0644\u0646\u064a\u062a\u0648\u062c\u064a\u0646 \u0648\u0627\u0644\u0641\u0633\u0641\u0648\u0631 \u0648\u0627\u0644\u0628\u0648\u062a\u0627\u0633\u064a\u0648\u0645 ( \u0646\u062a\u0631\u0627\u062a \u0627\u0644\u0628\u0648\u062a\u0627\u0633\u064a\u0648\u0645 ) \u0628\u0635\u0648\u0631\u0647 \u0646\u0642\u064a\u0647 \u0633\u0647\u0644\u0629 \u0627\u0644\u0627\u0645\u062a\u0635\u0627\u0635 \u0643\u0645\u0627 \u0627\u0646\u0647\u0627 \u0645\u062d\u0645\u0644\u0647 \u0639\u0644\u0649 \u0646\u0633\u0628\u0629 \u0639\u0627\u0644\u064a\u0629 \u0645\u0646 \u0627\u0644\u0623\u062d\u0645\u0627\u0636 \u0627\u0644\u0623\u0645\u064a\u0646\u064a\u0629 \u0648\u0627\u0644\u0633\u0643\u0631\u064a\u0627\u062a \u0627\u0644\u0623\u062d\u0627\u062f\u064a\u0629 \u0648\u0627\u0644\u0627\u062d\u0645\u0627\u0636 \u0627\u0644\u0643\u0631\u0628\u0648\u0643\u0633\u064a\u0644\u064a\u0629 \u0627\u0644\u062a\u064a \u062a\u0633\u0639 \u0648\u062a\u0633\u0647\u0644\u0647 \u0645\u0646 \u0627\u0645\u062a\u0635\u0627\u0635 \u0627\u0644\u0639\u0646\u0627\u0635\u0631 \u0627\u0644\u0643\u0628\u0631\u0649 \u0648\u0627\u0644\u0635\u063a\u0631\u0649 \u0645\u0646 \u062e\u0644\u0627\u0644 \u0627\u0644\u0627\u0648\u0631\u0627\u0642 .<br \/>\n\u064a\u0645\u062a\u0627\u0632 \u062b\u0631\u0627\u064a \u0627\u06cc\u062a \u0628\u0648\u062c\u0648\u062f \u0646\u0633\u0628\u0629 \u0639\u0627\u0644\u064a\u0629 \u0645\u0646 \u0627\u0644\u0623\u062d\u0645\u0627\u0636 \u0627\u0644\u0623\u0645\u064a\u0646\u064a\u0629 \u0627\u0644\u062a\u064a \u062a\u0633\u0627\u0639\u062f \u0627\u0644\u0646\u0628\u0627\u062a \u0639\u0644\u0649 \u062a\u0643\u0648\u064a\u0646 \u062a\u0631\u0643\u064a\u0632 \u0639\u0627\u0644\u06cc \u0645\u0646 \u0627\u0644\u0647\u0631\u0645\u0648\u0646\u0627\u062a \u0648\u0627\u0644\u0627\u0646\u0632\u064a\u0645\u0627\u062a \u0648\u062a\u0642\u0644\u0644 \u0645\u0646 \u062a\u0623\u062b\u064a\u0631 \u0627\u0644\u0627\u062c\u0647\u0627\u062f \u0639\u0644\u0649 \u0627\u0644\u0646\u0628\u0627\u062a .<br \/>\nL'engrais Grey Alt contient des micro\u00e9l\u00e9ments en pourcentage \u00e9lev\u00e9 qui aident \u00e0 traiter la carence en \u00e9l\u00e9ments des plantes. Le zinc et le magn\u00e9sium jouent \u00e9galement un r\u00f4le enzymatique important dans l\u2019augmentation de l\u2019immunit\u00e9 des plantes.<\/h3>\n<h3 style=\"text-align: right;\">\u0645\u0639\u062f\u0644\u0627\u062a \u0627\u0644\u0627\u0633\u062a\u062e\u062f\u0627\u0645 :<br \/>\nP\u00e9riodes d'utilisation\u00a0: Irrigation goutte \u00e0 goutte, pulv\u00e9risation foliaire pour 100 litres d'eau de culture<br \/>\n3 \u00e0 5 fois 1 litre\/acre de l\u00e9gumes de 50 \u00e0 150 cm<br \/>\n4 \u00e0 6 fois 1 \u00e0 2 litres\/acre 50 \u00e0 200 cm de fruit<\/h3>\n<\/div>\n<\/div>","protected":false},"excerpt":{"rendered":"<div class=\"elementor-element elementor-element-9b4ae27 elementor-widget elementor-widget-heading\" data-id=\"9b4ae27\" data-element_type=\"widget\" data-widget_type=\"heading.default\">\n<h3 class=\"elementor-widget-container\"><\/h3>\n<\/div>\n<div class=\"elementor-element elementor-element-9648c18 elementor-widget elementor-widget-text-editor\" data-id=\"9648c18\" data-element_type=\"widget\" data-widget_type=\"text-editor.default\">\n<div class=\"elementor-widget-container\">\n<h3 style=\"text-align: right;\">les composants :<br \/>\nAzote:8%<br \/>\nphosphore:8%<br \/>\nPotassium\u00a0: %8<br \/>\n25% : fer<\/h3>\n<h3 style=\"text-align: right;\">Mangan\u00e8se : 5%<br \/>\nMangan\u00e8se : 5%<br \/>\nMagn\u00e9sium : 5%<br \/>\nAvantages compos\u00e9s<br \/>\nL'engrais Sheri Eit se caract\u00e9rise par sa teneur en azote, phosphore et potassium (nitrate de potassium) sous une forme pure et facile \u00e0 absorber. Il est \u00e9galement charg\u00e9 d'un pourcentage \u00e9lev\u00e9 d'acides amin\u00e9s, de monosaccharides et d'acides carboxyliques, qui facilitent et facilitent l'absorption. absorption des \u00e9l\u00e9ments majeurs et mineurs \u00e0 travers les feuilles.<br \/>\nThree-Eight se caract\u00e9rise par la pr\u00e9sence d'un pourcentage \u00e9lev\u00e9 d'acides amin\u00e9s qui aident la plante \u00e0 former une forte concentration d'hormones et d'enzymes et \u00e0 r\u00e9duire l'effet du stress sur la plante.<br \/>\nL'engrais Grey Alt contient des micro\u00e9l\u00e9ments en pourcentage \u00e9lev\u00e9 qui aident \u00e0 traiter la carence en \u00e9l\u00e9ments des plantes. Le zinc et le magn\u00e9sium jouent \u00e9galement un r\u00f4le enzymatique important dans l\u2019augmentation de l\u2019immunit\u00e9 des plantes.<\/h3>\n<h3 style=\"text-align: right;\">Tarifs d'utilisation<br \/>\nP\u00e9riodes d'utilisation\u00a0: Irrigation goutte \u00e0 goutte, pulv\u00e9risation foliaire pour 100 litres d'eau de culture<br \/>\n3 \u00e0 5 fois 1 litre\/acre de l\u00e9gumes de 50 \u00e0 150 cm<br \/>\n4 \u00e0 6 fois 1 \u00e0 2 litres\/acre 50 \u00e0 200 cm de fruit<\/h3>\n<\/div>\n<\/div>","protected":false},"featured_media":0,"comment_status":"open","ping_status":"closed","template":"","meta":[],"product_cat":[183],"product_tag":[107,111,166],"_links":{"self":[{"href":"https:\/\/safetycide.com\/fr\/wp-json\/wp\/v2\/product\/3761"}],"collection":[{"href":"https:\/\/safetycide.com\/fr\/wp-json\/wp\/v2\/product"}],"about":[{"href":"https:\/\/safetycide.com\/fr\/wp-json\/wp\/v2\/types\/product"}],"replies":[{"embeddable":true,"href":"https:\/\/safetycide.com\/fr\/wp-json\/wp\/v2\/comments?post=3761"}],"version-history":[{"count":3,"href":"https:\/\/safetycide.com\/fr\/wp-json\/wp\/v2\/product\/3761\/revisions"}],"predecessor-version":[{"id":5042,"href":"https:\/\/safetycide.com\/fr\/wp-json\/wp\/v2\/product\/3761\/revisions\/5042"}],"wp:attachment":[{"href":"https:\/\/safetycide.com\/fr\/wp-json\/wp\/v2\/media?parent=3761"}],"wp:term":[{"taxonomy":"product_cat","embeddable":true,"href":"https:\/\/safetycide.com\/fr\/wp-json\/wp\/v2\/product_cat?post=3761"},{"taxonomy":"product_tag","embeddable":true,"href":"https:\/\/safetycide.com\/fr\/wp-json\/wp\/v2\/product_tag?post=3761"}],"curies":[{"name":"wp","href":"https:\/\/api.w.org\/{rel}","templated":true}]}}