{"id":3759,"date":"2023-08-12T14:19:33","date_gmt":"2023-08-12T12:19:33","guid":{"rendered":"https:\/\/safetycide.com\/?post_type=product&#038;p=3759"},"modified":"2024-11-26T14:23:51","modified_gmt":"2024-11-26T12:23:51","slug":"%d8%a7%d8%ac%d8%b1%d9%88-%d9%85%d8%a7%d9%84%d8%aa%db%8c","status":"publish","type":"product","link":"https:\/\/safetycide.com\/fr\/product\/%d8%a7%d8%ac%d8%b1%d9%88-%d9%85%d8%a7%d9%84%d8%aa%db%8c\/","title":{"rendered":"Agri Multi S\u00e9curit\u00e9"},"content":{"rendered":"<div class=\"elementor-element elementor-element-e882972 elementor-widget elementor-widget-heading\" data-id=\"e882972\" data-element_type=\"widget\" data-widget_type=\"heading.default\">\n<div class=\"elementor-widget-container\">\n<h3 class=\"elementor-heading-title elementor-size-default\" style=\"text-align: right;\"><\/h3>\n<\/div>\n<\/div>\n<div class=\"elementor-element elementor-element-a066546 elementor-widget elementor-widget-text-editor\" data-id=\"a066546\" data-element_type=\"widget\" data-widget_type=\"text-editor.default\">\n<div class=\"elementor-widget-container\">\n<p style=\"text-align: right;\">\n<\/div>\n<\/div>","protected":false},"excerpt":{"rendered":"<p style=\"text-align: right;\"><strong>Installation:<\/strong><\/p>\n<p style=\"text-align: right;\"><strong>Azote\u00a0: 15\u00a0%\u00a0<\/strong><\/p>\n<p style=\"text-align: right;\"><strong>Phosphore : 15%<\/strong><\/p>\n<p style=\"text-align: right;\"><strong>Potassium : 15%<\/strong><\/p>\n<p style=\"text-align: right;\"><strong>Caract\u00e9ristiques compos\u00e9es\u00a0:<\/strong><\/p>\n<p style=\"text-align: right;\"><strong>Fabriqu\u00e9 \u00e0 partir de mati\u00e8res premi\u00e8res de haute qualit\u00e9, solubles et rapidement absorb\u00e9es<\/strong><\/p>\n<p style=\"text-align: right;\"><strong>. Engrais de source de potassium\u00a0: le titre de potassium est rapidement soluble et absorb\u00e9<\/strong><\/p>\n<p style=\"text-align: right;\"><strong>. L'engrais est une source de phosphore qui est rapidement dissous et absorb\u00e9\u00a0<\/strong><\/p>\n<p style=\"text-align: right;\"><strong>. Engrais cristallin de haute puret\u00e9 compl\u00e8tement soluble dans l'eau<\/strong><\/p>\n<p style=\"text-align: right;\"><strong>. Il a un effet acide, ce qui augmente la capacit\u00e9 d'absorption des micro et macro \u00e9l\u00e9ments.<\/strong><\/p>\n<p style=\"text-align: right;\"><strong>\u00a0Il augmente la ramification des plants de l\u00e9gumes et de fruits.<\/strong><\/p>\n<p style=\"text-align: right;\"><strong>Tarifs d'utilisation<\/strong><\/p>\n<table class=\"alignright\" style=\"height: 252px;\" width=\"613\">\n<tbody>\n<tr>\n<td width=\"197\"><strong>sc\u00e8ne \u00e0 utiliser<\/strong><\/td>\n<td width=\"197\"><strong>Dosage (kg\/acre\/jour)<\/strong><\/td>\n<td width=\"197\"><strong>La r\u00e9colte<\/strong><\/td>\n<\/tr>\n<tr>\n<td width=\"197\"><strong>Imm\u00e9diatement apr\u00e8s le repiquage<\/strong><\/td>\n<td width=\"197\"><strong>2-3<\/strong><\/td>\n<td width=\"197\"><strong>L\u00e9gumes<\/strong><\/td>\n<\/tr>\n<tr>\n<td width=\"197\"><strong>Avant la floraison<\/strong><\/td>\n<td width=\"197\"><strong>2-4<\/strong><\/td>\n<td width=\"197\"><strong>le fruit<\/strong><\/td>\n<\/tr>\n<tr>\n<td width=\"197\"><strong>\u00c9tapes de ramification<\/strong><\/td>\n<td width=\"197\"><strong>1.5-2<\/strong><\/td>\n<td width=\"197\">\n<p style=\"text-align: right;\"><strong>R\u00e9coltes des champs<\/strong><\/p>\n<\/td>\n<\/tr>\n<\/tbody>\n<\/table>\n<p style=\"text-align: right;\">","protected":false},"featured_media":5099,"comment_status":"open","ping_status":"closed","template":"","meta":[],"product_cat":[183],"product_tag":[107,111,166],"_links":{"self":[{"href":"https:\/\/safetycide.com\/fr\/wp-json\/wp\/v2\/product\/3759"}],"collection":[{"href":"https:\/\/safetycide.com\/fr\/wp-json\/wp\/v2\/product"}],"about":[{"href":"https:\/\/safetycide.com\/fr\/wp-json\/wp\/v2\/types\/product"}],"replies":[{"embeddable":true,"href":"https:\/\/safetycide.com\/fr\/wp-json\/wp\/v2\/comments?post=3759"}],"version-history":[{"count":3,"href":"https:\/\/safetycide.com\/fr\/wp-json\/wp\/v2\/product\/3759\/revisions"}],"predecessor-version":[{"id":5017,"href":"https:\/\/safetycide.com\/fr\/wp-json\/wp\/v2\/product\/3759\/revisions\/5017"}],"wp:featuredmedia":[{"embeddable":true,"href":"https:\/\/safetycide.com\/fr\/wp-json\/wp\/v2\/media\/5099"}],"wp:attachment":[{"href":"https:\/\/safetycide.com\/fr\/wp-json\/wp\/v2\/media?parent=3759"}],"wp:term":[{"taxonomy":"product_cat","embeddable":true,"href":"https:\/\/safetycide.com\/fr\/wp-json\/wp\/v2\/product_cat?post=3759"},{"taxonomy":"product_tag","embeddable":true,"href":"https:\/\/safetycide.com\/fr\/wp-json\/wp\/v2\/product_tag?post=3759"}],"curies":[{"name":"wp","href":"https:\/\/api.w.org\/{rel}","templated":true}]}}