{"id":3758,"date":"2023-08-12T14:17:08","date_gmt":"2023-08-12T12:17:08","guid":{"rendered":"https:\/\/safetycide.com\/?post_type=product&#038;p=3758"},"modified":"2025-09-09T13:09:41","modified_gmt":"2025-09-09T11:09:41","slug":"%d8%a2%d9%84%d9%8a%d9%83-%d9%86%d8%aa%d8%b1%d8%a7%d8%aa-%d8%a8%d9%88%d8%aa%d8%a7%d8%b3%d9%8a%d9%88%d9%85","status":"publish","type":"product","link":"https:\/\/safetycide.com\/fr\/product\/%d8%a2%d9%84%d9%8a%d9%83-%d9%86%d8%aa%d8%b1%d8%a7%d8%aa-%d8%a8%d9%88%d8%aa%d8%a7%d8%b3%d9%8a%d9%88%d9%85\/","title":{"rendered":"Nitrate de potassium Alik"},"content":{"rendered":"<p style=\"text-align: right;\"><strong>\u0627\u0644\u062a\u0631\u0643\u064a\u0628:<\/strong><\/p>\n<pre style=\"text-align: right;\"><strong>Azote\u00a0: 13\u00a0%<\/strong><\/pre>\n<pre style=\"text-align: right;\"><strong>\u00a0Potassium : 46%<\/strong><\/pre>\n<p style=\"text-align: right;\"><strong>Un engrais riche en potassium sous la forme de potassium la plus pure et la plus puissante pour l'absorption, qui est la forme de nitrate de potassium. Le produit (Elec) se distingue par le fait qu'il contient du nitrate de potassium d'une puret\u00e9 de 99,9%. Par cons\u00e9quent, le compos\u00e9 est utilis\u00e9 comme une pulv\u00e9risation sur les pousses ou une fertilisation du sol pour aider \u00e0 retenir les fleurs et calibrer les fruits.<\/strong><\/p>\n<p style=\"text-align: right;\"><strong>\u00a0L'engrais (Potassium Alic) offre des avantages suppl\u00e9mentaires, notamment <\/strong><\/p>\n<p style=\"text-align: right;\"><strong>\u00a0\u00a0 Haute puret\u00e9 et faible pourcentage de sels. \u2013 Le niveau d\u2019humidit\u00e9 est faible. \u2013 Faible acidit\u00e9, \u00e9coulement rapide. \u2013 Dissolution rapide\u00a0<\/strong><\/p>\n<p style=\"text-align: right;\"><strong>\u2013 Pourcentage \u00e9lev\u00e9 d\u2019azote et de potassium<\/strong><\/p>\n<p style=\"text-align: right;\"><strong>\u00a0Le nitrate de potassium (Potassium Alec) est facile et s\u00fbr \u00e0 utiliser sur les cultures, les fleurs, les l\u00e9gumes, les fraises, les plantes (int\u00e9rieures et ext\u00e9rieures), le teck, les pommes de terre, les arbres fruitiers, les raisins, les agrumes, les ananas, le coton, les bananes, les mangues, les olives, tomates, pommes de terre, jardins potagers et espaces verts.\u00a0<\/strong><\/p>\n<p style=\"text-align: right;\"><strong>\u064a\u0648\u0641\u0631 \u0627\u0644\u064a\u0643<\/strong><strong> K <\/strong><strong>De nombreux effets positifs tels qu'une croissance accrue des racines, une am\u00e9lioration de la r\u00e9sistance \u00e0 la s\u00e9cheresse, une r\u00e9duction de la perte d'eau et du fl\u00e9trissement, une am\u00e9lioration de la r\u00e9sistance au froid hivernal et une meilleure r\u00e9sistance aux ravageurs et aux maladies.\u00a0<\/strong><\/p>","protected":false},"excerpt":{"rendered":"<p style=\"text-align: right;\"><strong>Installation:<\/strong><\/p>\n<pre style=\"text-align: right;\"><strong>Azote\u00a0: 13\u00a0%<\/strong><\/pre>\n<pre style=\"text-align: right;\"><strong>\u00a0Potassium : 46%<\/strong><\/pre>\n<p style=\"text-align: right;\"><strong>Un engrais riche en potassium sous la forme de potassium la plus pure et la plus puissante pour l'absorption, qui est la forme de nitrate de potassium. Le produit (Elec) se distingue par le fait qu'il contient du nitrate de potassium d'une puret\u00e9 de 99,9%. Par cons\u00e9quent, le compos\u00e9 est utilis\u00e9 comme une pulv\u00e9risation sur les pousses ou une fertilisation du sol pour aider \u00e0 retenir les fleurs et calibrer les fruits.<\/strong><\/p>\n<p style=\"text-align: right;\"><strong>\u00a0L'engrais (Potassium Alic) offre des avantages suppl\u00e9mentaires, notamment <\/strong><\/p>\n<p style=\"text-align: right;\"><strong>\u00a0\u00a0 Haute puret\u00e9 et faible pourcentage de sels. \u2013 Le niveau d\u2019humidit\u00e9 est faible. \u2013 Faible acidit\u00e9, \u00e9coulement rapide. \u2013 Dissolution rapide\u00a0<\/strong><\/p>\n<p style=\"text-align: right;\"><strong>\u2013 Pourcentage \u00e9lev\u00e9 d\u2019azote et de potassium<\/strong><\/p>\n<p style=\"text-align: right;\"><strong>\u00a0Le nitrate de potassium (Potassium Alec) est facile et s\u00fbr \u00e0 utiliser sur les cultures, les fleurs, les l\u00e9gumes, les fraises, les plantes (int\u00e9rieures et ext\u00e9rieures), le teck, les pommes de terre, les arbres fruitiers, les raisins, les agrumes, les ananas, le coton, les bananes, les mangues, les olives, tomates, pommes de terre, jardins potagers et espaces verts.\u00a0<\/strong><\/p>\n<p style=\"text-align: right;\"><strong>\u064a\u0648\u0641\u0631 \u0627\u0644\u064a\u0643<\/strong><strong> K <\/strong><strong>De nombreux effets positifs tels qu'une croissance accrue des racines, une am\u00e9lioration de la r\u00e9sistance \u00e0 la s\u00e9cheresse, une r\u00e9duction de la perte d'eau et du fl\u00e9trissement, une am\u00e9lioration de la r\u00e9sistance au froid hivernal et une meilleure r\u00e9sistance aux ravageurs et aux maladies.\u00a0<\/strong><\/p>","protected":false},"featured_media":5102,"comment_status":"open","ping_status":"closed","template":"","meta":[],"product_cat":[183],"product_tag":[107,111,166],"_links":{"self":[{"href":"https:\/\/safetycide.com\/fr\/wp-json\/wp\/v2\/product\/3758"}],"collection":[{"href":"https:\/\/safetycide.com\/fr\/wp-json\/wp\/v2\/product"}],"about":[{"href":"https:\/\/safetycide.com\/fr\/wp-json\/wp\/v2\/types\/product"}],"replies":[{"embeddable":true,"href":"https:\/\/safetycide.com\/fr\/wp-json\/wp\/v2\/comments?post=3758"}],"version-history":[{"count":2,"href":"https:\/\/safetycide.com\/fr\/wp-json\/wp\/v2\/product\/3758\/revisions"}],"predecessor-version":[{"id":4996,"href":"https:\/\/safetycide.com\/fr\/wp-json\/wp\/v2\/product\/3758\/revisions\/4996"}],"wp:featuredmedia":[{"embeddable":true,"href":"https:\/\/safetycide.com\/fr\/wp-json\/wp\/v2\/media\/5102"}],"wp:attachment":[{"href":"https:\/\/safetycide.com\/fr\/wp-json\/wp\/v2\/media?parent=3758"}],"wp:term":[{"taxonomy":"product_cat","embeddable":true,"href":"https:\/\/safetycide.com\/fr\/wp-json\/wp\/v2\/product_cat?post=3758"},{"taxonomy":"product_tag","embeddable":true,"href":"https:\/\/safetycide.com\/fr\/wp-json\/wp\/v2\/product_tag?post=3758"}],"curies":[{"name":"wp","href":"https:\/\/api.w.org\/{rel}","templated":true}]}}