{"id":3757,"date":"2023-08-12T14:15:25","date_gmt":"2023-08-12T12:15:25","guid":{"rendered":"https:\/\/safetycide.com\/?post_type=product&#038;p=3757"},"modified":"2024-11-20T09:05:03","modified_gmt":"2024-11-20T07:05:03","slug":"%d9%86%db%8c%d8%aa%d8%b1%d9%88-%d8%a3%d9%85%d9%8a%d9%86%d9%88","status":"publish","type":"product","link":"https:\/\/safetycide.com\/fr\/product\/%d9%86%db%8c%d8%aa%d8%b1%d9%88-%d8%a3%d9%85%d9%8a%d9%86%d9%88\/","title":{"rendered":"Nitro Amino"},"content":{"rendered":"<div class=\"elementor-element elementor-element-95f15ed elementor-widget elementor-widget-heading\" data-id=\"95f15ed\" data-element_type=\"widget\" data-widget_type=\"heading.default\">\n<div class=\"elementor-widget-container\">\n<h3 class=\"elementor-heading-title elementor-size-default\" style=\"text-align: right;\"><\/h3>\n<\/div>\n<\/div>\n<div class=\"elementor-element elementor-element-6f6345c elementor-widget elementor-widget-text-editor\" data-id=\"6f6345c\" data-element_type=\"widget\" data-widget_type=\"text-editor.default\">\n<div class=\"elementor-widget-container\">\n<p style=\"text-align: right;\">\n<\/div>\n<\/div>","protected":false},"excerpt":{"rendered":"<div class=\"elementor-element elementor-element-95f15ed elementor-widget elementor-widget-heading\" data-id=\"95f15ed\" data-element_type=\"widget\" data-widget_type=\"heading.default\">\n<div class=\"elementor-widget-container\"><\/div>\n<\/div>\n<div class=\"elementor-element elementor-element-6f6345c elementor-widget elementor-widget-text-editor\" data-id=\"6f6345c\" data-element_type=\"widget\" data-widget_type=\"text-editor.default\">\n<div class=\"elementor-widget-container\">\n<p style=\"text-align: right;\"><strong>Installation:<\/strong><br \/>\n<strong>Acides amin\u00e9s libres : 45%<\/strong><br \/>\n<strong>Azote:20%<\/strong><br \/>\n<strong>Avantages compos\u00e9s<\/strong><br \/>\n<strong>L'engrais nitroamino sous forme de p\u00e2te contient un pourcentage \u00e9lev\u00e9 d'acides amin\u00e9s et d'azote sous forme libre qui est facilement absorb\u00e9 par toutes les cultures mara\u00eech\u00e8res et fruiti\u00e8res pour stimuler le m\u00e9tabolisme et augmenter l'\u00e9nergie des plantes.\u00a0<\/strong><br \/>\n<strong>Le nitroamino se caract\u00e9rise par la fourniture de l'\u00e9nergie de liaison entre les acides amin\u00e9s n\u00e9cessaire pour lier ensemble les acides amin\u00e9s, les enzymes et les glucides, augmentant ainsi leur concentration dans la plante.<\/strong><br \/>\n<strong>Nitroamino r\u00e9duit l'effet du stress r\u00e9sultant des temp\u00e9ratures \u00e9lev\u00e9es ou du gel\u00a0<\/strong><br \/>\n<strong>Le nitroamino augmente de mani\u00e8re significative la croissance v\u00e9g\u00e9tative, florale et fruiti\u00e8re, car il contribue \u00e0 la formation d'auxines et d'hormones responsables du processus d'\u00e9longation des tiges, ainsi qu'\u00e0 la croissance des bourgeons et \u00e0 la formation des fleurs et des n\u0153uds.<\/strong><br \/>\n<strong>Le t\u00e9troamino augmente consid\u00e9rablement la production par acre<\/strong><br \/>\n<strong>Posologie et fr\u00e9quence d'utilisation<\/strong><br \/>\n<strong>Le nitroamino est ajout\u00e9 \u00e0 raison de 1 \u00e0 2 g\/litre d'eau.<\/strong><\/p>\n<p style=\"text-align: right;\">\n<\/div>\n<\/div>","protected":false},"featured_media":3961,"comment_status":"open","ping_status":"closed","template":"","meta":[],"product_cat":[183],"product_tag":[107,111,166],"_links":{"self":[{"href":"https:\/\/safetycide.com\/fr\/wp-json\/wp\/v2\/product\/3757"}],"collection":[{"href":"https:\/\/safetycide.com\/fr\/wp-json\/wp\/v2\/product"}],"about":[{"href":"https:\/\/safetycide.com\/fr\/wp-json\/wp\/v2\/types\/product"}],"replies":[{"embeddable":true,"href":"https:\/\/safetycide.com\/fr\/wp-json\/wp\/v2\/comments?post=3757"}],"version-history":[{"count":4,"href":"https:\/\/safetycide.com\/fr\/wp-json\/wp\/v2\/product\/3757\/revisions"}],"predecessor-version":[{"id":5046,"href":"https:\/\/safetycide.com\/fr\/wp-json\/wp\/v2\/product\/3757\/revisions\/5046"}],"wp:featuredmedia":[{"embeddable":true,"href":"https:\/\/safetycide.com\/fr\/wp-json\/wp\/v2\/media\/3961"}],"wp:attachment":[{"href":"https:\/\/safetycide.com\/fr\/wp-json\/wp\/v2\/media?parent=3757"}],"wp:term":[{"taxonomy":"product_cat","embeddable":true,"href":"https:\/\/safetycide.com\/fr\/wp-json\/wp\/v2\/product_cat?post=3757"},{"taxonomy":"product_tag","embeddable":true,"href":"https:\/\/safetycide.com\/fr\/wp-json\/wp\/v2\/product_tag?post=3757"}],"curies":[{"name":"wp","href":"https:\/\/api.w.org\/{rel}","templated":true}]}}