{"id":3756,"date":"2023-08-12T14:12:05","date_gmt":"2023-08-12T12:12:05","guid":{"rendered":"https:\/\/safetycide.com\/?post_type=product&#038;p=3756"},"modified":"2024-11-03T05:38:49","modified_gmt":"2024-11-03T03:38:49","slug":"%d9%83%d8%a7%d9%84%d8%b3%d9%8a%d9%88%d8%a8%d9%88%d8%b1%d8%b1-%d8%ac%d9%8a%d9%84-%d9%85%d8%b1%d9%83%d8%a8-%d8%b7%d8%a7%d9%82%d9%87-2","status":"publish","type":"product","link":"https:\/\/safetycide.com\/fr\/product\/%d9%83%d8%a7%d9%84%d8%b3%d9%8a%d9%88%d8%a8%d9%88%d8%b1%d8%b1-%d8%ac%d9%8a%d9%84-%d9%85%d8%b1%d9%83%d8%a8-%d8%b7%d8%a7%d9%82%d9%87-2\/","title":{"rendered":"Gel Calcioporer (complexe \u00e9nerg\u00e9tique)"},"content":{"rendered":null,"protected":false},"excerpt":{"rendered":"<div class=\"elementor-element elementor-element-ca20f3b elementor-widget elementor-widget-heading\" data-id=\"ca20f3b\" data-element_type=\"widget\" data-widget_type=\"heading.default\">\n<div class=\"elementor-widget-container\">\n<h3 style=\"text-align: right;\"><strong>\u00a0Installation:\u00a0<\/strong><\/h3>\n<h3 style=\"text-align: right;\"><strong>\u00a0\u00a0Azote ammoniacal : 1,36 %\u00a0<\/strong><\/h3>\n<h3 style=\"text-align: right;\"><strong>Azote nitr\u00e9 : 8,45 %<\/strong><\/h3>\n<h3 style=\"text-align: right;\"><strong>Calcium : 10%<\/strong><\/h3>\n<h3 style=\"text-align: right;\"><strong>Azote total : 10%<\/strong><\/h3>\n<\/div>\n<\/div>\n<div class=\"elementor-element elementor-element-cacaf8a elementor-widget elementor-widget-text-editor\" data-id=\"cacaf8a\" data-element_type=\"widget\" data-widget_type=\"text-editor.default\">\n<div class=\"elementor-widget-container\">\n<h3 style=\"text-align: right;\"><strong>Caract\u00e9ristiques compos\u00e9es\u00a0:<\/strong><\/h3>\n<h3 style=\"text-align: right;\"><strong>Carbonate de supercalcium\u00a0: un compos\u00e9 \u00e9nerg\u00e9tique qui lib\u00e8re le calcium afin qu'il devienne un cation\u00a0 <\/strong><strong>\u00a0<\/strong><\/h3>\n<h3 style=\"text-align: right;\"><strong>Ce qui facilite et acc\u00e9l\u00e8re son absorption rapide et son entr\u00e9e dans la plante. De plus, la pr\u00e9sence de l'\u00e9l\u00e9ment sous forme de cation libre fait que l'\u00e9l\u00e9ment travaille rapidement dans des t\u00e2ches fonctionnelles au sein de la plante, ce qui r\u00e9duit la carence en calcium et pr\u00e9vient l'apparition de sympt\u00f4mes de carence en calcium sur la plante.<\/strong><strong> Le chlorure de supercalcium augmente l'immunit\u00e9 de la plante contre les infections fongiques.\u00a0<\/strong><\/h3>\n<h3 style=\"text-align: right;\"><strong>\u00a0 Supercalciumporer (anti-sel) <\/strong><\/h3>\n<h3 style=\"text-align: right;\"><strong>La pr\u00e9sence de l'\u00e9l\u00e9ment calcium dans le compos\u00e9 sous forme de cation libre facilite et acc\u00e9l\u00e8re l'association de l'\u00e9l\u00e9ment calcium avec le chlore et l'expulsion de l'\u00e9l\u00e9ment sodium, qui est lav\u00e9 \u00e0 travers l'eau d'irrigation. <\/strong><\/h3>\n<\/div>\n<\/div>","protected":false},"featured_media":1649,"comment_status":"open","ping_status":"closed","template":"","meta":[],"product_cat":[183],"product_tag":[107,111,166],"_links":{"self":[{"href":"https:\/\/safetycide.com\/fr\/wp-json\/wp\/v2\/product\/3756"}],"collection":[{"href":"https:\/\/safetycide.com\/fr\/wp-json\/wp\/v2\/product"}],"about":[{"href":"https:\/\/safetycide.com\/fr\/wp-json\/wp\/v2\/types\/product"}],"replies":[{"embeddable":true,"href":"https:\/\/safetycide.com\/fr\/wp-json\/wp\/v2\/comments?post=3756"}],"version-history":[{"count":4,"href":"https:\/\/safetycide.com\/fr\/wp-json\/wp\/v2\/product\/3756\/revisions"}],"predecessor-version":[{"id":5074,"href":"https:\/\/safetycide.com\/fr\/wp-json\/wp\/v2\/product\/3756\/revisions\/5074"}],"wp:featuredmedia":[{"embeddable":true,"href":"https:\/\/safetycide.com\/fr\/wp-json\/wp\/v2\/media\/1649"}],"wp:attachment":[{"href":"https:\/\/safetycide.com\/fr\/wp-json\/wp\/v2\/media?parent=3756"}],"wp:term":[{"taxonomy":"product_cat","embeddable":true,"href":"https:\/\/safetycide.com\/fr\/wp-json\/wp\/v2\/product_cat?post=3756"},{"taxonomy":"product_tag","embeddable":true,"href":"https:\/\/safetycide.com\/fr\/wp-json\/wp\/v2\/product_tag?post=3756"}],"curies":[{"name":"wp","href":"https:\/\/api.w.org\/{rel}","templated":true}]}}