{"id":3755,"date":"2023-08-12T14:06:03","date_gmt":"2023-08-12T12:06:03","guid":{"rendered":"https:\/\/safetycide.com\/?post_type=product&#038;p=3755"},"modified":"2024-03-10T16:45:06","modified_gmt":"2024-03-10T14:45:06","slug":"%d9%86%d8%aa%d8%b1%d8%a7%d8%aa-%d9%85%d8%a7%d8%ba%d9%86%d8%b3%d9%8a%d9%88%d9%85","status":"publish","type":"product","link":"https:\/\/safetycide.com\/fr\/product\/%d9%86%d8%aa%d8%b1%d8%a7%d8%aa-%d9%85%d8%a7%d8%ba%d9%86%d8%b3%d9%8a%d9%88%d9%85\/","title":{"rendered":"Nitrate de magn\u00e9sium"},"content":{"rendered":null,"protected":false},"excerpt":{"rendered":"<div class=\"elementor-element elementor-element-a386879 elementor-widget elementor-widget-heading\" data-id=\"a386879\" data-element_type=\"widget\" data-widget_type=\"heading.default\">\n<div class=\"elementor-widget-container\">\n<div class=\"elementor-element elementor-element-a386879 elementor-widget elementor-widget-heading\" data-id=\"a386879\" data-element_type=\"widget\" data-widget_type=\"heading.default\">\n<h3 class=\"elementor-widget-container\"><\/h3>\n<\/div>\n<div class=\"elementor-element elementor-element-5b00bbc elementor-widget elementor-widget-text-editor\" data-id=\"5b00bbc\" data-element_type=\"widget\" data-widget_type=\"text-editor.default\">\n<div class=\"elementor-widget-container\">\n<h3 style=\"text-align: right;\"><strong>Composition chimique:<\/strong><br \/>\n<strong>Azote : 5%<\/strong><br \/>\n<strong>Magn\u00e9sium : 8%<\/strong><br \/>\n<strong>Caract\u00e9ristiques compos\u00e9es\u00a0:<\/strong><br \/>\n<strong>Nitrate de magn\u00e9sium : engrais liquide qui contient du magn\u00e9sium sous forme de nitrate de magn\u00e9sium, c'est donc un engrais facile \u00e0 absorber par les plantes et qui traite les carences en magn\u00e9sium.<\/strong><br \/>\n<strong>L'engrais liquide au nitrate de magn\u00e9sium est utilis\u00e9 par des m\u00e9thodes d'irrigation modernes, ainsi que pulv\u00e9ris\u00e9 sur les feuilles.<\/strong><br \/>\n<strong>L'importance du magn\u00e9sium pour les plantes<\/strong><br \/>\n<strong>Il entre dans la synth\u00e8se de la chlorophylle et participe au mouvement du phosphore des plantes et \u00e0 l'\u00e9change des glucides.<\/strong><br \/>\n<strong>Il affecte l'activit\u00e9 d'oxydation et de r\u00e9duction, et le magn\u00e9sium entre dans la synth\u00e8se du compos\u00e9 organique, qui est consid\u00e9r\u00e9 comme la r\u00e9serve fondamentale du phosphore.<\/strong><br \/>\n<strong>En cas de carence en magn\u00e9sium, la teneur en chlorophylle des parties vertes de la plante diminue et un jaunissement se d\u00e9veloppe entre les nervures de la feuille, et les nervures restent vertes.<\/strong><br \/>\n<strong>Une carence s\u00e9v\u00e8re en \u00e9l\u00e9ment magn\u00e9sium entra\u00eene l'aspect marbr\u00e9 des feuilles, leur torsion et leur jaunissement, et la carence de cet \u00e9l\u00e9ment appara\u00eet sur les cultures feuillues des sols pauvres sableux et subsablonneux \u00e0 r\u00e9action acide.<\/strong><br \/>\n<strong>Tarifs d'utilisation<\/strong><br \/>\n<strong>Utilisation au sol : \u00e0 partir de 3:1 litres\/acre, selon l'\u00e2ge et le type de culture<\/strong><br \/>\n<strong>Utilisation foliaire : 2-3 cm\/litre d'eau pendant les phases de croissance v\u00e9g\u00e9tative, de floraison et de fructification<\/strong><\/h3>\n<\/div>\n<\/div>\n<\/div>\n<\/div>","protected":false},"featured_media":1656,"comment_status":"open","ping_status":"closed","template":"","meta":[],"product_cat":[183],"product_tag":[93,111,166],"_links":{"self":[{"href":"https:\/\/safetycide.com\/fr\/wp-json\/wp\/v2\/product\/3755"}],"collection":[{"href":"https:\/\/safetycide.com\/fr\/wp-json\/wp\/v2\/product"}],"about":[{"href":"https:\/\/safetycide.com\/fr\/wp-json\/wp\/v2\/types\/product"}],"replies":[{"embeddable":true,"href":"https:\/\/safetycide.com\/fr\/wp-json\/wp\/v2\/comments?post=3755"}],"version-history":[{"count":3,"href":"https:\/\/safetycide.com\/fr\/wp-json\/wp\/v2\/product\/3755\/revisions"}],"predecessor-version":[{"id":5077,"href":"https:\/\/safetycide.com\/fr\/wp-json\/wp\/v2\/product\/3755\/revisions\/5077"}],"wp:featuredmedia":[{"embeddable":true,"href":"https:\/\/safetycide.com\/fr\/wp-json\/wp\/v2\/media\/1656"}],"wp:attachment":[{"href":"https:\/\/safetycide.com\/fr\/wp-json\/wp\/v2\/media?parent=3755"}],"wp:term":[{"taxonomy":"product_cat","embeddable":true,"href":"https:\/\/safetycide.com\/fr\/wp-json\/wp\/v2\/product_cat?post=3755"},{"taxonomy":"product_tag","embeddable":true,"href":"https:\/\/safetycide.com\/fr\/wp-json\/wp\/v2\/product_tag?post=3755"}],"curies":[{"name":"wp","href":"https:\/\/api.w.org\/{rel}","templated":true}]}}