{"id":3754,"date":"2023-08-12T14:03:31","date_gmt":"2023-08-12T12:03:31","guid":{"rendered":"https:\/\/safetycide.com\/?post_type=product&#038;p=3754"},"modified":"2024-03-10T12:15:17","modified_gmt":"2024-03-10T10:15:17","slug":"%d8%a8%d9%88%d8%aa%d8%a7%d8%b3%d9%8a%d9%88%d9%85-%d9%86%d8%aa%d8%b1%d8%a7%d8%aa","status":"publish","type":"product","link":"https:\/\/safetycide.com\/fr\/product\/%d8%a8%d9%88%d8%aa%d8%a7%d8%b3%d9%8a%d9%88%d9%85-%d9%86%d8%aa%d8%b1%d8%a7%d8%aa\/","title":{"rendered":"Nitrate de potassium"},"content":{"rendered":null,"protected":false},"excerpt":{"rendered":"<div class=\"elementor-element elementor-element-1fabea4 elementor-widget elementor-widget-heading\" data-id=\"1fabea4\" data-element_type=\"widget\" data-widget_type=\"heading.default\">\n<div class=\"elementor-widget-container\"><\/div>\n<\/div>\n<div class=\"elementor-element elementor-element-e25787e elementor-widget elementor-widget-text-editor\" data-id=\"e25787e\" data-element_type=\"widget\" data-widget_type=\"text-editor.default\">\n<div class=\"elementor-widget-container\">\n<p style=\"text-align: right;\"><strong>Installation:<\/strong><br \/>\n<strong>10%\u00a0: Azote\u00a0<\/strong><br \/>\n<strong>potassium:22%\u00a0<\/strong><br \/>\n<strong>Avantages du compos\u00e9 :<\/strong><br \/>\n<strong>Nitrate de potassium : Soad convient \u00e0 tous les syst\u00e8mes d\u2019irrigation et peut \u00eatre utilis\u00e9 en pulv\u00e9risation sur les feuilles. Il contient de l'azote sous une forme facilement absorb\u00e9e. Cet \u00e9l\u00e9ment est important pour la formation du protoplasme, qui constitue toutes les cellules vivantes. Il est \u00e9galement impliqu\u00e9 dans la synth\u00e8se des acides amin\u00e9s, des prot\u00e9ines et de la chlorophylle.<\/strong><br \/>\n<strong>Il contient du potassium en forte concentration sous une forme facilement absorb\u00e9e, qui est la forme de nitrate de potassium. L'\u00e9l\u00e9ment potassium joue un r\u00f4le important dans les plantes, car il<\/strong><br \/>\n<strong>\u00a0Il contribue \u00e0 l'activit\u00e9 de plus de 10 enzymes, aide \u00e0 la photosynth\u00e8se et r\u00e9gule le processus d'ouverture et de fermeture des stomates. Il est responsable du transport des nutriments vers et depuis la cellule, il augmente donc la teneur en sucre des fruits (raisins en porte-\u00e0-faux). .<\/strong><br \/>\n<strong>Il agit en augmentant la teneur en germes de la cellule, donc en augmentant la taille des fruits (tomates, concombres, courgettes).<\/strong><br \/>\n<strong>\u00a0Nitrate de potassium : Il est pr\u00e9f\u00e9rable de l\u2019utiliser sur les cultures de tubercules comme les pommes de terre, les ignames et les oignons, car il contribue \u00e0 augmenter la capacit\u00e9 de stockage des plantes, augmentant ainsi consid\u00e9rablement la taille des tubercules et le rendement.<\/strong><br \/>\n<strong>\u00a0Nitrate de potassium : important pour la formation des fleurs et des n\u0153uds, il est donc pr\u00e9f\u00e9rable de le fertiliser pendant la phase de floraison et de l\u00e9chage<\/strong><br \/>\n<strong>Doses d'utilisation : - Utilisation au sol : de 3 \u00e0 7 litres\/acre selon la culture et l'\u00e2ge de la plante. \u2013 Utilisation foliaire : \u00e0 partir de 22 cm\/litre d\u2019eau pendant la phase de croissance v\u00e9g\u00e9tative et avant la floraison<\/strong><\/p>\n<\/div>\n<\/div>","protected":false},"featured_media":1704,"comment_status":"open","ping_status":"closed","template":"","meta":[],"product_cat":[183],"product_tag":[93,111,166],"_links":{"self":[{"href":"https:\/\/safetycide.com\/fr\/wp-json\/wp\/v2\/product\/3754"}],"collection":[{"href":"https:\/\/safetycide.com\/fr\/wp-json\/wp\/v2\/product"}],"about":[{"href":"https:\/\/safetycide.com\/fr\/wp-json\/wp\/v2\/types\/product"}],"replies":[{"embeddable":true,"href":"https:\/\/safetycide.com\/fr\/wp-json\/wp\/v2\/comments?post=3754"}],"version-history":[{"count":3,"href":"https:\/\/safetycide.com\/fr\/wp-json\/wp\/v2\/product\/3754\/revisions"}],"predecessor-version":[{"id":5062,"href":"https:\/\/safetycide.com\/fr\/wp-json\/wp\/v2\/product\/3754\/revisions\/5062"}],"wp:featuredmedia":[{"embeddable":true,"href":"https:\/\/safetycide.com\/fr\/wp-json\/wp\/v2\/media\/1704"}],"wp:attachment":[{"href":"https:\/\/safetycide.com\/fr\/wp-json\/wp\/v2\/media?parent=3754"}],"wp:term":[{"taxonomy":"product_cat","embeddable":true,"href":"https:\/\/safetycide.com\/fr\/wp-json\/wp\/v2\/product_cat?post=3754"},{"taxonomy":"product_tag","embeddable":true,"href":"https:\/\/safetycide.com\/fr\/wp-json\/wp\/v2\/product_tag?post=3754"}],"curies":[{"name":"wp","href":"https:\/\/api.w.org\/{rel}","templated":true}]}}