{"id":3594,"date":"2017-12-14T10:03:57","date_gmt":"2017-12-14T10:03:57","guid":{"rendered":"https:\/\/elessi.nasatheme.com\/?post_type=product&#038;p=1289"},"modified":"2024-11-26T16:05:27","modified_gmt":"2024-11-26T14:05:27","slug":"%d8%a7%d9%83%d8%b3-%d8%a8%d8%b1%d9%8a%d8%b3","status":"publish","type":"product","link":"https:\/\/safetycide.com\/fr\/product\/%d8%a7%d9%83%d8%b3-%d8%a8%d8%b1%d9%8a%d8%b3\/","title":{"rendered":"xpress"},"content":{"rendered":null,"protected":false},"excerpt":{"rendered":"<p style=\"text-align: right;\"><strong>Installation:\u00a0<\/strong><\/p>\n<p style=\"text-align: right;\">Azote:20%<\/p>\n<p style=\"text-align: right;\">%phosphore\u00a0: 20<\/p>\n<p style=\"text-align: right;\">% Potassium\u00a0: 20<\/p>\n<p style=\"text-align: right;\"><strong>Fonctionnalit\u00e9s compos\u00e9es<\/strong><\/p>\n<p style=\"text-align: right;\">\u00a0X-Press est un engrais int\u00e9gr\u00e9 au sol et foliaire qui contient un groupe de macro\u00e9l\u00e9ments et micro\u00e9l\u00e9ments qui sont rapidement dissous et absorb\u00e9s.<\/p>\n<p style=\"text-align: right;\">X-Press contient de l'azote, du phosphore et du potassium sous des formes pures et facilement absorb\u00e9es, ce qui augmente le total. Le v\u00e9g\u00e9tatif<\/p>\n<p style=\"text-align: right;\">X-Press traite les sympt\u00f4mes de carence en macro et micro\u00e9l\u00e9ments des plantes. X-Press r\u00e9duit le stress d\u00fb \u00e0 la chaleur et au gel.<\/p>\n<p style=\"text-align: right;\">Tarifs d'utilisation<\/p>\n<table class=\"alignright\" style=\"height: 251px;\" width=\"613\">\n<tbody>\n<tr>\n<td width=\"197\">sc\u00e8ne \u00e0 utiliser<\/td>\n<td width=\"197\">Dosage (kg\/acre\/jour)<\/td>\n<td width=\"197\">La r\u00e9colte<\/td>\n<\/tr>\n<tr>\n<td width=\"197\">Imm\u00e9diatement apr\u00e8s le repiquage<\/td>\n<td width=\"197\">2-3<\/td>\n<td width=\"197\">L\u00e9gumes<\/td>\n<\/tr>\n<tr>\n<td width=\"197\">Avant la floraison<\/td>\n<td width=\"197\">2-4<\/td>\n<td style=\"text-align: left;\" width=\"197\">le fruit<\/td>\n<\/tr>\n<tr>\n<td width=\"197\">\u00c9tapes de ramification<\/td>\n<td width=\"197\">1.5-2<\/td>\n<td width=\"197\">\n<p style=\"text-align: left;\">R\u00e9coltes des champs<\/p>\n<\/td>\n<\/tr>\n<\/tbody>\n<\/table>","protected":false},"featured_media":5105,"comment_status":"open","ping_status":"closed","template":"","meta":[],"product_cat":[183],"product_tag":[95,166],"_links":{"self":[{"href":"https:\/\/safetycide.com\/fr\/wp-json\/wp\/v2\/product\/3594"}],"collection":[{"href":"https:\/\/safetycide.com\/fr\/wp-json\/wp\/v2\/product"}],"about":[{"href":"https:\/\/safetycide.com\/fr\/wp-json\/wp\/v2\/types\/product"}],"replies":[{"embeddable":true,"href":"https:\/\/safetycide.com\/fr\/wp-json\/wp\/v2\/comments?post=3594"}],"version-history":[{"count":5,"href":"https:\/\/safetycide.com\/fr\/wp-json\/wp\/v2\/product\/3594\/revisions"}],"predecessor-version":[{"id":5023,"href":"https:\/\/safetycide.com\/fr\/wp-json\/wp\/v2\/product\/3594\/revisions\/5023"}],"wp:featuredmedia":[{"embeddable":true,"href":"https:\/\/safetycide.com\/fr\/wp-json\/wp\/v2\/media\/5105"}],"wp:attachment":[{"href":"https:\/\/safetycide.com\/fr\/wp-json\/wp\/v2\/media?parent=3594"}],"wp:term":[{"taxonomy":"product_cat","embeddable":true,"href":"https:\/\/safetycide.com\/fr\/wp-json\/wp\/v2\/product_cat?post=3594"},{"taxonomy":"product_tag","embeddable":true,"href":"https:\/\/safetycide.com\/fr\/wp-json\/wp\/v2\/product_tag?post=3594"}],"curies":[{"name":"wp","href":"https:\/\/api.w.org\/{rel}","templated":true}]}}