{"id":3593,"date":"2018-02-14T09:59:05","date_gmt":"2018-02-14T07:59:05","guid":{"rendered":"https:\/\/elessi.nasatheme.com\/?post_type=product&#038;p=1278"},"modified":"2025-05-08T19:38:15","modified_gmt":"2025-05-08T17:38:15","slug":"%d9%83%d8%a7%d9%84%d8%b3%d9%8a%d9%88%d8%a8%d9%88%d8%b1%d8%b1-%d8%ac%d9%8a%d9%84-%d9%85%d8%b1%d9%83%d8%a8-%d8%b7%d8%a7%d9%82%d9%87","status":"publish","type":"product","link":"https:\/\/safetycide.com\/fr\/product\/%d9%83%d8%a7%d9%84%d8%b3%d9%8a%d9%88%d8%a8%d9%88%d8%b1%d8%b1-%d8%ac%d9%8a%d9%84-%d9%85%d8%b1%d9%83%d8%a8-%d8%b7%d8%a7%d9%82%d9%87\/","title":{"rendered":"Delta Side"},"content":{"rendered":"<div class=\"elementor-element elementor-element-e2129c8 elementor-widget elementor-widget-heading\" data-id=\"e2129c8\" data-element_type=\"widget\" data-widget_type=\"heading.default\">\n<div class=\"elementor-widget-container\">\n<h3 class=\"elementor-heading-title elementor-size-default\" style=\"text-align: right;\">Gel Calcioporer (complexe \u00e9nerg\u00e9tique)<\/h3>\n<\/div>\n<\/div>\n<div class=\"elementor-element elementor-element-74432ba elementor-widget elementor-widget-text-editor\" data-id=\"74432ba\" data-element_type=\"widget\" data-widget_type=\"text-editor.default\">\n<div class=\"elementor-widget-container\">\n<p style=\"text-align: right;\">\u0627\u0644\u062a\u0631\u0643\u064a\u0628 : \u0627\u0644\u0645\u0627\u062f\u0629 \u0627\u0644\u0641\u0639\u0627\u0644\u0629 : \u062f\u0644\u062a\u0627\u0645\u062b\u0631\u064a\u0646<br \/>\n\u0627\u0644\u0645\u062a\u062d\u0636\u0631 \u0641\u064a \u0635\u0648\u0631\u0629 \u0645\u0631\u0643\u0632 \u0642\u0627\u0628\u0644 \u0644\u0644\u0627\u0633\u062a\u062d\u0644\u0627\u0628<br \/>\n\u062e\u0648\u0627\u0635 \u0627\u0644\u0645\u0631\u0643\u0628 : \u064a\u0633\u062a\u0639\u0645\u0644 \u062f\u0644\u062a\u0627 \u0633\u0627\u064a\u062f \u0643\u0645\u0628\u064a\u062f \u062d\u0634\u0631\u064a \u0644\u0644\u0642\u0636\u0627\u0621 \u0639\u0644\u064a \u0627\u0644\u0639\u062f\u064a\u062f \u0645\u0646 \u0627\u0644\u062d\u0634\u0631\u0627\u062a \u0627\u0644\u0636\u0627\u0631\u0629 \u0627\u0644\u062a\u064a \u062a\u0635\u064a\u0628 \u0627\u0644\u0645\u062d\u0627\u0635\u064a\u0644 \u0627\u0644\u062d\u0642\u0644\u064a\u0629 \u0648 \u0627\u0644\u062e\u0636\u0631<\/p>\n<p style=\"text-align: right;\">\u0644\u0627\u0645\u0628\u0627\u062f\u0627 \u0633\u0627\u064a\u062f<br \/>\n\u0627\u0644\u062a\u0631\u0643\u064a\u0628 : \u0627\u0644\u0645\u0627\u062f\u0629 \u0627\u0644\u0641\u0639\u0627\u0644\u0629 : \u0644\u0627\u0645\u0628\u0627\u062f\u0627 \u0633\u064a\u0647\u0627\u0644\u0648\u062b\u0631\u064a\u0646<br \/>\n\u0627\u0644\u0645\u0633\u062a\u062d\u0636\u0631 \u0641\u064a \u0635\u0648\u0631\u0629 \u0645\u0631\u0643\u0632 \u0642\u0627\u0628\u0644 \u0644\u0644\u0627\u0633\u062a\u062d\u0644\u0627\u0628<br \/>\n\u062e\u0648\u0627\u0635 \u0627\u0644\u0645\u0631\u0643\u0628 : \u064a\u0633\u062a\u0639\u0645\u0644 \u0644\u0645\u0628\u0627\u062f\u0627 \u0633\u0627\u064a\u062f \u0643\u0645\u0628\u064a\u062f \u062d\u0634\u0631\u064a \u0644\u0644\u0642\u0636\u0627\u0621 \u0639\u0644\u064a \u0627\u0644\u0639\u062f\u064a\u062f \u0645\u0646 \u0627\u0644\u062d\u0634\u0631\u0627\u062a \u0627\u0644\u0636\u0627\u0631\u0629 \u0627\u0644\u062a\u064a \u062a\u0635\u064a\u0628 \u0627\u0644\u0645\u062d\u0627\u0635\u064a\u0644 \u0627\u0644\u062d\u0642\u0644\u064a\u0629 \u0648 \u0627\u0644\u062e\u0636\u0631 \u0628\u0645\u0639\u062f\u0644 1-3\u0633\u0645 \/ \u0628\u062a\u0631 \u0645\u0627\u0621<\/p>\n<p style=\"text-align: right;\">\u0627\u0644\u0641\u0627\u062b\u0631\u064a\u0646 \u0633\u0627\u064a\u062f<br \/>\n\u0627\u0644\u062a\u0631\u0643\u064a\u0628 : \u0627\u0644\u0645\u0627\u062f\u0629 \u0627\u0644\u0641\u0639\u0644\u064a\u0629 : \u0627\u0644\u0641\u0627\u062b\u064a\u0628\u0631\u0645\u062b\u0631\u064a\u0646 \u0627\u0644\u0645\u0633\u062a\u0636\u0631 \u0641\u064a \u0635\u0648\u0631\u0629 \u0645\u0631\u0643\u0632 \u0642\u0627\u0628\u0644 \u0644\u0644\u0627\u0633\u062a\u062d\u0644\u0627\u0628<br \/>\n\u062e\u0648\u0627\u0635 \u0627\u0644\u0645\u0631\u0643\u0628 : \u064a\u0633\u062a\u0639\u0645\u0644 \u0627\u0644\u0641\u0627\u062b\u0631\u064a\u0646 \u0643\u0645\u0628\u064a\u062f \u062d\u0634\u0631\u064a \u0644\u0644\u0642\u0636\u0627\u0621 \u0639\u0644\u064a \u0627\u0644\u0639\u062f\u064a\u062f \u0645\u0646 \u0627\u0644\u062d\u0634\u0631\u0627\u062a \u0627\u0644\u0636\u0627\u0631\u0629 \u0627\u0644\u062a\u064a \u062a\u0635\u064a\u0628 \u0627\u0644\u0645\u062d\u0627\u0635\u064a\u0644 \u0627\u0644\u062d\u0642\u0644\u064a\u0629 \u0648 \u0627\u0644\u062e\u0636\u0631<br \/>\nX chitine<br \/>\nUn insecticide (r\u00e9gulateur de croissance) qui combat de nombreux insectes nuisibles<br \/>\nPr\u00e9serve l\u2019environnement et les ennemis vitaux<br \/>\nLa solution id\u00e9ale pour augmenter le rendement, am\u00e9liorer la qualit\u00e9 et l\u2019aptitude \u00e0 l\u2019exportation<br \/>\nCompatible avec les programmes de contr\u00f4le<br \/>\nGroupe chimique<br \/>\nBenzoylur\u00e9e<br \/>\nM\u00e9thode d'influence<br \/>\n\u0627\u0643\u0633 \u0643\u0627\u064a\u062a\u064a\u0646 \u064a\u0624\u062b\u0631 \u0628\u0627\u0644\u0645\u0644\u0627\u0645\u0633\u0629 \u0648\u0645\u0639\u062f\u064a .<br \/>\n\u0627\u0646\u062a\u064a \u0630\u0648 \u0641\u0639\u0627\u0644\u064a\u0629 \u0634\u062f\u064a\u062f\u0629 \u0639\u0644\u0649 \u062c\u0645\u064a\u0639 \u0627\u0644\u0623\u0637\u0648\u0627\u0631 \u0627\u0644\u064a\u0631\u0642\u064a\u0629 \u0633\u0648\u0627\u0621 \u0627\u0644\u0637\u0642\u0633 \u0627\u0644\u062d\u062f\u064a\u062b \u0623\u0648 \u0627\u0644\u0623\u0639\u0645\u0627\u0631 \u0627\u0644\u064a\u0631\u0642\u064a\u0629 \u0627\u0644\u0645\u062a\u0642\u062f\u0645\u0629 \u0641\u0644\u0627 \u062a\u0643\u062a\u0645\u0644 \u062f\u0648\u0631\u0629 \u062d\u064a\u0627\u062a\u0647\u0627 \u060c \u0643\u0645\u0627 \u0623\u0646\u0647 \u064a\u0624\u062b\u0631 \u0639\u0644\u0649 \u0646\u0633\u0628\u0629 \u062d\u0648\u0627\u0644\u064a 25 % \u0645\u0646 \u0627\u0644\u0628\u064a\u0636 \u0641\u0644\u0627 \u064a\u0641\u0642\u0633 \u060c \u0648\u064a\u0624\u062b\u0631 \u0639\u0644\u0649 \u0627\u0644\u0639\u0630\u0627\u0631\u064a \u0641\u064a\u0646\u062a\u062c \u0639\u0646\u0647\u0627 \u0641\u0631\u0627\u0634\u0627\u062a \u0645\u0634\u0648\u0647\u0629 \u0648\u064a\u0624\u062b\u0631 \u0639\u0644\u0649 \u0627\u0644\u0641\u0631\u0627\u0634\u0627\u062a \u0641\u0644\u0627 \u062a\u0636\u0639 \u0628\u064a\u0636\u0627 \u0623\u0648 \u062a\u0636\u0639 \u0628\u064a\u0636 \u063a\u064a\u0631 \u0645\u062e\u0635\u0628 .<br \/>\n\u0627\u06af\u0633 \u06a9\u0627\u064a\u062a\u064a\u0646 \u064a\u0639\u0645\u0644 \u0639\u0644\u0649 \u062a\u062b\u0628\u064a\u0637 \u062a\u0643\u0648\u064a\u0646 \u0637\u0628\u0642\u0629 \u0627\u0644\u0643\u064a\u062a\u064a\u0646 \u060c \u0641\u062a\u062a\u0648\u0642\u0641 \u0639\u0645\u0644\u064a\u0629 \u0627\u0644\u0627\u0646\u0633\u0644\u0627\u062e \u0644\u0644\u062f\u064a\u062f\u0627\u0646 \u060c \u0648\u0628\u0627\u0644\u062a\u0627\u0644\u064a \u0644\u0627 \u062a\u0633\u062a\u0637\u064a\u0639 \u0627\u0644\u062f\u064a\u062f\u0627\u0646 \u0627\u0644\u0627\u0646\u062a\u0642\u0627\u0644 \u0645\u0646 \u0627\u0644\u0639\u0645\u0631 \u0627\u0644\u064a\u0631\u0642\u064a \u0648\u0642\u062a \u0627\u0644\u0645\u0639\u0627\u0645\u0644\u0629 \u0627\u0644\u064a \u0627\u0644\u0639\u0645\u0631 \u0627\u0644\u064a\u0631\u0642\u064a \u0627\u0644\u062a\u0627\u0644\u064a \u060c \u0648\u062a\u062a\u0648\u0642\u0641 \u0627\u0644\u062f\u064a\u062f\u0627\u0646 \u0639\u0646 \u0627\u0644\u062a\u063a\u0630\u064a\u0647 \u062e\u0644\u0627\u0644 \u0633\u0627\u0639\u0627\u062a \u060c \u0648\u064a\u062a\u0648\u0642\u0641 \u0627\u0644\u0636\u0631\u0631 \u0644\u0644\u0645\u062d\u0627\u0635\u064a\u0644 \u060c \u0648\u062a\u0645\u0648\u062a \u062e\u0644\u0627\u0644 \u064a\u0648\u0645\u064a\u0646 .<br \/>\n\u06a9\u0633\u06cc \u06a9\u0627\u064a\u062a\u064a\u0646 \u0645\u0646 \u0645\u062c\u0645\u0648\u0639\u0629 \u0643\u064a\u0645\u0627\u0648\u064a\u0629 \u062d\u062f\u064a\u062b\u0629 \u0644\u0647\u0627 \u062a\u0623\u062b\u064a\u0631 \u0648\u0641\u0639\u0627\u0644\u0629 \u0643\u0628\u064a\u0631\u0629 \u0639\u0644\u0649 \u0627\u0644\u062d\u0634\u0631\u0627\u062a ( \u062e\u0627\u0635\u0629 \u062f\u064a\u062f\u0627\u0646 \u062d\u0631\u0634\u0641\u064a\u0627\u062a \u0627\u0644\u0623\u062c\u0646\u062d\u0629 )<br \/>\n\u0627\u06a9\u0633\u06cc \u06a9\u0627\u064a\u062a\u064a\u0646 \u0623\u0643\u062a\u0633\u0628\u062a \u0635\u0641\u0629 \u0627\u0644\u0645\u0646\u0627\u0639\u0629 \u0645\u0646 \u0627\u0644\u0645\u0631\u0643\u0628\u0627\u062a \u0627\u0644\u0623\u062e\u0631\u0649 \u0627\u0644\u0643\u0631\u064a\u0627 \u0645\u0627\u062a\u064a\u0629 \u060c \u0648\u0627\u0644\u0641\u0648\u0633\u0641\u0648\u0631\u064a\u0629 \u060c \u0648\u0627\u0644\u0628\u064a\u0631\u064a\u062b\u0631\u0648\u064a\u062f\u064a\u0629 \u060c \u0648\u0645\u0627\u0646\u0639\u0627\u062a \u0627\u0644\u0627\u0646\u0633\u0644\u0627\u062e<\/p>\n<p style=\"text-align: right;\">P\u00e9riode de pr\u00e9-r\u00e9colte, taux d'utilisation, ravageur des cultures<br \/>\n14 jours, 160 cm\/acre, cycle des feuilles de coton de betterave sucri\u00e8re<\/p>\n<p style=\"text-align: right;\">\u0627\u0644\u062a\u0648\u0635\u064a\u0627\u062a \u0627\u0644\u0639\u0627\u0644\u0645\u064a\u0629 :<br \/>\nTaux d'utilisation, l\u00e9sion des cultures<br \/>\n14 jours, 40 cm\/100 litres d'eau, cycle du raisin, raisins<br \/>\n21 jours 160 cm \/ eau Tubercules de pomme de terre papillon Pommes de terre<br \/>\n7 jours, 160 cm\/eau, vers de fruits, cycle l\u00e9gumes, cycle papier tomate coton<br \/>\n160 \u0633\u0645 \/ \u0641\u062f\u0627\u0646 \u062d\u0641\u0627\u0631 \u0633\u0627\u0642 \u0627\u0644\u0628\u0627\u0630\u0646\u062c\u0627\u0646 \u0627\u0644\u0628\u0630\u0646\u062c\u0627\u0646<br \/>\n160 \u0633\u0645 \/ \u0641\u062f\u0627\u0646 \u062f\u0648\u0631\u0629 \u0648\u0631\u0642 \u0627\u0644\u0642\u0637\u0646 \u0627\u0644\u0643\u0631\u0646\u0628<br \/>\n40 \u0633\u0645 \/ 100 \u0644\u062a\u0631 \u0645\u0627\u0621 \u062f\u0648\u0631\u0629 \u0627\u0632\u0647\u0627\u0631 \u0627\u0644\u0645\u0648\u0627\u0644\u062d \u0635\u0627\u0646\u0639\u0647 \u0627\u0644\u0627\u062a\u0641\u0627\u0642 \u0627\u0644\u0645\u0648\u0627\u0644\u062d<br \/>\nZ\u00e9ro m\u00e9lange 160 cm de Cymex + 1 \u00e0 2 litres d'attractif alimentaire \/ par acre (distribu\u00e9 en 40 emballages mortels attach\u00e9s aux arbres, plants de p\u00eachers<br \/>\n350\u0633\u0645 \/ 100 \u0644\u062a\u0631 \u0645\u0627\u0621 \u0627\u0648 500 \u0633\u0645 \/ \u0641\u062f\u0627\u0646 \u062d\u0642\u0646\u0627 \u0645\u0639 \u0627\u0644\u0631\u064a \u0628\u0627\u0644\u062a\u0646\u0642\u064a\u0637 \u0630\u0628\u0627\u0628 \u0627\u0644\u0632\u064a\u062a\u0648\u0646 \u0627\u0644\u0632\u064a\u062a\u0648\u0646<\/p>\n<\/div>\n<\/div>","protected":false},"excerpt":{"rendered":"<p style=\"text-align: right;\">\u0627\u0644\u062a\u0631\u0643\u064a\u0628 : \u0627\u0644\u0645\u0627\u062f\u0629 \u0627\u0644\u0641\u0639\u0627\u0644\u0629 : \u062f\u0644\u062a\u0627\u0645\u062b\u0631\u064a\u0646<br \/>\n\u0627\u0644\u0645\u062a\u062d\u0636\u0631 \u0641\u064a \u0635\u0648\u0631\u0629 \u0645\u0631\u0643\u0632 \u0642\u0627\u0628\u0644 \u0644\u0644\u0627\u0633\u062a\u062d\u0644\u0627\u0628<br \/>\n\u062e\u0648\u0627\u0635 \u0627\u0644\u0645\u0631\u0643\u0628 : \u064a\u0633\u062a\u0639\u0645\u0644 \u062f\u0644\u062a\u0627 \u0633\u0627\u064a\u062f \u0643\u0645\u0628\u064a\u062f \u062d\u0634\u0631\u064a \u0644\u0644\u0642\u0636\u0627\u0621 \u0639\u0644\u064a \u0627\u0644\u0639\u062f\u064a\u062f \u0645\u0646 \u0627\u0644\u062d\u0634\u0631\u0627\u062a \u0627\u0644\u0636\u0627\u0631\u0629 \u0627\u0644\u062a\u064a \u062a\u0635\u064a\u0628 \u0627\u0644\u0645\u062d\u0627\u0635\u064a\u0644 \u0627\u0644\u062d\u0642\u0644\u064a\u0629 \u0648 \u0627\u0644\u062e\u0636\u0631<\/p>","protected":false},"featured_media":1905,"comment_status":"open","ping_status":"closed","template":"","meta":[],"product_cat":[232],"product_tag":[138,164],"_links":{"self":[{"href":"https:\/\/safetycide.com\/fr\/wp-json\/wp\/v2\/product\/3593"}],"collection":[{"href":"https:\/\/safetycide.com\/fr\/wp-json\/wp\/v2\/product"}],"about":[{"href":"https:\/\/safetycide.com\/fr\/wp-json\/wp\/v2\/types\/product"}],"replies":[{"embeddable":true,"href":"https:\/\/safetycide.com\/fr\/wp-json\/wp\/v2\/comments?post=3593"}],"version-history":[{"count":1,"href":"https:\/\/safetycide.com\/fr\/wp-json\/wp\/v2\/product\/3593\/revisions"}],"predecessor-version":[{"id":3736,"href":"https:\/\/safetycide.com\/fr\/wp-json\/wp\/v2\/product\/3593\/revisions\/3736"}],"wp:featuredmedia":[{"embeddable":true,"href":"https:\/\/safetycide.com\/fr\/wp-json\/wp\/v2\/media\/1905"}],"wp:attachment":[{"href":"https:\/\/safetycide.com\/fr\/wp-json\/wp\/v2\/media?parent=3593"}],"wp:term":[{"taxonomy":"product_cat","embeddable":true,"href":"https:\/\/safetycide.com\/fr\/wp-json\/wp\/v2\/product_cat?post=3593"},{"taxonomy":"product_tag","embeddable":true,"href":"https:\/\/safetycide.com\/fr\/wp-json\/wp\/v2\/product_tag?post=3593"}],"curies":[{"name":"wp","href":"https:\/\/api.w.org\/{rel}","templated":true}]}}