{"id":1299,"date":"2018-02-14T10:09:37","date_gmt":"2018-02-14T08:09:37","guid":{"rendered":"https:\/\/elessi.nasatheme.com\/?post_type=product&#038;p=1299"},"modified":"2025-04-10T04:30:12","modified_gmt":"2025-04-10T02:30:12","slug":"%d8%a7%d9%83%d8%b3-%d9%83%d8%a7%d9%8a%d8%aa%d9%8a%d9%86","status":"publish","type":"product","link":"https:\/\/safetycide.com\/fr\/product\/%d8%a7%d9%83%d8%b3-%d9%83%d8%a7%d9%8a%d8%aa%d9%8a%d9%86\/","title":{"rendered":"X chitine"},"content":{"rendered":null,"protected":false},"excerpt":{"rendered":"<div class=\"elementor-element elementor-element-f3e40f4 elementor-widget elementor-widget-heading\" data-id=\"f3e40f4\" data-element_type=\"widget\" data-widget_type=\"heading.default\">\n<div class=\"elementor-widget-container\">\n<h3 class=\"elementor-heading-title elementor-size-default\" style=\"text-align: right;\"><\/h3>\n<\/div>\n<\/div>\n<div class=\"elementor-element elementor-element-4eb711d elementor-widget elementor-widget-text-editor\" data-id=\"4eb711d\" data-element_type=\"widget\" data-widget_type=\"text-editor.default\">\n<div class=\"elementor-widget-container\">\n<h3 style=\"text-align: right;\">Un insecticide (r\u00e9gulateur de croissance) qui combat de nombreux insectes nuisibles<br \/>\nPr\u00e9serve l\u2019environnement et les ennemis vitaux<br \/>\nLa solution id\u00e9ale pour augmenter le rendement, am\u00e9liorer la qualit\u00e9 et l\u2019aptitude \u00e0 l\u2019exportation<br \/>\nCompatible avec les programmes de contr\u00f4le<br \/>\nGroupe chimique<br \/>\nBenzoylur\u00e9e<br \/>\nM\u00e9thode d'influence<br \/>\nLa X-chitine affecte le contact et est contagieuse<br \/>\nIl est tr\u00e8s efficace sur tous les stades larvaires, qu'il s'agisse de conditions m\u00e9t\u00e9orologiques r\u00e9centes ou d'\u00e2ges larvaires avanc\u00e9s, de sorte que leur cycle de vie n'est pas termin\u00e9. Il affecte \u00e9galement environ 25 % des \u0153ufs afin qu'ils n'\u00e9closent pas et il affecte les pupes, ce qui entra\u00eene des papillons d\u00e9form\u00e9s. Cela affecte les papillons afin qu'ils ne pondent pas d'\u0153ufs ou ne pondent pas d'\u0153ufs anormaux.<br \/>\nAgs Chitin agit en inhibant la formation de la couche de chitine, de sorte que le processus de mue des vers s'arr\u00eate et que les vers ne peuvent donc pas passer de l'\u00e2ge larvaire au moment du traitement \u00e0 l'\u00e2ge larvaire suivant. les r\u00e9coltes s'arr\u00eatent et ils meurent dans les deux jours.<br \/>\nX-Chitin est un groupe chimique moderne qui a un grand effet et une grande efficacit\u00e9 sur les insectes (en particulier les vers l\u00e9pidopt\u00e8res).<br \/>\nLa X-chitine a acquis une immunit\u00e9 contre d'autres compos\u00e9s\u00a0: la cr\u00e9atine, les phospholipides, les pyr\u00e9thro\u00efdes et les inhibiteurs de la mue.<\/h3>\n<h3 style=\"text-align: right;\">P\u00e9riode de pr\u00e9-r\u00e9colte, taux d'utilisation, ravageur des cultures<br \/>\n14 jours, 160 cm\/acre, cycle des feuilles de coton de betterave sucri\u00e8re<\/h3>\n<h3 style=\"text-align: right;\">Recommandations globales:<br \/>\n<strong>Taux d'utilisation\u00a0: l\u00e9sion des cultures<\/strong><br \/>\n14 jours, 40 cm\/100 litres d'eau, cycle du raisin, raisins<br \/>\n21 jours 160 cm \/ eau Tubercules de pomme de terre papillon Pommes de terre<br \/>\n7 jours, 160 cm\/eau, vers de fruits, cycle l\u00e9gumes, cycle papier tomate coton<br \/>\nForeur de tige d'aubergine de 160 cm\/acre<br \/>\nCycle de feuilles de chou de coton de 160 cm\/acre<br \/>\n40 cm\/100 litres d'eau, cycle fleur d'agrumes, r\u00e9alis\u00e9 par accord agrumes<br \/>\nZ\u00e9ro m\u00e9lange 160 cm de Cymex + 1 \u00e0 2 litres d'attractif alimentaire \/ par acre (distribu\u00e9 en 40 emballages mortels attach\u00e9s aux arbres, plants de p\u00eachers<br \/>\n350 cm\/100 litres d\u2019eau ou 500 cm\/acre inject\u00e9 avec irrigation goutte \u00e0 goutte Mouches de l\u2019olivier Olives<\/h3>\n<\/div>\n<\/div>","protected":false},"featured_media":1931,"comment_status":"open","ping_status":"closed","template":"","meta":[],"product_cat":[232],"product_tag":[108,131,166],"_links":{"self":[{"href":"https:\/\/safetycide.com\/fr\/wp-json\/wp\/v2\/product\/1299"}],"collection":[{"href":"https:\/\/safetycide.com\/fr\/wp-json\/wp\/v2\/product"}],"about":[{"href":"https:\/\/safetycide.com\/fr\/wp-json\/wp\/v2\/types\/product"}],"replies":[{"embeddable":true,"href":"https:\/\/safetycide.com\/fr\/wp-json\/wp\/v2\/comments?post=1299"}],"version-history":[{"count":4,"href":"https:\/\/safetycide.com\/fr\/wp-json\/wp\/v2\/product\/1299\/revisions"}],"predecessor-version":[{"id":5033,"href":"https:\/\/safetycide.com\/fr\/wp-json\/wp\/v2\/product\/1299\/revisions\/5033"}],"wp:featuredmedia":[{"embeddable":true,"href":"https:\/\/safetycide.com\/fr\/wp-json\/wp\/v2\/media\/1931"}],"wp:attachment":[{"href":"https:\/\/safetycide.com\/fr\/wp-json\/wp\/v2\/media?parent=1299"}],"wp:term":[{"taxonomy":"product_cat","embeddable":true,"href":"https:\/\/safetycide.com\/fr\/wp-json\/wp\/v2\/product_cat?post=1299"},{"taxonomy":"product_tag","embeddable":true,"href":"https:\/\/safetycide.com\/fr\/wp-json\/wp\/v2\/product_tag?post=1299"}],"curies":[{"name":"wp","href":"https:\/\/api.w.org\/{rel}","templated":true}]}}