{"id":1294,"date":"2017-12-14T10:06:06","date_gmt":"2017-12-14T10:06:06","guid":{"rendered":"https:\/\/elessi.nasatheme.com\/?post_type=product&#038;p=1294"},"modified":"2024-12-15T14:35:22","modified_gmt":"2024-12-15T12:35:22","slug":"%d9%81%d8%b1%d8%b3%d8%aa","status":"publish","type":"product","link":"https:\/\/safetycide.com\/fr\/product\/%d9%81%d8%b1%d8%b3%d8%aa\/","title":{"rendered":"First"},"content":{"rendered":null,"protected":false},"excerpt":{"rendered":"<div class=\"elementor-element elementor-element-17a51c7 elementor-widget elementor-widget-heading\" data-id=\"17a51c7\" data-element_type=\"widget\" data-widget_type=\"heading.default\">\n<div class=\"elementor-widget-container\">\n<h3 class=\"elementor-heading-title elementor-size-default\" style=\"text-align: right;\">First<\/h3>\n<\/div>\n<\/div>\n<div class=\"elementor-element elementor-element-e60d169 elementor-widget elementor-widget-text-editor\" data-id=\"e60d169\" data-element_type=\"widget\" data-widget_type=\"text-editor.default\">\n<div class=\"elementor-widget-container\">\n<p style=\"text-align: right;\">Installation<br \/>\nAzote, 10%<br \/>\n: Phosphore (P)<br \/>\n: 10 Potassium (K)<br \/>\nAvantages compos\u00e9s<br \/>\nFirst contient les \u00e9l\u00e9ments azote, phosphore et potassium sous des formes pures et facilement absorb\u00e9es, augmentant ainsi les syst\u00e8mes v\u00e9g\u00e9tatifs et floraux.<br \/>\n.  Contient d'abord une forte concentration de phosphore, il se caract\u00e9rise donc par...<br \/>\n1- Augmente la quantit\u00e9 de fleurs et de n\u0153uds<br \/>\n2- Active la formation des racines<br \/>\n3-.  Il aide les plantes \u00e0 l'enterrer en cas de gel<br \/>\n4- Cela aide \u00e0 ajuster la solution de pulv\u00e9risation<br \/>\n5- Augmente l'\u00e9nergie des plantes<br \/>\nPosologie et taux d\u2019utilisation :<br \/>\nOn ajoute d'abord \u00e0 raison de 1 \u00e0 3 g\/litre d'eau.<\/p>\n<\/div>\n<\/div>","protected":false},"featured_media":1765,"comment_status":"open","ping_status":"closed","template":"","meta":[],"product_cat":[183],"product_tag":[95,110],"_links":{"self":[{"href":"https:\/\/safetycide.com\/fr\/wp-json\/wp\/v2\/product\/1294"}],"collection":[{"href":"https:\/\/safetycide.com\/fr\/wp-json\/wp\/v2\/product"}],"about":[{"href":"https:\/\/safetycide.com\/fr\/wp-json\/wp\/v2\/types\/product"}],"replies":[{"embeddable":true,"href":"https:\/\/safetycide.com\/fr\/wp-json\/wp\/v2\/comments?post=1294"}],"version-history":[{"count":4,"href":"https:\/\/safetycide.com\/fr\/wp-json\/wp\/v2\/product\/1294\/revisions"}],"predecessor-version":[{"id":5127,"href":"https:\/\/safetycide.com\/fr\/wp-json\/wp\/v2\/product\/1294\/revisions\/5127"}],"wp:featuredmedia":[{"embeddable":true,"href":"https:\/\/safetycide.com\/fr\/wp-json\/wp\/v2\/media\/1765"}],"wp:attachment":[{"href":"https:\/\/safetycide.com\/fr\/wp-json\/wp\/v2\/media?parent=1294"}],"wp:term":[{"taxonomy":"product_cat","embeddable":true,"href":"https:\/\/safetycide.com\/fr\/wp-json\/wp\/v2\/product_cat?post=1294"},{"taxonomy":"product_tag","embeddable":true,"href":"https:\/\/safetycide.com\/fr\/wp-json\/wp\/v2\/product_tag?post=1294"}],"curies":[{"name":"wp","href":"https:\/\/api.w.org\/{rel}","templated":true}]}}