{"id":1283,"date":"2018-02-14T10:01:39","date_gmt":"2018-02-14T08:01:39","guid":{"rendered":"https:\/\/elessi.nasatheme.com\/?post_type=product&#038;p=1283"},"modified":"2024-03-10T13:49:37","modified_gmt":"2024-03-10T11:49:37","slug":"%d9%81%d9%84%d9%88%d8%b2%d9%8a%d8%af-%d8%b3%d8%a7%d9%8a%d8%af","status":"publish","type":"product","link":"https:\/\/safetycide.com\/fr\/product\/%d9%81%d9%84%d9%88%d8%b2%d9%8a%d8%af-%d8%b3%d8%a7%d9%8a%d8%af\/","title":{"rendered":"Flozid Cide"},"content":{"rendered":null,"protected":false},"excerpt":{"rendered":"<div class=\"elementor-element elementor-element-84e4baa elementor-widget elementor-widget-heading\" data-id=\"84e4baa\" data-element_type=\"widget\" data-widget_type=\"heading.default\">\n<div class=\"elementor-widget-container\"><\/div>\n<\/div>\n<div class=\"elementor-element elementor-element-de77924 elementor-widget elementor-widget-text-editor\" data-id=\"de77924\" data-element_type=\"widget\" data-widget_type=\"text-editor.default\">\n<div class=\"elementor-widget-container\">\n<p style=\"text-align: right;\"><strong>Ingr\u00e9dient actif : Fluozifop-B-Butyl 15<\/strong><br \/>\n<strong>la d\u00e9finition:<\/strong><br \/>\n<strong>Le fluozide est un compos\u00e9 fabriqu\u00e9 \u00e0 partir d'huiles naturelles qui acc\u00e9l\u00e8rent la p\u00e9n\u00e9tration de la substance active dans la feuille de la plante, ce qui signifie qu'une concentration plus \u00e9lev\u00e9e de la substance active p\u00e9n\u00e8tre dans la plante et obtient les meilleurs r\u00e9sultats dans le contr\u00f4le des mauvaises herbes annuelles et vivaces dans les cultures \u00e0 feuilles larges. .<\/strong><br \/>\n<strong>. \u2013 Le fluorure est un d\u00e9sherbant syst\u00e9mique s\u00e9lectif tr\u00e8s efficace sur de nombreuses mauvaises herbes de la principale g\u00e9n\u00e9ration des cultures \u00e0 feuilles larges. Il est utilis\u00e9 en toute s\u00e9curit\u00e9 et avec une grande efficacit\u00e9 sur plus de 10 types de cultures \u00e0 feuilles larges r\u00e9sistantes aux plantes annuelles et vivaces. mauvaises herbes c\u00e9r\u00e9ali\u00e8res.<\/strong><br \/>\n<strong>Avantages d'utilisation :<\/strong><br \/>\n<strong>Il est utilis\u00e9 par les agriculteurs du monde entier en raison des nombreux avantages qu'il leur apporte gr\u00e2ce \u00e0 l'utilisation du Fluozide, un pesticide s\u00e9lectif qui n'a aucun effet sur les cultures \u00e0 feuilles larges.\u00a0<\/strong><br \/>\n<strong>Fuzaid est utilis\u00e9 apr\u00e8s la germination des mauvaises herbes \u00e0 tout \u00e2ge des cultures \u00e0 feuilles larges<\/strong><br \/>\n<strong>Fluozid : Il est tr\u00e8s efficace pour lutter contre les gramin\u00e9es annuelles et vivaces\u00a0<\/strong><br \/>\n<strong>Fluzid est \u00e9conomique \u00e0 utiliser et tr\u00e8s efficace en taille manuelle ou en binage<\/strong><br \/>\n<strong>Fluozid\u00a0: un pesticide syst\u00e9mique qui tue les gramin\u00e9es<\/strong><br \/>\n<strong>Fluozid\u00a0: Il peut \u00eatre utilis\u00e9 sans danger pour les fermes, les animaux et l'environnement lorsqu'il est appliqu\u00e9 \u00e0 des niveaux mod\u00e9r\u00e9s.<\/strong><br \/>\n<strong>Comment fonctionne Fluozide\u00a0:<\/strong><br \/>\n<strong>Fluzid Majeed est syst\u00e9mique et est rapidement absorb\u00e9 par les feuilles et se transmet facilement \u00e0 toutes les parties de la plante, se propageant dans les voies de croissance des autres parties de la plante. Il se termine par la mort des gramin\u00e9es et l'effet commence deux jours apr\u00e8s la pulv\u00e9risation. la croissance des mauvaises herbes s'arr\u00eate apparemment, elles deviennent incapables d'absorber l'eau et les nutriments et ne sont plus comp\u00e9titives avec la culture principale, apr\u00e8s sept jours. Les sympt\u00f4mes des jupes de sauge commencent \u00e0 appara\u00eetre d\u00e8s la premi\u00e8re fois que vous voyez les sympt\u00f4mes sur les jeunes feuilles. Au bout de 4 semaines, l'herbe devient brune ou rouge fonc\u00e9, pourrit et meurt en 3 semaines.<\/strong><br \/>\n<strong>Les principales mauvaises herbes affect\u00e9es par Fluozide<\/strong><br \/>\n<strong>Gramin\u00e9es vivaces, gramin\u00e9es vivaces et gramin\u00e9es \u00e0 feuilles persistantes<\/strong><br \/>\n<strong>Gramin\u00e9es c\u00e9r\u00e9ali\u00e8res annuelles telles que l'herbe \u00e0 lapin - Al-Zamira Al-Diniyya. La queue part avant le stade bourgeonnant.La pulv\u00e9risation se fait \u00e0 l'\u00e2ge de 2 ans - pousses - phalaris.<\/strong><br \/>\n<strong>Les utilisations de Fluozide Hand incluent les cultures suivantes<\/strong><br \/>\n<strong>Grandes cultures (coton - soja - mes haricots - betteraves - lin - tr\u00e8fle - tournesols et autres)<\/strong><br \/>\n<strong>Cultures mara\u00eech\u00e8res (pommes de terre, tomates, oignons, cucurbitac\u00e9es, haricots, ni\u00e9b\u00e9, past\u00e8que, etc.)<\/strong><br \/>\n<strong>.. Arbres fruitiers et p\u00e9pini\u00e8res fruiti\u00e8res (linteaux, agrumes, pommes, p\u00eaches, abricots, poires, etc.)<\/strong><br \/>\n<strong>Plantes ornementales (roses \u2013 bulbes \u2013 menthe \u2013 jasmin)<\/strong><br \/>\n<strong>Recommandations du Minist\u00e8re de l'Agriculture<\/strong><br \/>\n<strong>Pour lutter contre les gramin\u00e9es annuelles et vivaces apr\u00e8s leur apparition sur les cultures suivantes<\/strong><br \/>\n<strong>Oignons - Fusible : 1,25 litres par acre<\/strong><br \/>\n<strong>. Les pommes de terre lisent les acres<\/strong><br \/>\n<strong>recommandations mondiales fetycoon<\/strong><br \/>\n<strong>\u00a0\u0641\u0648\u0644 \u0627\u0644\u0633\u0648\u062f\u0627\u0646\u064a \u0627\u0644\u062a\u0631\u0627 \u0641\u062f\u0627\u0646<\/strong><br \/>\n<strong>200\/litre par acre avec 100 \u2013 grandes cultures et cultures mara\u00eech\u00e8res<\/strong><br \/>\n<strong>Gramin\u00e9e - annuelle \u00e0 raison de 5 litres d'eau. 2 litres d'eau<\/strong><br \/>\n<strong>Gramin\u00e9e vivace, \u00e0 raison de 1,75 litre\/acre avec 100<\/strong><br \/>\n<strong>Orchid\u00e9es \u00e0 raison de 1,5 litre par acre, 200 litres d'eau, p\u00e9riode de s\u00e9curit\u00e9<\/strong><\/p>\n<p style=\"text-align: right;\"><strong>Il faut tenir compte du fait que le d\u00e9lai entre le dernier traitement et la r\u00e9colte de la r\u00e9colte ne doit pas \u00eatre inf\u00e9rieur \u00e0 28 jours et celui des pommes de terre \u00e0 59 jours.<\/strong><\/p>\n<\/div>\n<\/div>","protected":false},"featured_media":1926,"comment_status":"open","ping_status":"closed","template":"","meta":[],"product_cat":[232],"product_tag":[119,138],"_links":{"self":[{"href":"https:\/\/safetycide.com\/fr\/wp-json\/wp\/v2\/product\/1283"}],"collection":[{"href":"https:\/\/safetycide.com\/fr\/wp-json\/wp\/v2\/product"}],"about":[{"href":"https:\/\/safetycide.com\/fr\/wp-json\/wp\/v2\/types\/product"}],"replies":[{"embeddable":true,"href":"https:\/\/safetycide.com\/fr\/wp-json\/wp\/v2\/comments?post=1283"}],"version-history":[{"count":4,"href":"https:\/\/safetycide.com\/fr\/wp-json\/wp\/v2\/product\/1283\/revisions"}],"predecessor-version":[{"id":5066,"href":"https:\/\/safetycide.com\/fr\/wp-json\/wp\/v2\/product\/1283\/revisions\/5066"}],"wp:featuredmedia":[{"embeddable":true,"href":"https:\/\/safetycide.com\/fr\/wp-json\/wp\/v2\/media\/1926"}],"wp:attachment":[{"href":"https:\/\/safetycide.com\/fr\/wp-json\/wp\/v2\/media?parent=1283"}],"wp:term":[{"taxonomy":"product_cat","embeddable":true,"href":"https:\/\/safetycide.com\/fr\/wp-json\/wp\/v2\/product_cat?post=1283"},{"taxonomy":"product_tag","embeddable":true,"href":"https:\/\/safetycide.com\/fr\/wp-json\/wp\/v2\/product_tag?post=1283"}],"curies":[{"name":"wp","href":"https:\/\/api.w.org\/{rel}","templated":true}]}}