{"id":1273,"date":"2018-02-14T09:55:36","date_gmt":"2018-02-14T07:55:36","guid":{"rendered":"https:\/\/elessi.nasatheme.com\/?post_type=product&#038;p=1273"},"modified":"2024-11-06T21:02:12","modified_gmt":"2024-11-06T19:02:12","slug":"%d8%a7%d9%8a%d9%85%d9%8a%d8%af%d8%a7-%d8%b3%d8%a7%d9%8a%d8%af","status":"publish","type":"product","link":"https:\/\/safetycide.com\/fr\/product\/%d8%a7%d9%8a%d9%85%d9%8a%d8%af%d8%a7-%d8%b3%d8%a7%d9%8a%d8%af\/","title":{"rendered":"C\u00f4t\u00e9 Ima\u00efda"},"content":{"rendered":"<div class=\"elementor-element elementor-element-4eb0b16 elementor-widget elementor-widget-heading\" data-id=\"4eb0b16\" data-element_type=\"widget\" data-widget_type=\"heading.default\">\n<div class=\"elementor-widget-container\">\n<h3 class=\"elementor-heading-title elementor-size-default\" style=\"text-align: right;\">C\u00f4t\u00e9 Ima\u00efda<\/h3>\n<\/div>\n<\/div>\n<div class=\"elementor-element elementor-element-e1f3678 elementor-widget elementor-widget-text-editor\" data-id=\"e1f3678\" data-element_type=\"widget\" data-widget_type=\"text-editor.default\">\n<div class=\"elementor-widget-container\">\n<p style=\"text-align: right;\">\u0627\u0644\u0645\u0627\u062f\u0629 \u0627\u0644\u0641\u0639\u0627\u0644\u0629 : \u0627\u0628\u0639\u064a\u062f\u0627\u06af\u0644\u0648\u0628\u0631\u06cc\u062f \u06f2\u06f0<br \/>\n\u0627\u0644\u0645\u062c\u0645\u0648\u0639\u0629 \u0627\u0644\u0643\u064a\u0645\u0627\u0648\u064a\u0629 \u0627\u0646\u064a\u0648\u0646\u064a\u0643\u0648\u062a\u064a\u0646\u0648\u064a\u062f<br \/>\n\u0627\u0644\u062a\u0639\u0631\u064a\u0641 \u0645\u0628\u064a\u062f \u062d\u0634\u0631\u064a \u0646\u064a\u0648\u0646\u064a\u0643\u0648\u062a\u064a\u0646\u0648\u064a\u062f\u064a\u0643\u0627\u0641\u062d \u0627\u0644\u0639\u062f\u064a\u062f \u0645\u0646 \u0623\u0646\u0648\u0627\u0639 \u0627\u0644\u0623\u0641\u0627\u062a \u0627\u0644\u062d\u0634\u0631\u064a\u0629 \u0648\u064a\u0633\u062a\u062e\u062f\u0645 \u0639\u0644\u0649 \u0627\u0644\u0639\u062f\u064a\u062f \u0645\u0646 \u0627\u0644\u0645\u062d\u0627\u0635\u064a\u0644 \u0627\u0644\u062d\u0642\u0644\u064a\u0629 \u0648\u0627\u0644\u062e\u0636\u0631 \u0648\u0627\u0644\u0641\u0627\u0643\u0647\u0629 .<br \/>\n\u0645\u0646\u0627\u0633\u0628 \u0644\u0628\u0631\u0627\u0645\u062c \u0627\u0644\u0645\u0643\u0627\u0641\u062d\u0629 \u0627\u0644\u0645\u062a\u0643\u0627\u0645\u0644\u0629 . \u064a\u062d\u0627\u0641\u0638 \u0639\u0644\u0649 \u0627\u0644\u0628\u064a\u0626\u0629 \u0648\u0627\u0644\u0623\u0639\u062f\u0627\u0621 \u0627\u0644\u062d\u064a\u0648\u064a\u0629 \u0646\u0638\u0631\u0627 \u0644\u0641\u0627\u0639\u0644\u064a\u062a\u0647 \u0641\u064a \u0645\u0643\u0627\u0641\u062d\u0629 \u0627\u0644\u0623\u0641\u0627\u062a \u0641\u0627\u0646\u0647 \u064a\u0632\u064a\u062f \u0627\u0644\u0645\u062d\u0635\u0648\u0644 \u0648\u064a\u062d\u0633\u0646 \u062c\u0648\u062f\u062a\u0647 \u0645\u0646\u0627\u0633\u0628\u0627 \u0641\u064a \u0627\u0644\u062a\u0635\u062f\u064a\u0631 .<br \/>\nM\u00e9thode d'impact<br \/>\n\u2013 \u0627\u064a\u0645\u064a\u062f\u0627 \u0633\u0627\u064a\u062f \u064a\u062a\u062f\u062e\u0644 \u0641\u064a \u0637\u0631\u064a\u0642\u0629 \u0639\u0645\u0644 \u0627\u0644\u0648\u0635\u0644\u0627\u062a \u0627\u0644\u0639\u0635\u0628\u064a\u0629 \u0645\u0646 \u062e\u0644\u0627\u0644 \u0627\u0644\u062a\u0623\u062b\u064a\u0631 \u0639\u0644\u0649 \u0645\u0633\u062a\u0642\u0628\u0644\u0627\u062a \u0627\u0644\u0623\u0633\u064a\u062a\u0627\u064a\u0644 \u0643\u0648\u0644\u064a\u0646 \u0641\u062a\u0645\u0646\u0639 \u0627\u0633\u062a\u0642\u0628\u0627\u0644 \u0648\u0646\u0642\u0644 \u0627\u0644\u0627\u0634\u0627\u0631\u0627\u062a \u0627\u0644\u0639\u0635\u0628\u064a\u0629 \u0645\u0645\u0627 \u064a\u0624\u062f\u064a \u0627\u0644\u064a \u062a\u0639\u0637\u064a\u0644 \u0627\u0644\u062c\u0647\u0627\u0632 \u0627\u0644\u0639\u0635\u0628\u064a \u060c \u0648\u062a\u0648\u062a\u0631 \u0634\u062f\u064a\u062f \u0648\u0628\u0627\u0644\u062a\u0627\u0644\u064a \u0627\u0644\u0645\u0648\u062a \u0627\u0644\u0633\u0631\u064a\u0639 \u0644\u0644\u062d\u0634\u0631\u0627\u062a \u0627\u0644\u0645\u0639\u0627\u0645\u0644\u0629 .<br \/>\n\u2013 \u0627\u0644\u0645\u064a\u062f\u0627 \u0633\u0627\u064a\u062f \u0630\u0648 \u0641\u0639\u0627\u0644\u064a\u0629 \u062c\u0647\u0627\u0632\u064a\u0629 \u0641\u0627\u0626\u0642\u0629 \u060c \u062a\u062d\u0642\u0642 \u062a\u0648\u0632\u064a\u0639 \u0645\u062b\u0627\u0644\u064a \u062f\u0627\u062e\u0644 \u0623\u0646\u0633\u062c\u0629 \u0627\u0644\u0623\u0648\u0631\u0627\u0642 \u0627\u0644\u0645\u0639\u0627\u0645\u0644\u0629 .<br \/>\n\u2013 \u0627\u0644\u0645\u064a\u062f\u0627 \u0633\u0627\u064a\u062f \u064a\u0624\u062b\u0631 \u0628\u0627\u0644\u0633\u0644\u0627\u0645\u0629 \u0648\u0645\u0639\u062f\u064a .<br \/>\n\u2013 \u0627\u06cc\u0645\u06cc\u062f\u0627 \u0633\u0627\u06cc\u062f \u064a\u0642\u0636\u064a \u0639\u0644\u0649 \u0627\u0644\u062d\u0634\u0631\u0627\u062a \u0627\u0644\u062b\u0627\u0642\u0628\u0629 \u0627\u0644\u0645\u0627\u0635\u0629 \u0627\u0644\u062a\u064a \u062a\u062a\u063a\u0630\u0649 \u0639\u0644\u0649 \u0645\u062d\u062a\u0648\u064a\u0627\u062a \u0627\u0644\u0648\u0631\u0642\u0629 \u0627\u0644\u062f\u0627\u062e\u0644\u064a\u0629 \u0645\u0646 \u0643\u0644\u0627 \u0627\u0644\u0633\u0637\u062d\u064a\u0646 \u0627\u0644\u0639\u0644\u0648\u064a \u0648\u0627\u0644\u0633\u0641\u0644\u064a \u060c \u0641\u064a\u062a\u0648\u0642\u0641 \u0627\u0644\u0636\u0631\u0631 \u0648\u062a\u0639\u0648\u062a \u0627\u0644\u062d\u0634\u0631\u0627\u062a \u0641\u064a \u0627\u0644\u0646\u0647\u0627\u064a\u0629 .<br \/>\n\u0637\u0631\u064a\u0642\u0629 \u0627\u0644\u0627\u0633\u062a\u062e\u062f\u0627\u0645 \u2013 \u0648\u0627\u0644\u0627\u062d\u062a\u064a\u0627\u0637\u0627\u062a<br \/>\n\u0627\u064a\u0645\u064a\u062f\u0627 \u0633\u0627\u064a\u062f \u064a\u0633\u062a\u062e\u062f\u0645 \u0631\u0634\u0627 \u0639\u0644\u0649 \u0627\u0644\u0645\u062c\u0645\u0648\u0639 \u0627\u0644\u062e\u0636\u0631\u064a \u060c \u062d\u064a\u062b \u064a\u0645\u062a\u0635 \u0645\u0646 \u062e\u0644\u0627\u0644 \u0627\u0644\u0623\u0648\u0631\u0627\u0642 \u0648\u064a\u0646\u062a\u0642\u0644 \u0645\u0639 \u0627\u0644\u0639\u0635\u0627\u0631\u0629 \u2013 \u0644\u0623\u0646\u0647 \u062c\u0647\u0627\u0632\u064a \u2013 \u0627\u0644\u064a \u062c\u0645\u064a\u0639 \u0623\u062c\u0632\u0627\u0621 \u0627\u0644\u0646\u0628\u0627\u062a \u0645\u0645\u0627 \u064a\u062d\u0642\u0642 \u0643\u0641\u0627\u0621\u0629 \u0639\u0627\u0644\u064a\u0629 \u0641\u064a \u0645\u0643\u0627\u0641\u062d\u0629 \u0627\u0644\u062d\u0634\u0631\u0627\u062a .<br \/>\n\u0627\u064a\u0645\u064a\u062f\u0627 \u0633\u0627\u064a\u062f \u064a\u0633\u062a\u062e\u062f\u0645 \u0628\u0637\u0631\u064a\u0642\u0629 \u0627\u0644\u0645\u0639\u0627\u0645\u0644\u0629 \u0627\u0644\u0623\u0631\u0636\u064a\u0629 \u0628\u0627\u0644\u062d\u0642\u0646 \u0641\u064a \u0627\u062c\u0647\u0632\u0629 \u0627\u0644\u0631\u064a \u0628\u0627\u0644\u062a\u0646\u0642\u064a\u0637 \u0628\u0645\u0639\u062f\u0644 \u06f3\u06f5\u06f0 \u0633\u0645 3 \u0644\u0644\u0641\u062f\u0627\u0646 \u062d\u064a\u062b \u064a\u0645\u062a\u0635 \u0639\u0646 \u0637\u0631\u064a\u0642 \u0627\u0644\u062c\u0630\u0648\u0631 \u0648\u064a\u0646\u062a\u0642\u0644 \u0645\u0639 \u0627\u0644\u0639\u0635\u0627\u0631\u0629 \u2013 \u0644\u0627\u0646\u0647 \u062c\u0647\u0627\u0632\u064a \u0627\u0644\u064a \u0628\u0627\u0642\u064a \u0623\u062c\u0632\u0627\u0621 \u0627\u0644\u0646\u0628\u0627\u062a \u0627\u0644\u062e\u0636\u0631\u064a\u0629 \u060c \u0648\u064a\u062d\u0642\u0642 \u0623\u064a\u0636\u0627 \u0643\u0641\u0627\u0621\u0629 \u0639\u0627\u0644\u064a\u0629 \u0641\u064a \u0645\u0643\u0627\u0641\u062d\u0629 \u0627\u0644\u062d\u0634\u0631\u0627\u062a \u0627\u0644\u0645\u0639\u0645\u0644\u0629 \u0628\u0647<\/p>\n<p style=\"text-align: right;\">\u0627\u06cc\u0645\u06cc\u062f\u0627 \u0633\u0627\u06cc\u062f \u0628\u0637\u0631\u064a\u0642\u0629 \u0627\u0644\u0627\u0636\u0627\u0641\u0629 \u0641\u064a \u0645\u062d\u0644\u0648\u0644 \u0644\u0644\u0633\u0642\u0627\u064a\u0629 .<br \/>\n1 \u0644\u062a\u0631\u0645\u0627\u0621 | \u0635\u064a\u062a\u064a\u0647 . \/ \u06f1 \u0633\u0645 3- \u0633\u0642\u0627\u064a\u0629 \u0627\u0644\u0635\u0648\u0627\u0646\u064a \u0641\u064a \u0645\u0634\u0627\u062a\u0644 \u0627\u0644\u062e\u0636\u0631 \u0628\u0645\u0639\u062f\u0644 \u0647\u0631 0.50 \u0645\u0639\u0627\u0645\u0644\u0629 \u0627\u0644\u0645\u0634\u0627\u062a\u0644 \u0627\u0644\u0623\u0631\u0636\u064a\u0629 \u0628\u0639\u062f \u0646\u062b\u0631 \u0628\u0630\u0648\u0631 \u0627\u0644\u062a\u0642\u0627\u0648\u064a \u0641\u064a \u0627\u0644\u0645\u0634\u062a\u0644 \u0648\u062a\u063a\u0637\u064a\u062a\u0647\u0627 \u060c \u064a\u0636\u0627\u0641 \u0645\u062d\u0644\u0648\u0644 \u0627\u0644\u0645\u0628\u064a\u062f \u0645\u062e\u0641\u0641\u0627 \u0628\u0627\u0644\u0645\u0627\u0621 \u0628\u0645\u0639\u062f\u0644 20\u06452 \u0645\u0646 \u0623\u0631\u0636\u064a\u0629 \u0627\u0644\u0645\u0634\u062a\u0644 . \/ \u06f2\u06f0 \u0633\u0645 \u06f3 \u2013 \u06f1 \u0644\u062a\u0631 \u0645\u0627\u0621 \u0644\u0645\u062f\u0629 10 \u062f\u0642\u0627\u064a\u0642 \u060c \u062b\u0645 \u062a\u0646\u062a\u0642\u0644 \u0644\u0644\u0627\u0631\u0636 \/ \u0646\u0642\u0639 \u0627\u0644\u0634\u062a\u0644\u0627\u062a \u0642\u0628\u0644 \u0627\u0644\u0632\u0631\u0627\u0639\u0629 \u0641\u064a \u0645\u062d\u0644\u0648\u0644 \u0627\u0644\u0645\u0628\u064a\u062f \u0628\u0645\u0639\u062f\u0644 15 \u0633\u0645 \u06f3 \u0627\u0644\u062a\u0648\u0635\u064a\u0627\u062a \u0627\u0644\u0645\u062d\u0644\u064a\u0629<\/p>\n<p style=\"text-align: right;\">P\u00e9riode de pr\u00e9-r\u00e9colte, taux d'utilisation, ravageur des cultures<br \/>\n5 \u064a\u0648\u0645 300\u0633\u0645 \/ \u0641\u062f\u0627\u0646 \u0630\u0628\u0627\u0628\u0629 \u0627\u0644\u0628\u0646\u062c\u0631 \u0628\u0646\u062c\u0631 \u0627\u0644\u0633\u0643\u0631<br \/>\n21 jours 75 cm\/100 litres d'eau Cochenilles des agrumes<\/p>\n<p style=\"text-align: right;\">\u0627\u0644\u062a\u0648\u0635\u064a\u0644\u0627\u062a \u0627\u0644\u0639\u0627\u0644\u0645\u064a\u0629<br \/>\n:<br \/>\nTaux d'utilisation, l\u00e9sion des cultures<br \/>\n250 cm\/100 litres de thrips de l'oignon<br \/>\n50 cm\/100 litres d'eau de manne de pomme de terre<br \/>\n50 cm\/100 litres d'eau de manne, tunneliers \u00e0 haricots<br \/>\n100-125 cm\/100 litres d'eau : pucerons, aleurodes, thrips des cucurbitac\u00e9es<br \/>\n100 cm \/ 100 litres d'eau Pucerons, aleurodes, cochenilles, cochenilles, plantes ornementales<br \/>\n100 cm \/ 100 litres d'eau, manne, jassid, p\u00eache - abricot<br \/>\n350 cm\/acre, inject\u00e9 avec irrigation goutte \u00e0 goutte pour les cochenilles de la vigne<br \/>\n350 cm \/ 100 litres d'eau ou 500 cm \/ acre par injection avec irrigation goutte \u00e0 goutte Cr\u00e9ateurs de tunnels, cochenilles, cochenilles des agrumes<br \/>\n20-30 cm\/palmier 100 cm\/100 litres d\u2019eau Charan\u00e7on rouge du palmier, cochenilles du palmier<\/p>\n<\/div>\n<\/div>","protected":false},"excerpt":{"rendered":"<p style=\"text-align: right;\">\u0627\u0644\u0645\u0627\u062f\u0629 \u0627\u0644\u0641\u0639\u0627\u0644\u0629 : \u0627\u0628\u0639\u064a\u062f\u0627\u06af\u0644\u0648\u0628\u0631\u06cc\u062f \u06f2\u06f0<br \/>\n\u0627\u0644\u0645\u062c\u0645\u0648\u0639\u0629 \u0627\u0644\u0643\u064a\u0645\u0627\u0648\u064a\u0629 \u0627\u0646\u064a\u0648\u0646\u064a\u0643\u0648\u062a\u064a\u0646\u0648\u064a\u062f<br \/>\n\u0627\u0644\u062a\u0639\u0631\u064a\u0641 \u0645\u0628\u064a\u062f \u062d\u0634\u0631\u064a \u0646\u064a\u0648\u0646\u064a\u0643\u0648\u062a\u064a\u0646\u0648\u064a\u062f\u064a\u0643\u0627\u0641\u062d \u0627\u0644\u0639\u062f\u064a\u062f \u0645\u0646 \u0623\u0646\u0648\u0627\u0639 \u0627\u0644\u0623\u0641\u0627\u062a \u0627\u0644\u062d\u0634\u0631\u064a\u0629 \u0648\u064a\u0633\u062a\u062e\u062f\u0645 \u0639\u0644\u0649 \u0627\u0644\u0639\u062f\u064a\u062f \u0645\u0646 \u0627\u0644\u0645\u062d\u0627\u0635\u064a\u0644 \u0627\u0644\u062d\u0642\u0644\u064a\u0629 \u0648\u0627\u0644\u062e\u0636\u0631 \u0648\u0627\u0644\u0641\u0627\u0643\u0647\u0629 .<br \/>\n\u0645\u0646\u0627\u0633\u0628 \u0644\u0628\u0631\u0627\u0645\u062c \u0627\u0644\u0645\u0643\u0627\u0641\u062d\u0629 \u0627\u0644\u0645\u062a\u0643\u0627\u0645\u0644\u0629 . \u064a\u062d\u0627\u0641\u0638 \u0639\u0644\u0649 \u0627\u0644\u0628\u064a\u0626\u0629 \u0648\u0627\u0644\u0623\u0639\u062f\u0627\u0621 \u0627\u0644\u062d\u064a\u0648\u064a\u0629 \u0646\u0638\u0631\u0627 \u0644\u0641\u0627\u0639\u0644\u064a\u062a\u0647 \u0641\u064a \u0645\u0643\u0627\u0641\u062d\u0629 \u0627\u0644\u0623\u0641\u0627\u062a \u0641\u0627\u0646\u0647 \u064a\u0632\u064a\u062f \u0627\u0644\u0645\u062d\u0635\u0648\u0644 \u0648\u064a\u062d\u0633\u0646 \u062c\u0648\u062f\u062a\u0647 \u0645\u0646\u0627\u0633\u0628\u0627 \u0641\u064a \u0627\u0644\u062a\u0635\u062f\u064a\u0631<\/p>","protected":false},"featured_media":1900,"comment_status":"open","ping_status":"closed","template":"","meta":[],"product_cat":[232],"product_tag":[138,166],"_links":{"self":[{"href":"https:\/\/safetycide.com\/fr\/wp-json\/wp\/v2\/product\/1273"}],"collection":[{"href":"https:\/\/safetycide.com\/fr\/wp-json\/wp\/v2\/product"}],"about":[{"href":"https:\/\/safetycide.com\/fr\/wp-json\/wp\/v2\/types\/product"}],"replies":[{"embeddable":true,"href":"https:\/\/safetycide.com\/fr\/wp-json\/wp\/v2\/comments?post=1273"}],"version-history":[{"count":1,"href":"https:\/\/safetycide.com\/fr\/wp-json\/wp\/v2\/product\/1273\/revisions"}],"predecessor-version":[{"id":3737,"href":"https:\/\/safetycide.com\/fr\/wp-json\/wp\/v2\/product\/1273\/revisions\/3737"}],"wp:featuredmedia":[{"embeddable":true,"href":"https:\/\/safetycide.com\/fr\/wp-json\/wp\/v2\/media\/1900"}],"wp:attachment":[{"href":"https:\/\/safetycide.com\/fr\/wp-json\/wp\/v2\/media?parent=1273"}],"wp:term":[{"taxonomy":"product_cat","embeddable":true,"href":"https:\/\/safetycide.com\/fr\/wp-json\/wp\/v2\/product_cat?post=1273"},{"taxonomy":"product_tag","embeddable":true,"href":"https:\/\/safetycide.com\/fr\/wp-json\/wp\/v2\/product_tag?post=1273"}],"curies":[{"name":"wp","href":"https:\/\/api.w.org\/{rel}","templated":true}]}}