{"id":1268,"date":"2018-02-14T09:52:35","date_gmt":"2018-02-14T07:52:35","guid":{"rendered":"https:\/\/elessi.nasatheme.com\/?post_type=product&#038;p=1268"},"modified":"2024-03-10T14:21:11","modified_gmt":"2024-03-10T12:21:11","slug":"%d9%81%d9%8a%d9%86%d8%a7-%d8%a8%d8%a7%d9%8a%d8%b1","status":"publish","type":"product","link":"https:\/\/safetycide.com\/fr\/product\/%d9%81%d9%8a%d9%86%d8%a7-%d8%a8%d8%a7%d9%8a%d8%b1\/","title":{"rendered":"Fenabyr"},"content":{"rendered":null,"protected":false},"excerpt":{"rendered":"<div class=\"elementor-element elementor-element-92d3736 elementor-widget elementor-widget-heading\" data-id=\"92d3736\" data-element_type=\"widget\" data-widget_type=\"heading.default\">\n<h3 class=\"elementor-widget-container\"><\/h3>\n<\/div>\n<div class=\"elementor-element elementor-element-e7e7baa elementor-widget elementor-widget-text-editor\" data-id=\"e7e7baa\" data-element_type=\"widget\" data-widget_type=\"text-editor.default\">\n<div class=\"elementor-widget-container\">\n<h3 style=\"text-align: right;\"><strong>la d\u00e9finition:<\/strong><br \/>\n<strong>Fina Bayer est disponible sous forme de concentr\u00e9 \u00e9mulsionnable et l'utilisation de solvants naturels rend l'efficacit\u00e9 du compos\u00e9 sup\u00e9rieure \u00e0 la perm\u00e9abilit\u00e9 \u00e0 travers la peau des chenilles, ainsi qu'\u00e0 la perm\u00e9abilit\u00e9 locale de l'\u00e9piderme des feuilles, ce qui facilite l'acc\u00e8s. de la substance active aux larves situ\u00e9es sous l'\u00e9piderme des feuilles, telles que (fabricants de tunnels - Tuta absoluta).<\/strong><br \/>\n<strong>Le Venapyr est un acaricide et un insecticide qui appartient \u00e0 un nouveau groupe chimique (pyrrole) d\u00e9couvert parmi les insecticides naturels.<\/strong><br \/>\n<strong>Vinapyr est un acaricide avec un effet tr\u00e8s efficace et durable contre divers acaricides, prot\u00e9geant ainsi les cultures pendant la saison de croissance avec moins de pulv\u00e9risations par rapport \u00e0 de nombreuses pulv\u00e9risations avec d'autres pesticides.<\/strong><br \/>\n<strong>\u00a0Venapyr est un acaricide dot\u00e9 d'une nouvelle formule distinctive et efficace contre les acaricides ayant acquis une immunit\u00e9 par rapport \u00e0 d'autres acaricides. Des tests ont montr\u00e9 qu'il n'existe aucune souche r\u00e9sistante au principe actif chlorf\u00e9napyr.<\/strong><\/h3>\n<h3 style=\"text-align: right;\"><strong>P\u00e9riode de pr\u00e9-r\u00e9colte, taux d'utilisation, ravageur des cultures<\/strong><br \/>\n<strong>3 jours 300 cm\/acre betterave mouche betterave sucri\u00e8re<\/strong><br \/>\n<strong>21 jours 75 cm\/100 litres d'eau Cochenilles des agrumes<\/strong><\/h3>\n<h3 style=\"text-align: right;\"><strong>Connexions mondiales\u00a0:<\/strong><br \/>\n<strong>Taux d'utilisation, l\u00e9sion des cultures<\/strong><br \/>\n<strong>250 cm\/100 litres de thrips de l'oignon<\/strong><br \/>\n<strong>50 cm\/100 litres d'eau de manne de pomme de terre<\/strong><br \/>\n<strong>50 cm\/100 litres d'eau de manne, tunneliers \u00e0 haricots<\/strong><br \/>\n<strong>100-125 cm\/100 litres d'eau : pucerons, aleurodes, thrips des cucurbitac\u00e9es<\/strong><br \/>\n<strong>100 cm \/ 100 litres d'eau Pucerons, aleurodes, cochenilles, cochenilles, plantes ornementales<\/strong><br \/>\n<strong>100 cm \/ 100 litres d'eau, manne, jassid, p\u00eache - abricot<\/strong><br \/>\n<strong>350 cm\/acre, inject\u00e9 avec irrigation goutte \u00e0 goutte pour les cochenilles de la vigne<\/strong><br \/>\n<strong>350 cm \/ 100 litres d'eau ou 500 cm \/ acre par injection avec irrigation goutte \u00e0 goutte Cr\u00e9ateurs de tunnels, cochenilles, cochenilles des agrumes<\/strong><br \/>\n<strong>20-30 cm\/palmier 100 cm\/100 litres d\u2019eau Charan\u00e7on rouge du palmier, cochenilles du palmier<\/strong><\/h3>\n<h3 style=\"text-align: right;\"><\/h3>\n<\/div>\n<\/div>","protected":false},"featured_media":1895,"comment_status":"open","ping_status":"closed","template":"","meta":[],"product_cat":[232],"product_tag":[138,166],"_links":{"self":[{"href":"https:\/\/safetycide.com\/fr\/wp-json\/wp\/v2\/product\/1268"}],"collection":[{"href":"https:\/\/safetycide.com\/fr\/wp-json\/wp\/v2\/product"}],"about":[{"href":"https:\/\/safetycide.com\/fr\/wp-json\/wp\/v2\/types\/product"}],"replies":[{"embeddable":true,"href":"https:\/\/safetycide.com\/fr\/wp-json\/wp\/v2\/comments?post=1268"}],"version-history":[{"count":4,"href":"https:\/\/safetycide.com\/fr\/wp-json\/wp\/v2\/product\/1268\/revisions"}],"predecessor-version":[{"id":3738,"href":"https:\/\/safetycide.com\/fr\/wp-json\/wp\/v2\/product\/1268\/revisions\/3738"}],"wp:featuredmedia":[{"embeddable":true,"href":"https:\/\/safetycide.com\/fr\/wp-json\/wp\/v2\/media\/1895"}],"wp:attachment":[{"href":"https:\/\/safetycide.com\/fr\/wp-json\/wp\/v2\/media?parent=1268"}],"wp:term":[{"taxonomy":"product_cat","embeddable":true,"href":"https:\/\/safetycide.com\/fr\/wp-json\/wp\/v2\/product_cat?post=1268"},{"taxonomy":"product_tag","embeddable":true,"href":"https:\/\/safetycide.com\/fr\/wp-json\/wp\/v2\/product_tag?post=1268"}],"curies":[{"name":"wp","href":"https:\/\/api.w.org\/{rel}","templated":true}]}}