{"id":1263,"date":"2018-02-14T09:49:25","date_gmt":"2018-02-14T07:49:25","guid":{"rendered":"https:\/\/elessi.nasatheme.com\/?post_type=product&#038;p=1263"},"modified":"2024-03-10T12:04:49","modified_gmt":"2024-03-10T10:04:49","slug":"%d8%a7%d9%86%d8%af%d9%83%d8%b3%d9%88%d8%b3%d8%a7%d9%8a%d8%af","status":"publish","type":"product","link":"https:\/\/safetycide.com\/fr\/product\/%d8%a7%d9%86%d8%af%d9%83%d8%b3%d9%88%d8%b3%d8%a7%d9%8a%d8%af\/","title":{"rendered":"Indexoside"},"content":{"rendered":null,"protected":false},"excerpt":{"rendered":"<div class=\"elementor-element elementor-element-8877684 elementor-widget elementor-widget-heading\" data-id=\"8877684\" data-element_type=\"widget\" data-widget_type=\"heading.default\">\n<h3 class=\"elementor-widget-container\"><\/h3>\n<\/div>\n<div class=\"elementor-element elementor-element-c10a4d6 elementor-widget elementor-widget-text-editor\" data-id=\"c10a4d6\" data-element_type=\"widget\" data-widget_type=\"text-editor.default\">\n<div class=\"elementor-widget-container\">\n<h3 style=\"text-align: right;\"><strong>Insecticide:<\/strong><\/h3>\n<h3 style=\"text-align: right;\"><strong>Ingr\u00e9dient actif : Andoxocarbe<\/strong><br \/>\n<strong>Groupe chimique, oxadiazine<\/strong><br \/>\n<strong>D\u00e9finition\u00a0:\u00a0Un insecticide qui est un type d'insecte nuisible. Il est utilis\u00e9 sur de nombreuses grandes cultures, l\u00e9gumes et fruits, et convient aux programmes de lutte int\u00e9gr\u00e9e. L'indexoside est disponible sous forme de concentr\u00e9 \u00e9mulsionnable et l'utilisation de solvants naturels rend l'efficacit\u00e9 du compos\u00e9 sup\u00e9rieure \u00e0 la perm\u00e9abilit\u00e9 \u00e0 travers la peau des larves, ainsi qu'\u00e0 la perm\u00e9abilit\u00e9 locale de l'\u00e9piderme des feuilles, ce qui facilite l'acc\u00e8s de l'actif. substance aux larves situ\u00e9es sous l'\u00e9piderme de la feuille, comme (fabricants de tunnels - Tuta absoluta).<\/strong><br \/>\n<strong>Mode d'action : L'indexoside agit par contact, est contagieux et a un effet rapide\u00a0<\/strong><br \/>\n<strong>\u00a0L'indexoside est tr\u00e8s efficace \u00e0 tous les stades larvaires<\/strong><br \/>\n<strong>Il est tr\u00e8s efficace sur les vers nouvellement \u00e9clos et affecte \u00e9galement un bon pourcentage d\u2019\u0153ufs.<\/strong><\/h3>\n<h3 style=\"text-align: right;\"><strong>L'indexoside ferme les canaux sodiques \u00e0 l'int\u00e9rieur des nerfs, de sorte que la larve cesse de se nourrir et de bouger, devient paralys\u00e9e apr\u00e8s 4 heures et meurt en une journ\u00e9e, 2 jours \/ 4 jours.<\/strong><br \/>\n<strong>\u00a0L'indexoside appartient \u00e0 un groupe moderne de produits chimiques qui ont un grand effet et une grande efficacit\u00e9 sur les insectes (en particulier les vers l\u00e9pidopt\u00e8res) qui ont acquis une immunit\u00e9 contre d'autres compos\u00e9s carbamates, phosphores et pyr\u00e9thro\u00efdes, ainsi que contre les inhibiteurs de mue.<\/strong><br \/>\n<strong>P\u00e9riode de pr\u00e9-r\u00e9colte, taux d'utilisation, ravageur des cultures<\/strong><br \/>\n<strong>3 jours 105 cm\/acre cycle de feuilles de coton de betterave sucri\u00e8re<\/strong><\/h3>\n<h3 style=\"text-align: right;\"><strong>Recommandations globales:<\/strong><br \/>\n<strong>Taux d'utilisation, l\u00e9sion des cultures<\/strong><br \/>\n<strong>3 jours, 25 cm\/100 litres d'eau, cycle du raisin, raisins<\/strong><br \/>\n<strong>3 jours 25 cm \/ 100 litres d'eau Tubercules de pomme de terre papillon Pommes de terre<\/strong><br \/>\n<strong>3 jours, 26,3 cm\/100 litres d'eau, vers de fruits, cycle l\u00e9gumes, cycle papier coton, tomates et poivrons<\/strong><br \/>\n<strong>6 jours 26,3 cm\/100 litres d'eau Cycle du ma\u00efs europ\u00e9en Ma\u00efs<\/strong><br \/>\n<strong>6 jours 105 cm\/acre vers des feuilles du coton<\/strong><\/h3>\n<\/div>\n<\/div>","protected":false},"featured_media":1890,"comment_status":"open","ping_status":"closed","template":"","meta":[],"product_cat":[232],"product_tag":[106,138,166],"_links":{"self":[{"href":"https:\/\/safetycide.com\/fr\/wp-json\/wp\/v2\/product\/1263"}],"collection":[{"href":"https:\/\/safetycide.com\/fr\/wp-json\/wp\/v2\/product"}],"about":[{"href":"https:\/\/safetycide.com\/fr\/wp-json\/wp\/v2\/types\/product"}],"replies":[{"embeddable":true,"href":"https:\/\/safetycide.com\/fr\/wp-json\/wp\/v2\/comments?post=1263"}],"version-history":[{"count":5,"href":"https:\/\/safetycide.com\/fr\/wp-json\/wp\/v2\/product\/1263\/revisions"}],"predecessor-version":[{"id":5059,"href":"https:\/\/safetycide.com\/fr\/wp-json\/wp\/v2\/product\/1263\/revisions\/5059"}],"wp:featuredmedia":[{"embeddable":true,"href":"https:\/\/safetycide.com\/fr\/wp-json\/wp\/v2\/media\/1890"}],"wp:attachment":[{"href":"https:\/\/safetycide.com\/fr\/wp-json\/wp\/v2\/media?parent=1263"}],"wp:term":[{"taxonomy":"product_cat","embeddable":true,"href":"https:\/\/safetycide.com\/fr\/wp-json\/wp\/v2\/product_cat?post=1263"},{"taxonomy":"product_tag","embeddable":true,"href":"https:\/\/safetycide.com\/fr\/wp-json\/wp\/v2\/product_tag?post=1263"}],"curies":[{"name":"wp","href":"https:\/\/api.w.org\/{rel}","templated":true}]}}