{"id":1258,"date":"2018-02-14T09:47:00","date_gmt":"2018-02-14T07:47:00","guid":{"rendered":"https:\/\/elessi.nasatheme.com\/?post_type=product&#038;p=1258"},"modified":"2025-04-12T17:48:21","modified_gmt":"2025-04-12T15:48:21","slug":"%da%a9%d9%84%d9%88%d8%b1%d9%88%d8%b3%d8%aa%d8%a7%d9%86","status":"publish","type":"product","link":"https:\/\/safetycide.com\/fr\/product\/%da%a9%d9%84%d9%88%d8%b1%d9%88%d8%b3%d8%aa%d8%a7%d9%86\/","title":{"rendered":"Chloristan"},"content":{"rendered":null,"protected":false},"excerpt":{"rendered":"<div class=\"elementor-element elementor-element-1b0866b elementor-widget elementor-widget-heading\" data-id=\"1b0866b\" data-element_type=\"widget\" data-widget_type=\"heading.default\">\n<h3 class=\"elementor-widget-container\"><\/h3>\n<\/div>\n<div class=\"elementor-element elementor-element-4864617 elementor-widget elementor-widget-text-editor\" data-id=\"4864617\" data-element_type=\"widget\" data-widget_type=\"text-editor.default\">\n<div class=\"elementor-widget-container\">\n<h3 style=\"text-align: right;\"><strong>Ingr\u00e9dient actif : chloropyrifos : 48<\/strong><br \/>\n<strong>Groupe chimique et phosphore organique<\/strong><br \/>\n<strong>la d\u00e9finition:<\/strong><br \/>\n<strong>. Le chlorestan est disponible sous forme de pr\u00e9paration \u00e9mulsionnable<\/strong><br \/>\n<strong>L'utilisation de solvants naturels rend le compos\u00e9 plus efficace en termes de perm\u00e9abilit\u00e9 \u00e0 travers la peau des larves, ainsi que de perm\u00e9abilit\u00e9 locale \u00e0 l'\u00e9piderme des feuilles, ce qui facilite l'acc\u00e8s de la substance active aux larves situ\u00e9es sous l'\u00e9piderme de la feuille, tels que (fabricants de tunnels - Tuta absoluta).<\/strong><br \/>\n<strong>M\u00e9thode d'impact<\/strong><br \/>\n<strong>\u00a0Le chlorestan est bien touch\u00e9 et contagieux<\/strong><br \/>\n<strong>Le chlorestan provoque une paralysie rapide des insectes nuisibles trait\u00e9s, ils arr\u00eatent de se nourrir et finissent par mourir.<\/strong><\/h3>\n<\/div>\n<\/div>","protected":false},"featured_media":1885,"comment_status":"open","ping_status":"closed","template":"","meta":[],"product_cat":[232],"product_tag":[146,166],"_links":{"self":[{"href":"https:\/\/safetycide.com\/fr\/wp-json\/wp\/v2\/product\/1258"}],"collection":[{"href":"https:\/\/safetycide.com\/fr\/wp-json\/wp\/v2\/product"}],"about":[{"href":"https:\/\/safetycide.com\/fr\/wp-json\/wp\/v2\/types\/product"}],"replies":[{"embeddable":true,"href":"https:\/\/safetycide.com\/fr\/wp-json\/wp\/v2\/comments?post=1258"}],"version-history":[{"count":2,"href":"https:\/\/safetycide.com\/fr\/wp-json\/wp\/v2\/product\/1258\/revisions"}],"predecessor-version":[{"id":5075,"href":"https:\/\/safetycide.com\/fr\/wp-json\/wp\/v2\/product\/1258\/revisions\/5075"}],"wp:featuredmedia":[{"embeddable":true,"href":"https:\/\/safetycide.com\/fr\/wp-json\/wp\/v2\/media\/1885"}],"wp:attachment":[{"href":"https:\/\/safetycide.com\/fr\/wp-json\/wp\/v2\/media?parent=1258"}],"wp:term":[{"taxonomy":"product_cat","embeddable":true,"href":"https:\/\/safetycide.com\/fr\/wp-json\/wp\/v2\/product_cat?post=1258"},{"taxonomy":"product_tag","embeddable":true,"href":"https:\/\/safetycide.com\/fr\/wp-json\/wp\/v2\/product_tag?post=1258"}],"curies":[{"name":"wp","href":"https:\/\/api.w.org\/{rel}","templated":true}]}}