{"id":1253,"date":"2018-02-14T09:44:34","date_gmt":"2018-02-14T07:44:34","guid":{"rendered":"https:\/\/elessi.nasatheme.com\/?post_type=product&#038;p=1253"},"modified":"2024-11-26T18:08:09","modified_gmt":"2024-11-26T16:08:09","slug":"%d9%81%d9%8a%d8%b1%d8%a7","status":"publish","type":"product","link":"https:\/\/safetycide.com\/fr\/product\/%d9%81%d9%8a%d8%b1%d8%a7\/","title":{"rendered":"Vira"},"content":{"rendered":null,"protected":false},"excerpt":{"rendered":"<h3><\/h3>\n<h3 style=\"text-align: right;\"><strong>Installation:<\/strong><br \/>\n<strong>Azote:12%\u00a0<\/strong><\/h3>\n<h3 style=\"text-align: right;\"><strong>Phosphore : 12%<\/strong><\/h3>\n<h3 style=\"text-align: right;\"><strong>potassium:12%<\/strong><br \/>\n<strong>Avantages compos\u00e9s\u00a0<\/strong><br \/>\n<strong>L'engrais Vera se caract\u00e9rise par le fait qu'il contient des proportions \u00e9quilibr\u00e9es des \u00e9l\u00e9ments majeurs : azote - phosphore - potassium sous forme de grain facile \u00e0 absorber. Il est \u00e9galement charg\u00e9 d'un pourcentage \u00e9lev\u00e9 d'acides amin\u00e9s, de monosaccharides et d'acides carboxyliques, qui augmentent et facilitent l'absorption des \u00e9l\u00e9ments majeurs et mineurs \u00e0 travers les feuilles. Vera excelle<\/strong><br \/>\n<strong>A- Avec un pourcentage \u00e9lev\u00e9 d'azote, ce qui facilite l'absorption foliaire et aide \u00e0 la formation d'un syst\u00e8me v\u00e9g\u00e9tatif fort.\u00a0<\/strong><br \/>\n<strong>2- La pr\u00e9sence d'un pourcentage \u00e9lev\u00e9 de phosphore, qui joue un r\u00f4le important dans le processus de floraison et contribue \u00e9galement \u00e0 r\u00e9chauffer la plante<\/strong><br \/>\n<strong>3- Le potassium, qui facilite l'absorption foliaire, joue un r\u00f4le important et majeur dans le transport des nutriments vers et depuis la cellule. Il aide \u00e9galement \u00e0 l'absorption de l'eau, ce qui augmente la taille des fruits et la vitesse de leur maturation. Stress face \u00e0 l'actualit\u00e9<\/strong><br \/>\n<strong>L'engrais Vera contient des acides amin\u00e9s qui aident la plante \u00e0 former une concentration \u00e9lev\u00e9e d'hormones et d'enzymes et \u00e0 r\u00e9duire l'effet de...<\/strong><\/h3>\n<h3 style=\"text-align: right;\"><strong>Tarifs d'utilisation<\/strong><br \/>\n<strong>P\u00e9riodes d'utilisation\u00a0: Irrigation goutte \u00e0 goutte, pulv\u00e9risation foliaire pour 100 litres d'eau de culture<\/strong><br \/>\n<strong>3 \u00e0 5 fois 1 litre\/acre de l\u00e9gumes de 50 \u00e0 150 cm<\/strong><br \/>\n<strong>4 \u00e0 6 fois 1 \u00e0 2 litres\/acre 50 \u00e0 200 cm de fruit<\/strong><\/h3>","protected":false},"featured_media":1880,"comment_status":"open","ping_status":"closed","template":"","meta":[],"product_cat":[183],"product_tag":[111,127,166],"_links":{"self":[{"href":"https:\/\/safetycide.com\/fr\/wp-json\/wp\/v2\/product\/1253"}],"collection":[{"href":"https:\/\/safetycide.com\/fr\/wp-json\/wp\/v2\/product"}],"about":[{"href":"https:\/\/safetycide.com\/fr\/wp-json\/wp\/v2\/types\/product"}],"replies":[{"embeddable":true,"href":"https:\/\/safetycide.com\/fr\/wp-json\/wp\/v2\/comments?post=1253"}],"version-history":[{"count":2,"href":"https:\/\/safetycide.com\/fr\/wp-json\/wp\/v2\/product\/1253\/revisions"}],"predecessor-version":[{"id":5070,"href":"https:\/\/safetycide.com\/fr\/wp-json\/wp\/v2\/product\/1253\/revisions\/5070"}],"wp:featuredmedia":[{"embeddable":true,"href":"https:\/\/safetycide.com\/fr\/wp-json\/wp\/v2\/media\/1880"}],"wp:attachment":[{"href":"https:\/\/safetycide.com\/fr\/wp-json\/wp\/v2\/media?parent=1253"}],"wp:term":[{"taxonomy":"product_cat","embeddable":true,"href":"https:\/\/safetycide.com\/fr\/wp-json\/wp\/v2\/product_cat?post=1253"},{"taxonomy":"product_tag","embeddable":true,"href":"https:\/\/safetycide.com\/fr\/wp-json\/wp\/v2\/product_tag?post=1253"}],"curies":[{"name":"wp","href":"https:\/\/api.w.org\/{rel}","templated":true}]}}