{"id":1248,"date":"2018-02-14T09:41:10","date_gmt":"2018-02-14T07:41:10","guid":{"rendered":"https:\/\/elessi.nasatheme.com\/?post_type=product&#038;p=1248"},"modified":"2024-07-02T12:26:27","modified_gmt":"2024-07-02T10:26:27","slug":"%d8%b3%d9%8a%d9%81%d8%aa%d9%8a-%d9%81%d9%88%d8%b3","status":"publish","type":"product","link":"https:\/\/safetycide.com\/fr\/product\/%d8%b3%d9%8a%d9%81%d8%aa%d9%8a-%d9%81%d9%88%d8%b3\/","title":{"rendered":"Photo de s\u00e9curit\u00e9"},"content":{"rendered":null,"protected":false},"excerpt":{"rendered":"<h3 style=\"text-align: right;\"><strong>Azote\u00a0: 10\u00a0%<\/strong><br \/>\n<strong>\u00a0Phosphore : 30%<\/strong><br \/>\n<strong>\u00a0 Potassium : 5%<\/strong><br \/>\n<strong>Avantages compos\u00e9s<\/strong><br \/>\n<strong>L'engrais Safety Foss se caract\u00e9rise par sa teneur en azote (phosphate d'ur\u00e9e), en phosphore et en potassium (nitrate de potassium) sous forme pure avec un retard d'absorption. Il est \u00e9galement charg\u00e9 d'un pourcentage \u00e9lev\u00e9 d'acides amin\u00e9s, de monosaccharides et d'acides carboxyliques qui facilitent et facilitent l'absorption des \u00e9l\u00e9ments majeurs et mineurs \u00e0 travers les feuilles.<\/strong><br \/>\n<strong>Safety Arc se caract\u00e9rise par la pr\u00e9sence d'un pourcentage \u00e9lev\u00e9 de phosphore, ce qui facilite l'absorption. Le phosphore est inclus dans la formation de mat\u00e9riaux qui travaillent l'\u00e9nergie. Il agit \u00e9galement pour stimuler les racines. Le phosphore est \u00e9galement important pour la formation des fleurs et l'augmentation des fruits. Il aide \u00e9galement \u00e0 colorer et \u00e0 faire m\u00fbrir les fruits.<\/strong><br \/>\n<strong>Safetyfos contient des acides amin\u00e9s qui aident la plante \u00e0 former une concentration \u00e9lev\u00e9e d'hormones et d'enzymes et \u00e0 r\u00e9duire l'effet du stress sur la plante. L'engrais Safety Foss contient des niveaux \u00e9lev\u00e9s de micro\u00e9l\u00e9ments qui aident \u00e0 traiter les carences en \u00e9l\u00e9ments des plantes. Le zinc et le magn\u00e9sium ont \u00e9galement un r\u00f4le enzymatique important qui augmente l'immunit\u00e9 des plantes.<\/strong><\/h3>\n<h3 style=\"text-align: right;\"><strong>Tarifs d'utilisation<\/strong><br \/>\n<strong>P\u00e9riodes d'utilisation\u00a0: Irrigation goutte \u00e0 goutte, pulv\u00e9risation foliaire pour 100 litres d'eau de culture<\/strong><br \/>\n<strong>3 \u00e0 5 fois 1 litre\/acre de l\u00e9gumes de 50 \u00e0 150 cm<\/strong><br \/>\n<strong>4 \u00e0 6 fois 1 \u00e0 2 litres\/acre 50 \u00e0 200 cm de fruit<\/strong><\/h3>","protected":false},"featured_media":1851,"comment_status":"open","ping_status":"closed","template":"","meta":[],"product_cat":[183],"product_tag":[108,111,166],"_links":{"self":[{"href":"https:\/\/safetycide.com\/fr\/wp-json\/wp\/v2\/product\/1248"}],"collection":[{"href":"https:\/\/safetycide.com\/fr\/wp-json\/wp\/v2\/product"}],"about":[{"href":"https:\/\/safetycide.com\/fr\/wp-json\/wp\/v2\/types\/product"}],"replies":[{"embeddable":true,"href":"https:\/\/safetycide.com\/fr\/wp-json\/wp\/v2\/comments?post=1248"}],"version-history":[{"count":2,"href":"https:\/\/safetycide.com\/fr\/wp-json\/wp\/v2\/product\/1248\/revisions"}],"predecessor-version":[{"id":5063,"href":"https:\/\/safetycide.com\/fr\/wp-json\/wp\/v2\/product\/1248\/revisions\/5063"}],"wp:featuredmedia":[{"embeddable":true,"href":"https:\/\/safetycide.com\/fr\/wp-json\/wp\/v2\/media\/1851"}],"wp:attachment":[{"href":"https:\/\/safetycide.com\/fr\/wp-json\/wp\/v2\/media?parent=1248"}],"wp:term":[{"taxonomy":"product_cat","embeddable":true,"href":"https:\/\/safetycide.com\/fr\/wp-json\/wp\/v2\/product_cat?post=1248"},{"taxonomy":"product_tag","embeddable":true,"href":"https:\/\/safetycide.com\/fr\/wp-json\/wp\/v2\/product_tag?post=1248"}],"curies":[{"name":"wp","href":"https:\/\/api.w.org\/{rel}","templated":true}]}}