{"id":1237,"date":"2017-12-01T09:34:36","date_gmt":"2017-12-01T07:34:36","guid":{"rendered":"https:\/\/elessi.nasatheme.com\/?post_type=product&#038;p=1237"},"modified":"2024-11-20T13:54:13","modified_gmt":"2024-11-20T11:54:13","slug":"%d9%81%d9%88%d8%b3%d9%81%d9%88-%d9%87%d9%8a%d9%88%d9%85%d9%8a%d9%83","status":"publish","type":"product","link":"https:\/\/safetycide.com\/fr\/product\/%d9%81%d9%88%d8%b3%d9%81%d9%88-%d9%87%d9%8a%d9%88%d9%85%d9%8a%d9%83\/","title":{"rendered":"Phosphohumique"},"content":{"rendered":"<div class=\"elementor-element elementor-element-33d5684 elementor-widget elementor-widget-heading\" data-id=\"33d5684\" data-element_type=\"widget\" data-widget_type=\"heading.default\">\n<div class=\"elementor-widget-container\">\n<h3 class=\"elementor-heading-title elementor-size-default\" style=\"text-align: right;\">Phosphohumique<\/h3>\n<\/div>\n<\/div>\n<div class=\"elementor-element elementor-element-7dc6cb8 elementor-widget elementor-widget-text-editor\" data-id=\"7dc6cb8\" data-element_type=\"widget\" data-widget_type=\"text-editor.default\">\n<div class=\"elementor-widget-container\">\n<p style=\"text-align: right;\">Installation<br \/>\nPhosphore : 50%<br \/>\nHumic: 50%<br \/>\nAvantages du compos\u00e9 :<br \/>\nFunsoHumic est un engrais qui contient du phosphore sous deux formes : Porea Novsoric, la premi\u00e8re est du phosphate pour nourrir et stimuler les racines et la seconde est pour prot\u00e9ger contre les organes racinaires. Le compos\u00e9 contient \u00e9galement un pourcentage \u00e9lev\u00e9 d'humique pour stimuler les racines.<br \/>\nLe phosphohumique est un engrais riche en potassium. C'est une source de phosphate de potassium et d'humate de potassium. Par cons\u00e9quent, le phosphohumique aide au d\u00e9veloppement d'une plante forte.<br \/>\nDoses d'utilisation : kg de randan apr\u00e8s repiquage.<\/p>\n<\/div>\n<\/div>","protected":false},"excerpt":{"rendered":"<div class=\"elementor-element elementor-element-7dc6cb8 elementor-widget elementor-widget-text-editor\" data-id=\"7dc6cb8\" data-element_type=\"widget\" data-widget_type=\"text-editor.default\">\n<div class=\"elementor-widget-container\">\n<p>Avantages compos\u00e9s<br \/>\nFunsoHumic est un engrais qui contient du phosphore sous deux formes : Porea Novsoric, la premi\u00e8re est du phosphate pour nourrir et stimuler les racines et la seconde est pour prot\u00e9ger contre les organes racinaires. Le compos\u00e9 contient \u00e9galement un pourcentage \u00e9lev\u00e9 d'humique pour stimuler les racines.<br \/>\nLe phosphohumique est un engrais riche en potassium. C'est une source de phosphate de potassium et d'humate de potassium. Par cons\u00e9quent, le phosphohumique aide au d\u00e9veloppement d'une plante forte.<br \/>\nDoses d'utilisation : kg de randan apr\u00e8s repiquage.<\/p>\n<\/div>\n<\/div>","protected":false},"featured_media":1751,"comment_status":"open","ping_status":"closed","template":"","meta":[],"product_cat":[183],"product_tag":[108,128,166],"_links":{"self":[{"href":"https:\/\/safetycide.com\/fr\/wp-json\/wp\/v2\/product\/1237"}],"collection":[{"href":"https:\/\/safetycide.com\/fr\/wp-json\/wp\/v2\/product"}],"about":[{"href":"https:\/\/safetycide.com\/fr\/wp-json\/wp\/v2\/types\/product"}],"replies":[{"embeddable":true,"href":"https:\/\/safetycide.com\/fr\/wp-json\/wp\/v2\/comments?post=1237"}],"version-history":[{"count":1,"href":"https:\/\/safetycide.com\/fr\/wp-json\/wp\/v2\/product\/1237\/revisions"}],"predecessor-version":[{"id":3750,"href":"https:\/\/safetycide.com\/fr\/wp-json\/wp\/v2\/product\/1237\/revisions\/3750"}],"wp:featuredmedia":[{"embeddable":true,"href":"https:\/\/safetycide.com\/fr\/wp-json\/wp\/v2\/media\/1751"}],"wp:attachment":[{"href":"https:\/\/safetycide.com\/fr\/wp-json\/wp\/v2\/media?parent=1237"}],"wp:term":[{"taxonomy":"product_cat","embeddable":true,"href":"https:\/\/safetycide.com\/fr\/wp-json\/wp\/v2\/product_cat?post=1237"},{"taxonomy":"product_tag","embeddable":true,"href":"https:\/\/safetycide.com\/fr\/wp-json\/wp\/v2\/product_tag?post=1237"}],"curies":[{"name":"wp","href":"https:\/\/api.w.org\/{rel}","templated":true}]}}