{"id":1116,"date":"2018-02-13T16:05:55","date_gmt":"2018-02-13T14:05:55","guid":{"rendered":"https:\/\/elessi.nasatheme.com\/?post_type=product&#038;p=1116"},"modified":"2025-12-12T09:25:00","modified_gmt":"2025-12-12T07:25:00","slug":"%d8%a7%d9%86%d8%aa%d9%8a","status":"publish","type":"product","link":"https:\/\/safetycide.com\/fr\/product\/%d8%a7%d9%86%d8%aa%d9%8a\/","title":{"rendered":"Anti"},"content":{"rendered":null,"protected":false},"excerpt":{"rendered":"<p style=\"text-align: right;\"><strong>Installation:<\/strong><\/p>\n<p style=\"text-align: right;\"><strong>26,1% : phosphore\u00a0<\/strong><\/p>\n<p style=\"text-align: right;\"><strong>22,7% : potassium<\/strong><\/p>\n<p style=\"text-align: right;\"><strong>Fonctionnalit\u00e9s compos\u00e9es<\/strong><\/p>\n<p style=\"text-align: right;\"><strong>Le samadanti est rapidement absorb\u00e9 car les \u00e9l\u00e9ments transportent des acides amin\u00e9s, des acides carboxyliques et des monosaccharides. Le compos\u00e9 se caract\u00e9rise par la pr\u00e9sence de phosphore sous deux formes\u00a0: le phosphate comme nutrition et le phosphate comme pr\u00e9vention et traitement de\u00a0: Maladies fongiques telles que : Le mildiou et les cochenilles dans les oignons Concombre Cantaloup Raisins<\/strong><\/p>\n<p style=\"text-align: right;\"><strong>\u00a03- Maladies du champignon de Fitunshra telles que\u00a0: mildiou des pommes de terre et des tomates<\/strong><\/p>\n<p style=\"text-align: right;\"><strong>\u00a02- Maladies des champignons pythium et fusarium sur\u00a0: semis de l\u00e9gumes et de fruits (pourriture des racines).<\/strong><\/p>\n<p style=\"text-align: right;\"><strong>Il contient \u00e9galement du potassium et aussi du zinc et du magn\u00e9sium, de sorte que le compos\u00e9 Ante joue un r\u00f4le majeur dans la plante, en particulier dans l\u2019augmentation de l\u2019immunit\u00e9 des plantes, et travaille \u00e9galement l\u2019engrais Ante pour augmenter l\u2019efficacit\u00e9 du processus de floraison, des n\u0153uds, de la croissance et du d\u00e9veloppement des fruits dans diff\u00e9rentes cultures, ce qui augmente la taille de la r\u00e9colte et la qualit\u00e9 en termes de couleur, de forme et de go\u00fbt<\/strong><\/p>\n<h2 style=\"text-align: right;\"><strong>Posologie et fr\u00e9quence d'utilisation\u00a0<\/strong><\/h2>\n<p style=\"text-align: right;\"><strong>\u00a0Fertilisation (pourriture des racines) imm\u00e9diatement apr\u00e8s le semis et 500 cm \/ acre<\/strong><\/p>\n<p style=\"text-align: right;\"><strong>. Fertilisation ( Niol Fusarium ) : litre \/ acre .\u00a0<\/strong><\/p>\n<p style=\"text-align: right;\"><strong>\u00a0Pulv\u00e9risation (infection fongique comme le mildiou, la cochenille et la polline) : 500 cm \/ 200 litres d\u2019eau<\/strong><\/p>","protected":false},"featured_media":1836,"comment_status":"open","ping_status":"closed","template":"","meta":[],"product_cat":[183],"product_tag":[111,138],"_links":{"self":[{"href":"https:\/\/safetycide.com\/fr\/wp-json\/wp\/v2\/product\/1116"}],"collection":[{"href":"https:\/\/safetycide.com\/fr\/wp-json\/wp\/v2\/product"}],"about":[{"href":"https:\/\/safetycide.com\/fr\/wp-json\/wp\/v2\/types\/product"}],"replies":[{"embeddable":true,"href":"https:\/\/safetycide.com\/fr\/wp-json\/wp\/v2\/comments?post=1116"}],"version-history":[{"count":3,"href":"https:\/\/safetycide.com\/fr\/wp-json\/wp\/v2\/product\/1116\/revisions"}],"predecessor-version":[{"id":5019,"href":"https:\/\/safetycide.com\/fr\/wp-json\/wp\/v2\/product\/1116\/revisions\/5019"}],"wp:featuredmedia":[{"embeddable":true,"href":"https:\/\/safetycide.com\/fr\/wp-json\/wp\/v2\/media\/1836"}],"wp:attachment":[{"href":"https:\/\/safetycide.com\/fr\/wp-json\/wp\/v2\/media?parent=1116"}],"wp:term":[{"taxonomy":"product_cat","embeddable":true,"href":"https:\/\/safetycide.com\/fr\/wp-json\/wp\/v2\/product_cat?post=1116"},{"taxonomy":"product_tag","embeddable":true,"href":"https:\/\/safetycide.com\/fr\/wp-json\/wp\/v2\/product_tag?post=1116"}],"curies":[{"name":"wp","href":"https:\/\/api.w.org\/{rel}","templated":true}]}}